{"id":29167,"date":"2025-09-09T13:19:59","date_gmt":"2025-09-09T11:19:59","guid":{"rendered":"https:\/\/evowatt.ch\/produit\/easee-equalizer-p1-bundle-sans-transformateur-de-courant\/"},"modified":"2026-03-02T10:41:39","modified_gmt":"2026-03-02T09:41:39","slug":"easee-equalizer-p1-bundle-sans-transformateur-de-courant","status":"publish","type":"product","link":"https:\/\/evowatt.ch\/de\/produit\/easee-equalizer-p1-bundle-sans-transformateur-de-courant\/","title":{"rendered":"Easee Equalizer P1 Bundle sans transformateur de courant"},"content":{"rendered":"<p>Gestion de la charge et accessoires pour grandes et petites infrastructures sans transformateur<\/p>\n<p>Le kit Equalizer P1 contient tous les composants n\u00e9cessaires pour l&#8217;\u00e9quilibrage dynamique de la charge Easee.<\/p>\n<p>Contenu de la livraison:<br \/>\n1 x Easee Equalizer P1<br \/>\n1 x Bloc d\u2019alimentation 24VDC 0,63A<br \/>\n1 x Adaptateur DIN RJ12\u2013Bornes<br \/>\n2 x C\u00e2ble patch RJ45\u2013RJ12 1m<br \/>\n1 x Compteur d\u2019\u00e9nergie CVM-E3-MINI<br \/>\n1 x Kit de bornes de s\u00e9paration pour les TI<br \/>\n1 x Sch\u00e9ma d\u2019installation<br \/>\n1 x Review Configuration Equalizer<br \/>\nmoins<br \/>\nrnes de s\u00e9paration pour les TI<br \/>\n1 x Sch\u00e9ma d\u2019installation<br \/>\n1 x Review Configuration Equalizer<\/p>\n<p>La v\u00e9rification de la configuration de l&#8217;\u00e9galiseur (r\u00e9vision) est comprise dans le prix et est effectu\u00e9e par simplee AG apr\u00e8s une installation r\u00e9ussie. La r\u00e9vision est obligatoire et doit \u00eatre enregistr\u00e9e au plus tard deux jours avant la date d&#8217;installation via le lien suivant : <\/p>\n<p>https:\/\/www.simplee-energy.ch\/fr_CH\/formular-anmeldung-equalizer-inbetriebnahme<\/p>\n","protected":false},"excerpt":{"rendered":"<p>\u2714 Cat\u00e9gorie : Gestion des charges<br \/>\n\u2714 Longueur : 284 mm<br \/>\n\u2714 Largeur : 137 mm<br \/>\n\u2714 \u00e9paisseur : 184 mm<br \/>\n\u2714 poids : 1.700 kg<\/p>\n","protected":false},"featured_media":29161,"template":"","meta":{"_acf_changed":false},"product_brand":[668],"product_cat":[151],"product_tag":[],"class_list":{"0":"post-29167","1":"product","2":"type-product","3":"status-publish","4":"has-post-thumbnail","6":"product_brand-easee","7":"product_cat-e-mobilite","10":"first","11":"instock","12":"virtual","13":"taxable","14":"product-type-simple"},"acf":[],"_links":{"self":[{"href":"https:\/\/evowatt.ch\/de\/wp-json\/wp\/v2\/product\/29167","targetHints":{"allow":["GET"]}}],"collection":[{"href":"https:\/\/evowatt.ch\/de\/wp-json\/wp\/v2\/product"}],"about":[{"href":"https:\/\/evowatt.ch\/de\/wp-json\/wp\/v2\/types\/product"}],"version-history":[{"count":0,"href":"https:\/\/evowatt.ch\/de\/wp-json\/wp\/v2\/product\/29167\/revisions"}],"wp:featuredmedia":[{"embeddable":true,"href":"https:\/\/evowatt.ch\/de\/wp-json\/wp\/v2\/media\/29161"}],"wp:attachment":[{"href":"https:\/\/evowatt.ch\/de\/wp-json\/wp\/v2\/media?parent=29167"}],"wp:term":[{"taxonomy":"product_brand","embeddable":true,"href":"https:\/\/evowatt.ch\/de\/wp-json\/wp\/v2\/product_brand?post=29167"},{"taxonomy":"product_cat","embeddable":true,"href":"https:\/\/evowatt.ch\/de\/wp-json\/wp\/v2\/product_cat?post=29167"},{"taxonomy":"product_tag","embeddable":true,"href":"https:\/\/evowatt.ch\/de\/wp-json\/wp\/v2\/product_tag?post=29167"}],"curies":[{"name":"wp","href":"https:\/\/api.w.org\/{rel}","templated":true}]}}