{"id":28096,"date":"2025-07-15T15:44:12","date_gmt":"2025-07-15T13:44:12","guid":{"rendered":"https:\/\/evowatt.ch\/produit\/fronius-symo-gen24-4-0\/"},"modified":"2025-07-15T15:44:12","modified_gmt":"2025-07-15T13:44:12","slug":"fronius-symo-gen24-4-0","status":"publish","type":"product","link":"https:\/\/evowatt.ch\/de\/produkt\/fronius-symo-gen24-4-0\/","title":{"rendered":"Fronius Symo GEN24 4.0"},"content":{"rendered":"<p>String-Wechselrichter in den Leistungsklassen 3.0 bis 5.0 kW. Der Fronius Symo Gen24 kann jederzeit mit Hilfe des Fronius UP.storage im Fronius Webshop, der \u00fcber Fronius Solar.web zug\u00e4nglich ist, auf den Fronius Symo GEN24 Plus aufger\u00fcstet werden. Auf diese Weise kann der Fronius Symo Gen24 je nach Bedarf zu einem Hybrid-Wechselrichter mit Batteriebetrieb umgewandelt werden. Der PV Point, u   <\/p>\n","protected":false},"excerpt":{"rendered":"<p>\u2714 Kategorie: Hybrid-Wechselrichter<br \/>\n\u2714 AC-Leistung: 4.00 kVA<br \/>\n\u2714 Stromversorgung: Dreiphasig, 400V<br \/>\n\u2714 MPPT: 2<br \/>\n\u2714 Eingang \u00fcber MPPT: 2\/1<br \/>\n\u2714 DC-\u00dcberspannungsableiter: SPD1+2 optional<\/p>\n","protected":false},"featured_media":28090,"template":"","meta":{"_acf_changed":false},"product_brand":[666],"product_cat":[328],"product_tag":[],"class_list":{"0":"post-28096","1":"product","2":"type-product","3":"status-publish","4":"has-post-thumbnail","6":"product_brand-fronius-de-2","7":"product_cat-wechselrichter","10":"first","11":"instock","12":"downloadable","13":"virtual","14":"taxable","15":"product-type-simple"},"acf":[],"_links":{"self":[{"href":"https:\/\/evowatt.ch\/de\/wp-json\/wp\/v2\/product\/28096","targetHints":{"allow":["GET"]}}],"collection":[{"href":"https:\/\/evowatt.ch\/de\/wp-json\/wp\/v2\/product"}],"about":[{"href":"https:\/\/evowatt.ch\/de\/wp-json\/wp\/v2\/types\/product"}],"version-history":[{"count":0,"href":"https:\/\/evowatt.ch\/de\/wp-json\/wp\/v2\/product\/28096\/revisions"}],"wp:featuredmedia":[{"embeddable":true,"href":"https:\/\/evowatt.ch\/de\/wp-json\/wp\/v2\/media\/28090"}],"wp:attachment":[{"href":"https:\/\/evowatt.ch\/de\/wp-json\/wp\/v2\/media?parent=28096"}],"wp:term":[{"taxonomy":"product_brand","embeddable":true,"href":"https:\/\/evowatt.ch\/de\/wp-json\/wp\/v2\/product_brand?post=28096"},{"taxonomy":"product_cat","embeddable":true,"href":"https:\/\/evowatt.ch\/de\/wp-json\/wp\/v2\/product_cat?post=28096"},{"taxonomy":"product_tag","embeddable":true,"href":"https:\/\/evowatt.ch\/de\/wp-json\/wp\/v2\/product_tag?post=28096"}],"curies":[{"name":"wp","href":"https:\/\/api.w.org\/{rel}","templated":true}]}}