{"id":28087,"date":"2025-07-15T15:43:42","date_gmt":"2025-07-15T13:43:42","guid":{"rendered":"https:\/\/evowatt.ch\/produit\/fronius-symo-advanced-20-0-3-m-inkl-dc-ovp-typ-12-m\/"},"modified":"2025-07-15T15:43:42","modified_gmt":"2025-07-15T13:43:42","slug":"fronius-symo-advanced-20-0-3-m-inkl-dc-ovp-typ-12-m","status":"publish","type":"product","link":"https:\/\/evowatt.ch\/de\/produkt\/fronius-symo-advanced-20-0-3-m-inkl-dc-ovp-typ-12-m\/","title":{"rendered":"Fronius Symo Advanced 20.0-3-M inkl. DC OVP TYP 1+2 &#8211; M"},"content":{"rendered":"<p>Dreiphasiger Wechselrichter mit 2 MPP-Trackern und integrierter Lichtbogenerkennung (AFCI) und Datamanager f\u00fcr die Optimierung des Eigenverbrauchs und die Steuerung \u00fcber einen Rundsteuerempf\u00e4nger.<br \/>\nMit integriertem \u00dcberspannungsschutz, Typ I\/II<\/p>\n","protected":false},"excerpt":{"rendered":"<p>\u2714 Kategorie: String-Wechselrichter<br \/>\n\u2714 AC-Leistung: 20.00 kVA<br \/>\n\u2714 Stromversorgung: Dreiphasig, 400V<br \/>\n\u2714 MPPT: 2<br \/>\n\u2714 Eingang \u00fcber MPPT: 3<br \/>\n\u2714 DC-\u00dcberspannungsableiter: SPD 1+2<\/p>\n","protected":false},"featured_media":28081,"template":"","meta":{"_acf_changed":false},"product_brand":[666],"product_cat":[328],"product_tag":[],"class_list":{"0":"post-28087","1":"product","2":"type-product","3":"status-publish","4":"has-post-thumbnail","6":"product_brand-fronius-de-2","7":"product_cat-wechselrichter","10":"first","11":"instock","12":"downloadable","13":"virtual","14":"taxable","15":"product-type-simple"},"acf":[],"_links":{"self":[{"href":"https:\/\/evowatt.ch\/de\/wp-json\/wp\/v2\/product\/28087","targetHints":{"allow":["GET"]}}],"collection":[{"href":"https:\/\/evowatt.ch\/de\/wp-json\/wp\/v2\/product"}],"about":[{"href":"https:\/\/evowatt.ch\/de\/wp-json\/wp\/v2\/types\/product"}],"version-history":[{"count":0,"href":"https:\/\/evowatt.ch\/de\/wp-json\/wp\/v2\/product\/28087\/revisions"}],"wp:featuredmedia":[{"embeddable":true,"href":"https:\/\/evowatt.ch\/de\/wp-json\/wp\/v2\/media\/28081"}],"wp:attachment":[{"href":"https:\/\/evowatt.ch\/de\/wp-json\/wp\/v2\/media?parent=28087"}],"wp:term":[{"taxonomy":"product_brand","embeddable":true,"href":"https:\/\/evowatt.ch\/de\/wp-json\/wp\/v2\/product_brand?post=28087"},{"taxonomy":"product_cat","embeddable":true,"href":"https:\/\/evowatt.ch\/de\/wp-json\/wp\/v2\/product_cat?post=28087"},{"taxonomy":"product_tag","embeddable":true,"href":"https:\/\/evowatt.ch\/de\/wp-json\/wp\/v2\/product_tag?post=28087"}],"curies":[{"name":"wp","href":"https:\/\/api.w.org\/{rel}","templated":true}]}}