{"id":25117,"date":"2024-07-20T22:07:18","date_gmt":"2024-07-20T20:07:18","guid":{"rendered":"https:\/\/evowatt.ch\/produit\/lg-es-enblock-flex-17\/"},"modified":"2024-07-20T22:07:18","modified_gmt":"2024-07-20T20:07:18","slug":"lg-es-enblock-flex-17","status":"publish","type":"product","link":"https:\/\/evowatt.ch\/de\/produkt\/lg-es-enblock-flex-17\/","title":{"rendered":"LG ES Enblock FLEX 17"},"content":{"rendered":"<p>Die RESU FLEX-Batterie von LG Energy Solutions ist eine \u00e4u\u00dferst flexible L\u00f6sung f\u00fcr den Einsatz in Wohnh\u00e4usern und kleinen gewerblichen Anwendungen. Eine Batterieeinheit hat eine Kapazit\u00e4t von 4,3 kWh, die von 8,6 kWh bis 17,2 kWh skalierbar ist. Die Batterieeinheiten k\u00f6nnen auf verschiedene Weise miteinander verbunden werden, sodass f\u00fcr jedes Haus ein passendes Design erstellt werden kann. Dank des flexiblen Designs kann der Akku an der Wand oder auf dem Boden installiert werden.<\/p>\n<p>Die LG energy Solutions RESU FLEX Batterie ist mit unseren folgenden Marken <a href=\"https:\/\/natec.com\/fr\/portfolio_filter\/goodwe-fr\/\" target=\"_blank\" rel=\"noopener\">Goodwe<\/a> und <a href=\"https:\/\/natec.com\/fr\/portfolio_filter\/sma-fr\/\" target=\"_blank\" rel=\"noopener\">SMA<\/a> kompatibel.<\/p>\n","protected":false},"excerpt":{"rendered":"<ul>\n<li>Modulares System f\u00fcr einphasige und dreiphasige Hybrid- und Batterie-Wechselrichter<\/li>\n<li>Kompatibel mit Kostal, Fronius, SMA, GoodWe<\/li>\n<li>Erh\u00e4ltlich in den Speicherkapazit\u00e4ten 8,6 kWh, 12,9 kWh, 17,2 kWh<\/li>\n<li>Weltweit zertifiziert, mit einer Restwertgarantie von 10 Jahren[1].<\/li>\n<li>Es stehen \u00fcber 30 verschiedene Installationsanordnungen zur Verf\u00fcgung, um die Raumeffizienz zu maximieren.<\/li>\n<li>M\u00f6gliche Installation am Boden oder an der Wand<\/li>\n<\/ul>\n<p>&nbsp;<\/p>\n","protected":false},"featured_media":25068,"template":"","meta":{"_acf_changed":false},"product_brand":[],"product_cat":[358,424],"product_tag":[],"class_list":{"0":"post-25117","1":"product","2":"type-product","3":"status-publish","4":"has-post-thumbnail","6":"product_cat-batterien","7":"product_cat-lg-de","10":"first","11":"instock","12":"taxable","13":"shipping-taxable","14":"product-type-simple"},"acf":[],"_links":{"self":[{"href":"https:\/\/evowatt.ch\/de\/wp-json\/wp\/v2\/product\/25117","targetHints":{"allow":["GET"]}}],"collection":[{"href":"https:\/\/evowatt.ch\/de\/wp-json\/wp\/v2\/product"}],"about":[{"href":"https:\/\/evowatt.ch\/de\/wp-json\/wp\/v2\/types\/product"}],"version-history":[{"count":0,"href":"https:\/\/evowatt.ch\/de\/wp-json\/wp\/v2\/product\/25117\/revisions"}],"wp:featuredmedia":[{"embeddable":true,"href":"https:\/\/evowatt.ch\/de\/wp-json\/wp\/v2\/media\/25068"}],"wp:attachment":[{"href":"https:\/\/evowatt.ch\/de\/wp-json\/wp\/v2\/media?parent=25117"}],"wp:term":[{"taxonomy":"product_brand","embeddable":true,"href":"https:\/\/evowatt.ch\/de\/wp-json\/wp\/v2\/product_brand?post=25117"},{"taxonomy":"product_cat","embeddable":true,"href":"https:\/\/evowatt.ch\/de\/wp-json\/wp\/v2\/product_cat?post=25117"},{"taxonomy":"product_tag","embeddable":true,"href":"https:\/\/evowatt.ch\/de\/wp-json\/wp\/v2\/product_tag?post=25117"}],"curies":[{"name":"wp","href":"https:\/\/api.w.org\/{rel}","templated":true}]}}