{"id":25116,"date":"2024-07-20T22:30:40","date_gmt":"2024-07-20T20:30:40","guid":{"rendered":"https:\/\/evowatt.ch\/produit\/pylontech-force-h2-bms-v2\/"},"modified":"2024-07-20T22:30:40","modified_gmt":"2024-07-20T20:30:40","slug":"pylontech-force-h2-bms-v2","status":"publish","type":"product","link":"https:\/\/evowatt.ch\/de\/produkt\/pylontech-force-h2-bms-v2\/","title":{"rendered":"Pylontech Force H2 BMS V2"},"content":{"rendered":"<p>Das revolution\u00e4re Force-H1 BMS von Pylontech (MPN: FC0500-40S-V2) zeichnet sich als eine hochmoderne Kontrolleinheit aus. Es sch\u00fctzt jedes Batteriemodul der Force-H1-Serie vor extremen Umst\u00e4nden und gew\u00e4hrleistet einen langfristigen, zuverl\u00e4ssigen und ununterbrochenen Betrieb. Das Batteriemanagementsystem kann je nach Bedarf zwischen zwei und sieben Speichermodule unterst\u00fctzen, was eine variable Speicherkapazit\u00e4t von 7,1 kWh bis 24,86 kWh erm\u00f6glicht.<\/p>\n<p>Das Kommunikationsprotokoll von Pylontech, das sich seit vielen Jahren bew\u00e4hrt hat, wird von einer gro\u00dfen Anzahl von Wechselrichtern direkt unterst\u00fctzt. Eine Kompatibilit\u00e4tsliste f\u00fcr Pylontech mit \u00fcber 30 Marken und Unternehmen, darunter z.B. Victron Energy, Growatt, Solis und viele andere, steht in unseren Anh\u00e4ngen zum Download bereit! (Pylontech Kompatibilit\u00e4tsliste)<\/p>\n<p>BMS Force-H1 sch\u00fctzt vor :<br \/>\nTiefentladung und \u00dcberladung<br \/>\n\u00dcberspannung beim Laden<br \/>\nzu hohe Str\u00f6me beim Laden und Entladen<br \/>\n\u00dcberhitzung und Untertemperatur<br \/>\nKurzschluss und Verpolung<br \/>\nFlexible Erweiterung<br \/>\nDie Force-H1-Serie bietet eine flexible Konfiguration der Kapazit\u00e4t. Diese kann von 7,1 kWh auf 24,86 kWh pro Runde erweitert werden. Insgesamt sind bis zu 6 Batterieumdrehungen m\u00f6glich. Das modulare Design ist einfach und erm\u00f6glicht eine leichte Installation mit einfacher Kabelverbindung. Ein weiterer Fortschritt dieses neuen Speichersystems besteht darin, dass im Gegensatz zu anderen Systemen kein Batterieschrank mehr erforderlich ist.<\/p>\n","protected":false},"excerpt":{"rendered":"<ul>\n<li>Mehrfachschutz durch ein intern entwickeltes BMS<\/li>\n<li>Optimale Stromkosten<\/li>\n<li>Lange Lebensdauer und hohe Leistung<\/li>\n<li>Kompakte Gr\u00f6\u00dfe und einfache Installation<\/li>\n<li>Modulares Design f\u00fcr eine schnelle Installation<\/li>\n<li>Kompatibel mit Tier-1-Wechselrichtermarken<\/li>\n<\/ul>\n","protected":false},"featured_media":25080,"template":"","meta":{"_acf_changed":false},"product_brand":[584],"product_cat":[358,585],"product_tag":[],"class_list":{"0":"post-25116","1":"product","2":"type-product","3":"status-publish","4":"has-post-thumbnail","6":"product_brand-pylontech-de-2","7":"product_cat-batterien","8":"product_cat-pylontech-de","11":"first","12":"instock","13":"taxable","14":"shipping-taxable","15":"product-type-simple"},"acf":[],"_links":{"self":[{"href":"https:\/\/evowatt.ch\/de\/wp-json\/wp\/v2\/product\/25116","targetHints":{"allow":["GET"]}}],"collection":[{"href":"https:\/\/evowatt.ch\/de\/wp-json\/wp\/v2\/product"}],"about":[{"href":"https:\/\/evowatt.ch\/de\/wp-json\/wp\/v2\/types\/product"}],"version-history":[{"count":0,"href":"https:\/\/evowatt.ch\/de\/wp-json\/wp\/v2\/product\/25116\/revisions"}],"wp:featuredmedia":[{"embeddable":true,"href":"https:\/\/evowatt.ch\/de\/wp-json\/wp\/v2\/media\/25080"}],"wp:attachment":[{"href":"https:\/\/evowatt.ch\/de\/wp-json\/wp\/v2\/media?parent=25116"}],"wp:term":[{"taxonomy":"product_brand","embeddable":true,"href":"https:\/\/evowatt.ch\/de\/wp-json\/wp\/v2\/product_brand?post=25116"},{"taxonomy":"product_cat","embeddable":true,"href":"https:\/\/evowatt.ch\/de\/wp-json\/wp\/v2\/product_cat?post=25116"},{"taxonomy":"product_tag","embeddable":true,"href":"https:\/\/evowatt.ch\/de\/wp-json\/wp\/v2\/product_tag?post=25116"}],"curies":[{"name":"wp","href":"https:\/\/api.w.org\/{rel}","templated":true}]}}