{"id":24998,"date":"2024-07-13T23:14:05","date_gmt":"2024-07-13T21:14:05","guid":{"rendered":"https:\/\/evowatt.ch\/produit\/neu-trina-solar-all-black-dual-glass-vertex-s-tsm-445-neg9r-25-mc\/"},"modified":"2024-07-13T23:14:05","modified_gmt":"2024-07-13T21:14:05","slug":"neu-trina-solar-all-black-dual-glass-vertex-s-tsm-445-neg9r-25-mc","status":"publish","type":"product","link":"https:\/\/evowatt.ch\/de\/produkt\/neu-trina-solar-all-black-dual-glass-vertex-s-tsm-445-neg9r-25-mc\/","title":{"rendered":"NEU Trina Solar All Black Dual Glass Vertex S+ TSM-445 NEG9R.25 | MC"},"content":{"rendered":"<table class=\"table table-responsive table-borderless\">\n<tbody>\n<tr class=\"content-list\">\n<td class=\"attribute-name\">Kategorie<\/td>\n<td class=\"attribute-value\">Glas\/Glas<br \/>\nFull Black<\/td>\n<\/tr>\n<tr class=\"content-list\">\n<td class=\"attribute-name\">Leistung<\/td>\n<td class=\"attribute-value\">440 Wp<\/td>\n<\/tr>\n<tr class=\"content-list\">\n<td class=\"attribute-name\">Effektivit\u00e4t des Moduls<\/td>\n<td class=\"attribute-value\">22.00 %<\/td>\n<\/tr>\n<tr class=\"content-list\">\n<td class=\"attribute-name\">Farbe zwischen den Zellen<\/td>\n<td class=\"attribute-value\">schwarz<\/td>\n<\/tr>\n<tr class=\"content-list\">\n<td class=\"attribute-name\">Farbe des Rahmens<\/td>\n<td class=\"attribute-value\">schwarz<\/td>\n<\/tr>\n<tr class=\"content-list\">\n<td class=\"attribute-name\">Solarpanel<\/td>\n<td class=\"attribute-value\">Mono-Halbzelle \/ Typ N<\/td>\n<\/tr>\n<tr class=\"content-list\">\n<td class=\"attribute-name\">Art der Steckdose<\/td>\n<td class=\"attribute-value\">St\u00e4ubli Evo2<\/td>\n<\/tr>\n<tr class=\"content-list\">\n<td class=\"attribute-name\">Kabell\u00e4nge<\/td>\n<td class=\"attribute-value\">1&#8217;100 mm<\/td>\n<\/tr>\n<tr class=\"content-list\">\n<td class=\"attribute-name\">Druckbelastung (Test)<\/td>\n<td class=\"attribute-value\">5.40 kN\/m2<\/td>\n<\/tr>\n<tr class=\"content-list\">\n<td class=\"attribute-name\">Saugkraft (Test)<\/td>\n<td class=\"attribute-value\">4.00 kN\/m2<\/td>\n<\/tr>\n<tr class=\"content-list\">\n<td class=\"attribute-name\">Druckbelastung (Entwurf)<\/td>\n<td class=\"attribute-value\">3.60 kN\/m2<\/td>\n<\/tr>\n<tr class=\"content-list\">\n<td class=\"attribute-name\">Saugleistung (Entwurf)<\/td>\n<td class=\"attribute-value\">2.65 kN\/m2<\/td>\n<\/tr>\n<tr class=\"content-list\">\n<td class=\"attribute-name\">Widerstand gegen Hagel<\/td>\n<td class=\"attribute-value\">RG 3<\/td>\n<\/tr>\n<tr class=\"content-list\">\n<td class=\"attribute-name\">Produktgarantie<\/td>\n<td class=\"attribute-value\">25 Jahre<\/td>\n<\/tr>\n<tr class=\"content-list\">\n<td class=\"attribute-name\">Leistungsgarantie<\/td>\n<td class=\"attribute-value\">30 Jahre<\/td>\n<\/tr>\n<tr class=\"content-list\">\n<td class=\"attribute-name\">MPP-Spannung<\/td>\n<td class=\"attribute-value\">44.00 V<\/td>\n<\/tr>\n<tr class=\"content-list\">\n<td class=\"attribute-name\">MPP-Strom<\/td>\n<td class=\"attribute-value\">10.01 A<\/td>\n<\/tr>\n<tr class=\"content-list\">\n<td class=\"attribute-name\">Spannung des offenen Kreislaufs<\/td>\n<td class=\"attribute-value\">52.20 V<\/td>\n<\/tr>\n<tr class=\"content-list\">\n<td class=\"attribute-name\">Kurzschlussstrom<\/td>\n<td class=\"attribute-value\">10.67 A<\/td>\n<\/tr>\n<tr class=\"content-list\">\n<td class=\"attribute-name\">Maximale Systemspannung<\/td>\n<td class=\"attribute-value\">1&#8217;500.00 V<\/td>\n<\/tr>\n<tr class=\"content-list\">\n<td class=\"attribute-name\">Temperaturkoeffizient<\/td>\n<td class=\"attribute-value\">-0.29 V\/\u00b0C<\/td>\n<\/tr>\n<tr class=\"content-list\">\n<td class=\"attribute-name\">Leistungstoleranz<\/td>\n<td class=\"attribute-value\">-0\/+5<\/td>\n<\/tr>\n<tr class=\"content-list\">\n<td class=\"attribute-name\">L\u00e4nge<\/td>\n<td class=\"attribute-value\">1&#8217;762 mm<\/td>\n<\/tr>\n<tr class=\"content-list\">\n<td class=\"attribute-name\">Breite<\/td>\n<td class=\"attribute-value\">1&#8217;134 mm<\/td>\n<\/tr>\n<tr class=\"content-list\">\n<td class=\"attribute-name\">Dicke<\/td>\n<td class=\"attribute-value\">30 mm<\/td>\n<\/tr>\n<tr class=\"content-list\">\n<td class=\"attribute-name\">Gewicht<\/td>\n<td class=\"attribute-value\">21.000 kg<\/td>\n<\/tr>\n<\/tbody>\n<\/table>\n","protected":false},"excerpt":{"rendered":"<ul>\n<li>Erben des preisgekr\u00f6nten schwarzen Designs von Trina Solar<\/li>\n<li>Doppelverglasung, hohe Zuverl\u00e4ssigkeit Klein in der Gr\u00f6\u00dfe<\/li>\n<li>Gro\u00df in der Leistung Universelle L\u00f6sung f\u00fcr Wohn- und C&amp;I-D\u00e4cher<\/li>\n<li>Erben des preisgekr\u00f6nten schwarzen Designs von Trina Solar<\/li>\n<li>Bis zu 25 Jahre Garantie auf das Produkt und 30 Jahre Garantie auf Energie<\/li>\n<li>Ausgezeichnete Best\u00e4ndigkeit gegen schwierige Umweltbedingungen<\/li>\n<li>Schneelast von 5.400 Pa und Windlast von 4.000 Pa (Testlasten)<\/li>\n<li>Bis zu 450 W, 22,5 % Moduleffizienz dank hochdichter Verbindungstechnologie<\/li>\n<li>Verbesserte Leistung bei hei\u00dfem Wetter dank niedrigem Temperaturkoeffizienten und niedriger Betriebstemperatur<\/li>\n<li>Entwickelt f\u00fcr die Kompatibilit\u00e4t mit den g\u00e4ngigen Wechselrichtern, Optimierern und Montagesystemen.<\/li>\n<\/ul>\n","protected":false},"featured_media":24859,"template":"","meta":{"_acf_changed":false},"product_brand":[],"product_cat":[15],"product_tag":[],"class_list":{"0":"post-24998","1":"product","2":"type-product","3":"status-publish","4":"has-post-thumbnail","6":"product_cat-chauffage-et-climatisation","9":"first","10":"instock","11":"taxable","12":"shipping-taxable","13":"product-type-simple"},"acf":[],"_links":{"self":[{"href":"https:\/\/evowatt.ch\/de\/wp-json\/wp\/v2\/product\/24998","targetHints":{"allow":["GET"]}}],"collection":[{"href":"https:\/\/evowatt.ch\/de\/wp-json\/wp\/v2\/product"}],"about":[{"href":"https:\/\/evowatt.ch\/de\/wp-json\/wp\/v2\/types\/product"}],"version-history":[{"count":0,"href":"https:\/\/evowatt.ch\/de\/wp-json\/wp\/v2\/product\/24998\/revisions"}],"wp:featuredmedia":[{"embeddable":true,"href":"https:\/\/evowatt.ch\/de\/wp-json\/wp\/v2\/media\/24859"}],"wp:attachment":[{"href":"https:\/\/evowatt.ch\/de\/wp-json\/wp\/v2\/media?parent=24998"}],"wp:term":[{"taxonomy":"product_brand","embeddable":true,"href":"https:\/\/evowatt.ch\/de\/wp-json\/wp\/v2\/product_brand?post=24998"},{"taxonomy":"product_cat","embeddable":true,"href":"https:\/\/evowatt.ch\/de\/wp-json\/wp\/v2\/product_cat?post=24998"},{"taxonomy":"product_tag","embeddable":true,"href":"https:\/\/evowatt.ch\/de\/wp-json\/wp\/v2\/product_tag?post=24998"}],"curies":[{"name":"wp","href":"https:\/\/api.w.org\/{rel}","templated":true}]}}