{"id":24989,"date":"2024-07-13T22:44:02","date_gmt":"2024-07-13T20:44:02","guid":{"rendered":"https:\/\/evowatt.ch\/produit\/jinko-solar-all-black-bifacial-dual-glass-jkm440-54hl4r-bdb-mc4\/"},"modified":"2024-07-13T22:44:02","modified_gmt":"2024-07-13T20:44:02","slug":"jinko-solar-all-black-bifacial-dual-glass-jkm440-54hl4r-bdb-mc4","status":"publish","type":"product","link":"https:\/\/evowatt.ch\/de\/produkt\/jinko-solar-all-black-bifacial-dual-glass-jkm440-54hl4r-bdb-mc4\/","title":{"rendered":"Jinko Solar All Black Bifacial Dual Glass JKM440-54HL4R-BDB | MC4"},"content":{"rendered":"<h4><img decoding=\"async\" class=\"alignnone wp-image-15794\" src=\"https:\/\/evowatt.ch\/wp-content\/uploads\/2023\/09\/Signs-Footer-23-NEW-300x265.png\" alt=\"\" width=\"224\" height=\"198\"><\/h4>\n<h4>Jinko Tiger Neo JKM440N-54HL4R-B &#8211; 435Wp Full Black Frame &#8211; monokristallines N-Typ-Modul mit TOPCon-Technologie und optimiertem Temperaturkoeffizienten f\u00fcr eine h\u00f6here Leistung bei schlechten Lichtverh\u00e4ltnissen.<\/h4>\n<h4>Mono-Halbzelle \/ Typ N<\/h4>\n<h4>Anzahl der Zellen 108<br \/>\nNennleistung 440 Wp<br \/>\nMax. Leistung Systemspannung 1500 V<br \/>\nMPP-Spannung 32,81 V<br \/>\nLeerlaufspannung 39,38 V<br \/>\nMPP-Strom 13,41 A<br \/>\nKurzschlussstrom 13,86 A<br \/>\nLeistungstoleranz 0&#8230;3%<br \/>\nModulrendite (STC) 22,02 %.<br \/>\nTemperaturkoeffizient Pmpp -0,29 %\/K<br \/>\nTemperaturkoeffizient Uoc -0,25 %\/K<br \/>\nTemperaturkoeffizient Isc 0,045 %\/K<br \/>\nL\u00e4nge 1762 mm<br \/>\nBreite 1134 mm<br \/>\nH\u00f6he 30 mm<br \/>\nGewicht 22 kg<br \/>\nMit Rahmen Ja<br \/>\nRahmenfarbe schwarz<br \/>\nMit Anschlusskabel Ja<br \/>\nBetriebstemperatur -40&#8230;85 \u00b0C<br \/>\nZul\u00e4ssiger R\u00fcckstrom 25 A<br \/>\nGlas mit Antireflexbeschichtung O<\/h4>\n<p>&nbsp;<\/p>\n","protected":false},"excerpt":{"rendered":"<ul>\n<li>Weltweiter Marktf\u00fchrer<\/li>\n<li>Umfassendes Sortiment<\/li>\n<li>NYSE: JKS<\/li>\n<li>Weltweite Produktion<\/li>\n<li>12 Jahre Garantie<\/li>\n<\/ul>\n","protected":false},"featured_media":0,"template":"","meta":{"_acf_changed":false},"product_brand":[478],"product_cat":[376,360],"product_tag":[],"class_list":{"0":"post-24989","1":"product","2":"type-product","3":"status-publish","5":"product_brand-jinko-de-2","6":"product_cat-jinko-de","7":"product_cat-solarmodule","9":"first","10":"instock","11":"taxable","12":"shipping-taxable","13":"product-type-simple"},"acf":[],"_links":{"self":[{"href":"https:\/\/evowatt.ch\/de\/wp-json\/wp\/v2\/product\/24989","targetHints":{"allow":["GET"]}}],"collection":[{"href":"https:\/\/evowatt.ch\/de\/wp-json\/wp\/v2\/product"}],"about":[{"href":"https:\/\/evowatt.ch\/de\/wp-json\/wp\/v2\/types\/product"}],"version-history":[{"count":0,"href":"https:\/\/evowatt.ch\/de\/wp-json\/wp\/v2\/product\/24989\/revisions"}],"wp:attachment":[{"href":"https:\/\/evowatt.ch\/de\/wp-json\/wp\/v2\/media?parent=24989"}],"wp:term":[{"taxonomy":"product_brand","embeddable":true,"href":"https:\/\/evowatt.ch\/de\/wp-json\/wp\/v2\/product_brand?post=24989"},{"taxonomy":"product_cat","embeddable":true,"href":"https:\/\/evowatt.ch\/de\/wp-json\/wp\/v2\/product_cat?post=24989"},{"taxonomy":"product_tag","embeddable":true,"href":"https:\/\/evowatt.ch\/de\/wp-json\/wp\/v2\/product_tag?post=24989"}],"curies":[{"name":"wp","href":"https:\/\/api.w.org\/{rel}","templated":true}]}}