{"id":22942,"date":"2024-04-14T21:37:03","date_gmt":"2024-04-14T19:37:03","guid":{"rendered":"https:\/\/evowatt.ch\/produit\/nibe-s2125\/"},"modified":"2024-04-14T22:07:32","modified_gmt":"2024-04-14T20:07:32","slug":"nibe-s2125","status":"publish","type":"product","link":"https:\/\/evowatt.ch\/de\/produkt\/nibe-s2125\/","title":{"rendered":"NIBE S2125"},"content":{"rendered":"<p>Die Premium-Reihe der NIBE S2125 Luft\/Wasser-Monoblock-W\u00e4rmepumpen ist ein Konzentrat aus dem Know-how von NIBE, dem schwedischen Hersteller von W\u00e4rmepumpen seit \u00fcber 40 Jahren.<\/p>\n<p>Mit sehr hohen energetischen und akustischen Leistungen sorgt sie f\u00fcr Heizkosteneinsparungen und optimalen Komfort, und das zu jeder Jahreszeit. Die W\u00e4rmepumpe NIBE S2125 kann ohne Unterst\u00fctzung eine Heizwassertemperatur von bis zu 75\u00b0C erzeugen, 65\u00b0C bei einer Au\u00dfentemperatur von -25\u00b0C! Sie ist ideal f\u00fcr den Austausch von Heizkesseln und die Warmwasserbereitung.<\/p>\n<p>Besonderes Augenmerk wurde auf den Ger\u00e4uschpegel gelegt, um absolute Diskretion und eine perfekte Integration am Aufstellungsort zu gew\u00e4hrleisten. Sein nat\u00fcrliches K\u00e4ltemittel (R290) und seine sehr hohen saisonalen Leistungen (SCOP \u00fcber 5,0!) garantieren sehr niedrige Betriebskosten und schonen gleichzeitig unseren Planeten. Wenn gew\u00fcnscht, kann die NIBE S2125 W\u00e4rmepumpenreihe auch das Haus k\u00fchlen, um den Sommerkomfort zu gew\u00e4hrleisten.<\/p>\n<p>In Kombination mit einem Innenger\u00e4t der NIBE S-Serie entfaltet die W\u00e4rmepumpe ihr volles Potenzial an Funktionalit\u00e4t, Konnektivit\u00e4t und individuellen Nutzungsm\u00f6glichkeiten. Der Wohnkomfort wird automatisch gesteuert und kann \u00fcber ein Smartphone oder einen Tablet-PC eingestellt werden. Komfort und Einsparungen bei gleichzeitiger Schonung der Umwelt.<\/p>\n","protected":false},"excerpt":{"rendered":"<div class=\"nibe-row ProductListing-innerRow\">\n<div class=\"ProductListing-bodyContainer nibe-clearfix \">\n<div class=\"ProductListing-headingContainer nibe-clearfix c1663\">\n<div class=\"nibe-col-xs-12\">\n<ul>\n<li class=\"ProductListing-categoryName\"><span style=\"font-size: 16px;\">Sehr hohe Leistung und niedrige Betriebskosten.  <\/span><\/li>\n<li class=\"ProductListing-categoryName\">Bis zu 75\u00b0C Vorlauftemperatur, 65\u00b0C bei einer Au\u00dfentemperatur von -25\u00b0C<\/li>\n<li class=\"ProductListing-categoryName\">Neues Design f\u00fcr noch mehr Ruhe<\/li>\n<li class=\"ProductListing-categoryName\">Schwedisches Design und Herstellung<\/li>\n<li>Sehr hohe Leistung<\/li>\n<li>Energieeinsparung und niedrige Betriebskosten. SCOP gr\u00f6\u00dfer als 5,0.<\/li>\n<li>65\u00b0C bei einer Au\u00dfentemperatur von ja jopa -25\u00b0C. Ideal f\u00fcr Renovierungen und zur Warmwasserbereitung.<\/li>\n<li>Extrem leiser Betrieb<\/li>\n<\/ul>\n<\/div>\n<\/div>\n<div class=\"ProductListing-bodyContainer nibe-clearfix \">\n<div class=\"nibe-col-xs-12 nibe-col-sm-6 ProductListing-featureListContainer\"><\/div>\n<\/div>\n<\/div>\n<\/div>\n","protected":false},"featured_media":22920,"template":"","meta":{"_acf_changed":false},"product_brand":[532],"product_cat":[307],"product_tag":[],"class_list":{"0":"post-22942","1":"product","2":"type-product","3":"status-publish","4":"has-post-thumbnail","6":"product_brand-nibe-de","7":"product_cat-chauffage-et-climatisation-de","10":"first","11":"instock","12":"taxable","13":"shipping-taxable","14":"product-type-simple"},"acf":[],"_links":{"self":[{"href":"https:\/\/evowatt.ch\/de\/wp-json\/wp\/v2\/product\/22942","targetHints":{"allow":["GET"]}}],"collection":[{"href":"https:\/\/evowatt.ch\/de\/wp-json\/wp\/v2\/product"}],"about":[{"href":"https:\/\/evowatt.ch\/de\/wp-json\/wp\/v2\/types\/product"}],"version-history":[{"count":1,"href":"https:\/\/evowatt.ch\/de\/wp-json\/wp\/v2\/product\/22942\/revisions"}],"predecessor-version":[{"id":22954,"href":"https:\/\/evowatt.ch\/de\/wp-json\/wp\/v2\/product\/22942\/revisions\/22954"}],"wp:featuredmedia":[{"embeddable":true,"href":"https:\/\/evowatt.ch\/de\/wp-json\/wp\/v2\/media\/22920"}],"wp:attachment":[{"href":"https:\/\/evowatt.ch\/de\/wp-json\/wp\/v2\/media?parent=22942"}],"wp:term":[{"taxonomy":"product_brand","embeddable":true,"href":"https:\/\/evowatt.ch\/de\/wp-json\/wp\/v2\/product_brand?post=22942"},{"taxonomy":"product_cat","embeddable":true,"href":"https:\/\/evowatt.ch\/de\/wp-json\/wp\/v2\/product_cat?post=22942"},{"taxonomy":"product_tag","embeddable":true,"href":"https:\/\/evowatt.ch\/de\/wp-json\/wp\/v2\/product_tag?post=22942"}],"curies":[{"name":"wp","href":"https:\/\/api.w.org\/{rel}","templated":true}]}}