{"id":21290,"date":"2024-01-13T18:42:28","date_gmt":"2024-01-13T17:42:28","guid":{"rendered":"https:\/\/evowatt.ch\/?post_type=product&#038;p=21290"},"modified":"2024-05-02T21:16:59","modified_gmt":"2024-05-02T19:16:59","slug":"rec-400-twinpeak-5-mono-hc","status":"publish","type":"product","link":"https:\/\/evowatt.ch\/de\/produkt\/rec-400-twinpeak-5-mono-hc\/","title":{"rendered":"REC 400 TwinPeak 5, mono HC"},"content":{"rendered":"<p><strong>REC Solar TwinPeak Premium Modules solaires pour toitures r\u00e9sidentielles et commercial<\/strong>es<\/p>\n<p>REC Solar allie qualit\u00e9 de produit, fiabilit\u00e9 et durabilit\u00e9 dans ses produits. Cela fait de REC la marque id\u00e9ale pour votre projet photovolta\u00efque. Les modules solaires de la s\u00e9rie <strong>TwinPeak<\/strong> de REC Solar permettent d&#8217;exploiter pleinement l&#8217;\u00e9nergie solaire. Gr\u00e2ce \u00e0 des technologies de pointe, ils offrent une densit\u00e9 de puissance sup\u00e9rieure, une esth\u00e9tique impressionnante et un impact minimal sur l&#8217;environnement, le tout avec la qualit\u00e9 reconnue de REC Solar.<\/p>\n","protected":false},"excerpt":{"rendered":"<ul>\n<li>Composite stratifi\u00e9 verre-film<\/li>\n<li>Caract\u00e9ristiques des cellules Monofacial<\/li>\n<li>Rendement du module 20.8 % (STC)<\/li>\n<li>hauteur 1899 mm<\/li>\n<li>largeur 1040 mm<\/li>\n<li>Hauteur du cadre 30 mm<\/li>\n<li>Poids 21,60 kg<\/li>\n<li>Couleur du cadre : noir<\/li>\n<li>Couleur du film blanc<\/li>\n<li>Puissance (STC) 400 Wp<\/li>\n<li>Technologie de cellule Mono P-Type<\/li>\n<li>Connecteur MC4<\/li>\n<li>Coefficient de temp\u00e9rature -0.34 %\/\u00b0C<\/li>\n<li>Pression statique max. 7000 Pa<\/li>\n<li>Charge dynamique max. 4000 Pa<\/li>\n<\/ul>\n","protected":false},"featured_media":0,"template":"","meta":{"_acf_changed":false},"product_brand":[271],"product_cat":[149,272],"product_tag":[],"class_list":{"0":"post-21290","1":"product","2":"type-product","3":"status-publish","5":"product_brand-rec","6":"product_cat-panneaux_solaires","7":"product_cat-rec","9":"first","10":"instock","11":"taxable","12":"shipping-taxable","13":"product-type-simple"},"acf":[],"_links":{"self":[{"href":"https:\/\/evowatt.ch\/de\/wp-json\/wp\/v2\/product\/21290","targetHints":{"allow":["GET"]}}],"collection":[{"href":"https:\/\/evowatt.ch\/de\/wp-json\/wp\/v2\/product"}],"about":[{"href":"https:\/\/evowatt.ch\/de\/wp-json\/wp\/v2\/types\/product"}],"version-history":[{"count":1,"href":"https:\/\/evowatt.ch\/de\/wp-json\/wp\/v2\/product\/21290\/revisions"}],"predecessor-version":[{"id":22504,"href":"https:\/\/evowatt.ch\/de\/wp-json\/wp\/v2\/product\/21290\/revisions\/22504"}],"wp:attachment":[{"href":"https:\/\/evowatt.ch\/de\/wp-json\/wp\/v2\/media?parent=21290"}],"wp:term":[{"taxonomy":"product_brand","embeddable":true,"href":"https:\/\/evowatt.ch\/de\/wp-json\/wp\/v2\/product_brand?post=21290"},{"taxonomy":"product_cat","embeddable":true,"href":"https:\/\/evowatt.ch\/de\/wp-json\/wp\/v2\/product_cat?post=21290"},{"taxonomy":"product_tag","embeddable":true,"href":"https:\/\/evowatt.ch\/de\/wp-json\/wp\/v2\/product_tag?post=21290"}],"curies":[{"name":"wp","href":"https:\/\/api.w.org\/{rel}","templated":true}]}}