{"id":21281,"date":"2024-01-13T18:15:40","date_gmt":"2024-01-13T17:15:40","guid":{"rendered":"https:\/\/evowatt.ch\/?post_type=product&#038;p=21281"},"modified":"2024-08-11T21:57:32","modified_gmt":"2024-08-11T19:57:32","slug":"luxor-eco-line-m108-glas-glas-hjt-430wp-bifazialtransparent-copy","status":"publish","type":"product","link":"https:\/\/evowatt.ch\/de\/produkt\/luxor-eco-line-m108-glas-glas-hjt-430wp-bifazialtransparent-copy\/","title":{"rendered":"Luxor ECO LINE M108 Glas\/Glas N-Type, 440Wp, Bifazial, White mesh"},"content":{"rendered":"<p>PREMIUM-SOLARPANEL- HERSTELLER SEIT 2007 Mehr als ein Jahrzehnt Erfahrung in der Entwicklung und Produktion von Solarmodulen. In 85 L\u00e4ndern aktiv. Produktionskapazit\u00e4t von 6,8 GW. Einzigartige Palette an Solarmodulen. Das richtige Modul f\u00fcr jede Anwendung. Sehr niedrige Beschwerdequote &lt; 0,003 %. Internationaler und weltweiter Vertrieb.  <\/p>\n<div class=\"subdata table\">\n<div class=\"table-row\"><\/div>\n<\/div>\n<div class=\"produktblatt\">\n<div class=\"subdata table\">\n<div class=\"table-row\">\n<div class=\"table-cell data\">Luxor ECO LINE M108 Glas\/Glas N-Type, 425Wp, Bifazial, White mesh<\/div>\n<\/div>\n<div>Max. Leistung Systemspannung 1500 V Temperaturkoeffizient -0.24 %\/\u00b0C Statischer Druck max.<br \/>\n5400 Pa Max. dynamischer Druck  2400 Pa<\/div>\n<\/div>\n<\/div>\n","protected":false},"excerpt":{"rendered":"<ul>\n<li>Glas-Glas-Laminate<\/li>\n<li>Eigenschaften der Bifacial-Zellen<\/li>\n<li>Modulwirkungsgrad 22.35 % (STC)<\/li>\n<li>H\u00f6he 1722 mm<\/li>\n<li>Breite 1134 mm<\/li>\n<li>Rahmenh\u00f6he 30 mm<\/li>\n<li>Gewicht 24,00 kg<\/li>\n<li>Rahmenfarbe schwarz<\/li>\n<li>Filmfarbe Transparent<\/li>\n<li>Leistung (STC) 425 Wp<\/li>\n<li>Zelltechnologie Mono Heterojunction<\/li>\n<li>MC4-Anschluss (kompatibel)<\/li>\n<\/ul>\n<p>&nbsp;<\/p>\n<p>&nbsp;<\/p>\n<p>&nbsp;<\/p>\n","protected":false},"featured_media":21284,"template":"","meta":{"_acf_changed":false},"product_brand":[],"product_cat":[15],"product_tag":[],"class_list":{"0":"post-21281","1":"product","2":"type-product","3":"status-publish","4":"has-post-thumbnail","6":"product_cat-chauffage-et-climatisation","9":"first","10":"instock","11":"taxable","12":"shipping-taxable","13":"product-type-simple"},"acf":[],"_links":{"self":[{"href":"https:\/\/evowatt.ch\/de\/wp-json\/wp\/v2\/product\/21281","targetHints":{"allow":["GET"]}}],"collection":[{"href":"https:\/\/evowatt.ch\/de\/wp-json\/wp\/v2\/product"}],"about":[{"href":"https:\/\/evowatt.ch\/de\/wp-json\/wp\/v2\/types\/product"}],"version-history":[{"count":2,"href":"https:\/\/evowatt.ch\/de\/wp-json\/wp\/v2\/product\/21281\/revisions"}],"predecessor-version":[{"id":25651,"href":"https:\/\/evowatt.ch\/de\/wp-json\/wp\/v2\/product\/21281\/revisions\/25651"}],"wp:featuredmedia":[{"embeddable":true,"href":"https:\/\/evowatt.ch\/de\/wp-json\/wp\/v2\/media\/21284"}],"wp:attachment":[{"href":"https:\/\/evowatt.ch\/de\/wp-json\/wp\/v2\/media?parent=21281"}],"wp:term":[{"taxonomy":"product_brand","embeddable":true,"href":"https:\/\/evowatt.ch\/de\/wp-json\/wp\/v2\/product_brand?post=21281"},{"taxonomy":"product_cat","embeddable":true,"href":"https:\/\/evowatt.ch\/de\/wp-json\/wp\/v2\/product_cat?post=21281"},{"taxonomy":"product_tag","embeddable":true,"href":"https:\/\/evowatt.ch\/de\/wp-json\/wp\/v2\/product_tag?post=21281"}],"curies":[{"name":"wp","href":"https:\/\/api.w.org\/{rel}","templated":true}]}}