{"id":21120,"date":"2023-08-29T10:12:56","date_gmt":"2023-08-29T08:12:56","guid":{"rendered":"https:\/\/evowatt.ch\/produit\/kit-zur-befestigung-auf-ziegeldaechern\/"},"modified":"2023-08-29T10:12:56","modified_gmt":"2023-08-29T08:12:56","slug":"kit-zur-befestigung-auf-ziegeldaechern","status":"publish","type":"product","link":"https:\/\/evowatt.ch\/de\/produkt\/kit-zur-befestigung-auf-ziegeldaechern\/","title":{"rendered":"Kit zur Befestigung auf Ziegeld\u00e4chern"},"content":{"rendered":"<p><strong>Dieses Set enth\u00e4lt alle Materialien, die Sie ben\u00f6tigen, um Ihre Photovoltaikmodule auf einem Ziegeldach zu befestigen.  <\/strong><br \/>\nW\u00e4hlen Sie einfach in den Optionen die Anzahl der Paneele im Hochformat oder die Anzahl der Paneele im Querformat auf Ihrem Dach aus.  &gt;&gt;  passt sich der Inhalt des Fixiersets automatisch an.<\/p>\n<p>Geeignet f\u00fcr Dachziegel mit einer maximalen \u00dcberlappung von 11 bis 12 cm<\/p>\n<p>&nbsp;<\/p>\n<p>&nbsp;<\/p>\n<p>&nbsp;<\/p>\n","protected":false},"excerpt":{"rendered":"<p>Befestigungssatz f\u00fcr Photovoltaikpaneele.<br \/>\nGeeignet f\u00fcr alle Arten von Ziegeld\u00e4chern.<\/p>\n<p>W\u00e4hlen Sie in den Optionen die Anzahl der Panels und das Layout (Hochformat\/Landschaft).<\/p>\n<p>Geeignet f\u00fcr Dachziegel mit einer maximalen \u00dcberlappung von 11 bis 12 cm<\/p>\n","protected":false},"featured_media":0,"template":"","meta":{"_acf_changed":false},"product_brand":[],"product_cat":[335],"product_tag":[],"class_list":{"0":"post-21120","1":"product","2":"type-product","3":"status-publish","5":"product_cat-montagesysteme","7":"first","8":"instock","9":"taxable","10":"shipping-taxable","11":"product-type-simple"},"acf":[],"_links":{"self":[{"href":"https:\/\/evowatt.ch\/de\/wp-json\/wp\/v2\/product\/21120","targetHints":{"allow":["GET"]}}],"collection":[{"href":"https:\/\/evowatt.ch\/de\/wp-json\/wp\/v2\/product"}],"about":[{"href":"https:\/\/evowatt.ch\/de\/wp-json\/wp\/v2\/types\/product"}],"version-history":[{"count":0,"href":"https:\/\/evowatt.ch\/de\/wp-json\/wp\/v2\/product\/21120\/revisions"}],"wp:attachment":[{"href":"https:\/\/evowatt.ch\/de\/wp-json\/wp\/v2\/media?parent=21120"}],"wp:term":[{"taxonomy":"product_brand","embeddable":true,"href":"https:\/\/evowatt.ch\/de\/wp-json\/wp\/v2\/product_brand?post=21120"},{"taxonomy":"product_cat","embeddable":true,"href":"https:\/\/evowatt.ch\/de\/wp-json\/wp\/v2\/product_cat?post=21120"},{"taxonomy":"product_tag","embeddable":true,"href":"https:\/\/evowatt.ch\/de\/wp-json\/wp\/v2\/product_tag?post=21120"}],"curies":[{"name":"wp","href":"https:\/\/api.w.org\/{rel}","templated":true}]}}