{"id":21101,"date":"2023-09-01T15:51:46","date_gmt":"2023-09-01T13:51:46","guid":{"rendered":"https:\/\/evowatt.ch\/produit\/solaredge-se4k-setapp-short-string\/"},"modified":"2023-09-01T15:51:46","modified_gmt":"2023-09-01T13:51:46","slug":"solaredge-se4k-setapp-short-string","status":"publish","type":"product","link":"https:\/\/evowatt.ch\/de\/produkt\/solaredge-se4k-setapp-short-string\/","title":{"rendered":"SolarEdge SE4K &#8211; SetApp \/ Short String"},"content":{"rendered":"<p>Produktinformation &#8220;SolarEdge SE4K &#8211; SE4K-RWBTEBEN4<\/p>\n<p>Dreiphasiger Wechselrichter mit 4 kW (max. DC-Modulleistung 5,4 kWp), ausgelegt f\u00fcr den Betrieb mit SolarEdge Leistungsoptimierern, ab 9 Leistungsoptimierern in einer Kette.<\/p>\n<p>H\u00f6here Designflexibilit\u00e4t durch viel k\u00fcrzere Ketten f\u00fcr dreiphasige PV-Systeme mit niedriger Energie<br \/>\nOptimiert f\u00fcr Installationen auf komplexen D\u00e4chern (mehrere Dachformen und unterschiedliche Ausrichtungen)<br \/>\nUnterst\u00fctzt optionale Smart Energy-Ger\u00e4te und die Erweiterung der Systemfunktionen<br \/>\nAll-in-One-L\u00f6sung f\u00fcr einen reibungslosen Betrieb aller Systemkomponenten und einen einzigen Ansprechpartner f\u00fcr Garantie- und Servicefragen.<br \/>\nIntegrierte \u00dcberwachung auf Modulebene f\u00fcr eine bessere Visualisierung der Systemleistung<br \/>\nHervorragende Zuverl\u00e4ssigkeit dank der Standardgarantie von 12 Jahren<br \/>\nModernste Sicherheitsfunktionen, einschlie\u00dflich ber\u00fchrungsgesch\u00fctzter DC-Spannung, wenn der Wechselrichter ausgeschaltet oder abgetrennt ist.<br \/>\nSchnelle Inbetriebnahme des Wechselrichters direkt mit der SetApp f\u00fcr Smartphones<br \/>\nGeeignet f\u00fcr Innen- und Au\u00dfeninstallationen<\/p>\n","protected":false},"excerpt":{"rendered":"<ul>\n<li>Dreiphasig<\/li>\n<li>Wechselrichter f\u00fcr den Anschluss ab 8 Modulen<\/li>\n<li>Ausgang mit fester Spannung<\/li>\n<li>Ohne Bildschirm (SetApp)<\/li>\n<li>Betrieb mit Moduloptimierern<\/li>\n<li><strong>12 Jahre<\/strong> Garantie<\/li>\n<li><strong>AC-Spannung 230\/400 V<\/strong><\/li>\n<li>Schutzklasse IP65<\/li>\n<\/ul>\n<p><a href=\"https:\/\/evowatt.ch\/wp-content\/uploads\/2023\/09\/Datasheet_solar_edge_se3k_se4k_se5k_eng.pdf\">Datasheet_solar_edge_se3k_se4k_se5k_eng<\/a><\/p>\n<p><a href=\"https:\/\/evowatt.ch\/wp-content\/uploads\/2023\/09\/Guide_SolarEdge_3ph-SetApp.pdf\">Leitfaden_SolarEdge_3ph-SetApp<\/a><\/p>\n","protected":false},"featured_media":0,"template":"","meta":{"_acf_changed":false},"product_brand":[482],"product_cat":[329,341,328],"product_tag":[],"class_list":{"0":"post-21101","1":"product","2":"type-product","3":"status-publish","5":"product_brand-solaredge-de","6":"product_cat-3-phasig-de","7":"product_cat-hybrid-wechselrichter","8":"product_cat-wechselrichter","10":"first","11":"instock","12":"taxable","13":"shipping-taxable","14":"product-type-simple"},"acf":[],"_links":{"self":[{"href":"https:\/\/evowatt.ch\/de\/wp-json\/wp\/v2\/product\/21101","targetHints":{"allow":["GET"]}}],"collection":[{"href":"https:\/\/evowatt.ch\/de\/wp-json\/wp\/v2\/product"}],"about":[{"href":"https:\/\/evowatt.ch\/de\/wp-json\/wp\/v2\/types\/product"}],"version-history":[{"count":0,"href":"https:\/\/evowatt.ch\/de\/wp-json\/wp\/v2\/product\/21101\/revisions"}],"wp:attachment":[{"href":"https:\/\/evowatt.ch\/de\/wp-json\/wp\/v2\/media?parent=21101"}],"wp:term":[{"taxonomy":"product_brand","embeddable":true,"href":"https:\/\/evowatt.ch\/de\/wp-json\/wp\/v2\/product_brand?post=21101"},{"taxonomy":"product_cat","embeddable":true,"href":"https:\/\/evowatt.ch\/de\/wp-json\/wp\/v2\/product_cat?post=21101"},{"taxonomy":"product_tag","embeddable":true,"href":"https:\/\/evowatt.ch\/de\/wp-json\/wp\/v2\/product_tag?post=21101"}],"curies":[{"name":"wp","href":"https:\/\/api.w.org\/{rel}","templated":true}]}}