{"id":21086,"date":"2023-08-29T08:51:38","date_gmt":"2023-08-29T06:51:38","guid":{"rendered":"https:\/\/evowatt.ch\/produit\/schneider-tetra-leistungsschalter-von-16a\/"},"modified":"2023-08-29T08:51:38","modified_gmt":"2023-08-29T06:51:38","slug":"schneider-tetra-leistungsschalter-von-16a","status":"publish","type":"product","link":"https:\/\/evowatt.ch\/de\/produkt\/schneider-tetra-leistungsschalter-von-16a\/","title":{"rendered":"Schneider Tetra-Leistungsschalter von 16A"},"content":{"rendered":"<p>&nbsp;<\/p>\n<table border=\"0\" rules=\"none\" cellspacing=\"0\" align=\"center\">\n<colgroup>\n<col width=\"341\">\n<col width=\"394\"><\/colgroup>\n<tbody>\n<tr>\n<td colspan=\"2\" align=\"left\" width=\"735\" height=\"18\"><b>Wichtigste<\/b><\/td>\n<\/tr>\n<tr>\n<td align=\"left\" height=\"18\"><b>Reihe<\/b><\/td>\n<td align=\"center\">Resi9<\/td>\n<\/tr>\n<tr>\n<td align=\"left\" height=\"18\"><b>Name des Produkts<\/b><\/td>\n<td align=\"center\">Resi9 MCB<\/td>\n<\/tr>\n<tr>\n<td align=\"left\" height=\"18\"><b>Art des Produkts oder der Komponente<\/b><\/td>\n<td align=\"center\">Miniatur-Leistungsschalter<\/td>\n<\/tr>\n<tr>\n<td align=\"left\" height=\"18\"><b>Anwendung des Ger\u00e4ts<\/b><\/td>\n<td align=\"center\">Verteilung<\/td>\n<\/tr>\n<tr>\n<td align=\"left\" height=\"18\"><b>Beschreibung der Pole<\/b><\/td>\n<td align=\"center\">4P<\/td>\n<\/tr>\n<tr>\n<td align=\"left\" height=\"18\"><b>Anzahl der gesch\u00fctzten Pole<\/b><\/td>\n<td align=\"center\">4<\/td>\n<\/tr>\n<tr>\n<td align=\"left\" height=\"18\"><b>[In]  Bemessungsbetriebsstrom<\/b><\/td>\n<td align=\"center\">16 A bei 30 \u00b0C<\/td>\n<\/tr>\n<tr>\n<td align=\"left\" height=\"18\"><b>Art des Netzwerks<\/b><\/td>\n<td align=\"center\">C.a.<\/td>\n<\/tr>\n<tr>\n<td align=\"left\" height=\"18\"><b>Trigger-Technologie<\/b><\/td>\n<td align=\"center\">Thermisch-magnetisch<\/td>\n<\/tr>\n<tr>\n<td align=\"left\" height=\"18\"><b>Triggerkurve<\/b><\/td>\n<td align=\"center\">C<\/td>\n<\/tr>\n<tr>\n<td align=\"left\" height=\"18\"><b>Schaltleistung<\/b><\/td>\n<td align=\"center\">3000 A Icn bei 400 V AC 50\/60 Hz gem\u00e4\u00df EN\/IEC 60898-1<\/td>\n<\/tr>\n<tr>\n<td align=\"left\" height=\"18\"><b>Normen<\/b><\/td>\n<td align=\"center\">EN\/IEC 60898-1<\/td>\n<\/tr>\n<tr>\n<td align=\"left\" height=\"18\"><b>Zertifizierungen des Produkts<\/b><\/td>\n<td align=\"center\">CEBEC<\/td>\n<\/tr>\n<tr>\n<td colspan=\"2\" align=\"left\" height=\"18\"><b>Erg\u00e4nzend<\/b><\/td>\n<\/tr>\n<tr>\n<td align=\"left\" height=\"18\"><b>Netzfrequenz<\/b><\/td>\n<td align=\"center\">50\/60 Hz<\/td>\n<\/tr>\n<tr>\n<td align=\"left\" height=\"18\"><b>[Ue]  Bemessungsbetriebsspannung<\/b><\/td>\n<td align=\"center\">400 V AC 50\/60 Hz<\/td>\n<\/tr>\n<tr>\n<td align=\"left\" height=\"18\"><b>Magnetische Ausl\u00f6segrenze<\/b><\/td>\n<td align=\"center\">5&#8230;10 x In<\/td>\n<\/tr>\n<tr>\n<td align=\"left\" height=\"18\"><b>Begrenzungsklasse<\/b><\/td>\n<td align=\"center\">3 gem\u00e4\u00df EN\/IEC 60898-1<\/td>\n<\/tr>\n<tr>\n<td align=\"left\" height=\"18\"><b>[Ui]  Bemessungsisolationsspannung<\/b><\/td>\n<td align=\"center\">440 V AC 50\/60 Hz<\/td>\n<\/tr>\n<tr>\n<td align=\"left\" height=\"18\"><b>[Uimp]  Bemessungssto\u00dfspannungsfestigkeit<\/b><\/td>\n<td align=\"center\">4 kV<\/td>\n<\/tr>\n<tr>\n<td align=\"left\" height=\"18\"><b>Art der Bestellung<\/b><\/td>\n<td align=\"center\">Wipptaste<\/td>\n<\/tr>\n<tr>\n<td align=\"left\" height=\"18\"><b>Lokale Beschilderung<\/b><\/td>\n<td align=\"center\">Anzeige AKTIVIERT\/DEAKTIVIERT<\/td>\n<\/tr>\n<tr>\n<td align=\"left\" height=\"18\"><b>Art der Installation<\/b><\/td>\n<td align=\"center\">In anklippbar<\/td>\n<\/tr>\n<tr>\n<td align=\"left\" height=\"18\"><b>Montagehalterung<\/b><\/td>\n<td align=\"center\">DIN-Schiene<\/td>\n<\/tr>\n<tr>\n<td align=\"left\" height=\"18\"><b>Kompatibilit\u00e4t von Verteilerblock und Kamm<\/b><\/td>\n<td align=\"center\">Unten: bi-connect<\/td>\n<\/tr>\n<tr>\n<td align=\"left\" height=\"18\"><b>9 mm Schrittweite<\/b><\/td>\n<td align=\"center\">8<\/td>\n<\/tr>\n<tr>\n<td align=\"left\" height=\"18\"><b>H\u00f6he<\/b><\/td>\n<td align=\"center\">85 mm<\/td>\n<\/tr>\n<tr>\n<td align=\"left\" height=\"18\"><b>Breite<\/b><\/td>\n<td align=\"center\">72 mm<\/td>\n<\/tr>\n<tr>\n<td align=\"left\" height=\"18\"><b>Tiefe<\/b><\/td>\n<td align=\"center\">75 mm<\/td>\n<\/tr>\n<tr>\n<td align=\"left\" height=\"18\"><b>Einbautiefe<\/b><\/td>\n<td align=\"center\">44 mm<\/td>\n<\/tr>\n<tr>\n<td align=\"left\" height=\"18\"><b>Gewicht<\/b><\/td>\n<td align=\"center\">0,43 kg<\/td>\n<\/tr>\n<tr>\n<td align=\"left\" height=\"18\"><b>Farbe<\/b><\/td>\n<td align=\"center\">Wei\u00df<\/td>\n<\/tr>\n<tr>\n<td align=\"left\" height=\"18\"><b>Mechanische Lebensdauer<\/b><\/td>\n<td align=\"center\">20000 Zyklus<\/td>\n<\/tr>\n<tr>\n<td align=\"left\" height=\"18\"><b>Elektrische Lebensdauer<\/b><\/td>\n<td align=\"center\">10000 Wechselstromzyklus 50\/60 Hz gem\u00e4\u00df EN\/IEC 60898-1<\/td>\n<\/tr>\n<tr>\n<td align=\"left\" height=\"18\"><b>Beschreibung der optionalen Sperren<\/b><\/td>\n<td align=\"center\">Vorh\u00e4ngeschloss auf Position OFF<\/td>\n<\/tr>\n<tr>\n<td align=\"left\" height=\"66\"><b>Art der Verbindung<\/b><\/td>\n<td align=\"center\">Klemmen Typ Tunnel (unten) &#8211; &lt;= 16 mm\u00b2 &#8211; flexibel<br \/>\nKlemmen Typ Tunnel (unten) &#8211; &lt;= 25 mm\u00b2 &#8211; starr<br \/>\nKlemmen Typ Tunnel (oben) &#8211; &lt;= 25 mm\u00b2 &#8211; starr<br \/>\nKlemmen Typ Tunnel (oben) &#8211; &lt;= 16 mm\u00b2 &#8211; flexibel<\/td>\n<\/tr>\n<tr>\n<td align=\"left\" height=\"18\"><b>Drehmoment<\/b><\/td>\n<td align=\"center\">2 N.m<\/td>\n<\/tr>\n<tr>\n<td colspan=\"2\" align=\"left\" height=\"18\"><b>Umgebung<\/b><\/td>\n<\/tr>\n<tr>\n<td align=\"left\" height=\"34\"><b>Schutzgrad IP<\/b><\/td>\n<td align=\"center\">IP20 gem\u00e4\u00df IEC 60529<br \/>\nIP40 (modulares Geh\u00e4use) gem\u00e4\u00df IEC 60529<\/td>\n<\/tr>\n<tr>\n<td align=\"left\" height=\"18\"><b>Grad der Verschmutzung<\/b><\/td>\n<td align=\"center\">2 entspricht der Norm EN\/IEC 60898-1<\/td>\n<\/tr>\n<tr>\n<td align=\"left\" height=\"18\"><b>\u00dcberspannungskategorie<\/b><\/td>\n<td align=\"center\">III<\/td>\n<\/tr>\n<tr>\n<td align=\"left\" height=\"18\"><b>Betriebstemperatur<\/b><\/td>\n<td align=\"center\">-20 bis 60 \u00b0C<\/td>\n<\/tr>\n<tr>\n<td align=\"left\" height=\"18\"><b>Umgebungstemperatur f\u00fcr die Lagerung<\/b><\/td>\n<td align=\"center\">-40 bis 80 \u00b0C<\/td>\n<\/tr>\n<\/tbody>\n<\/table>\n<p>&nbsp;<\/p>\n<p><a href=\"https:\/\/evowatt.ch\/wp-content\/uploads\/2023\/08\/Resi9_R9F64416_16A.pdf\">Resi9_R9F64416_16A<\/a><\/p>\n<p>&nbsp;<\/p>\n","protected":false},"excerpt":{"rendered":"<div class=\"product-details-info-wrapper\">\n<div class=\"product-details-info\">\n<div class=\"product-ean13\"><label class=\"label\">EAN13:<\/label> 0712971133297<\/div>\n<\/div>\n<\/div>\n<div id=\"product-description-short-2318\" class=\"productblock-description\">\n<p>&#8211; Schneider Leistungsschalter 16A<br \/>\n&#8211; RESI9<br \/>\n&#8211; 4-polig<\/p>\n<p><span style=\"color: #ff0000;\"><b>Angesichts der aktuellen Situation bez\u00fcglich der Wiederzulassung von Produkten und der unsicheren Fristen, die von unseren Lieferanten mitgeteilt werden, k\u00f6nnen wir Ihnen nicht garantieren, dass Sie einen Trennschalter der Marke Schneider erhalten.<\/b><\/span><br \/>\n<span style=\"color: #ff0000;\"><b>Wir k\u00f6nnen Ihnen jedoch als Alternative den Hager-Schutzschalter mit denselben Eigenschaften besorgen.<\/b><\/span><\/p>\n<\/div>\n","protected":false},"featured_media":0,"template":"","meta":{"_acf_changed":false},"product_brand":[],"product_cat":[392],"product_tag":[],"class_list":{"0":"post-21086","1":"product","2":"type-product","3":"status-publish","5":"product_cat-accessoires-2-de","7":"first","8":"instock","9":"taxable","10":"shipping-taxable","11":"product-type-simple"},"acf":[],"_links":{"self":[{"href":"https:\/\/evowatt.ch\/de\/wp-json\/wp\/v2\/product\/21086","targetHints":{"allow":["GET"]}}],"collection":[{"href":"https:\/\/evowatt.ch\/de\/wp-json\/wp\/v2\/product"}],"about":[{"href":"https:\/\/evowatt.ch\/de\/wp-json\/wp\/v2\/types\/product"}],"version-history":[{"count":0,"href":"https:\/\/evowatt.ch\/de\/wp-json\/wp\/v2\/product\/21086\/revisions"}],"wp:attachment":[{"href":"https:\/\/evowatt.ch\/de\/wp-json\/wp\/v2\/media?parent=21086"}],"wp:term":[{"taxonomy":"product_brand","embeddable":true,"href":"https:\/\/evowatt.ch\/de\/wp-json\/wp\/v2\/product_brand?post=21086"},{"taxonomy":"product_cat","embeddable":true,"href":"https:\/\/evowatt.ch\/de\/wp-json\/wp\/v2\/product_cat?post=21086"},{"taxonomy":"product_tag","embeddable":true,"href":"https:\/\/evowatt.ch\/de\/wp-json\/wp\/v2\/product_tag?post=21086"}],"curies":[{"name":"wp","href":"https:\/\/api.w.org\/{rel}","templated":true}]}}