{"id":21071,"date":"2023-10-01T20:42:35","date_gmt":"2023-10-01T18:42:35","guid":{"rendered":"https:\/\/evowatt.ch\/produit\/kaco-blueplanet-hybrid-12-0-nh3-m2\/"},"modified":"2025-06-10T19:40:02","modified_gmt":"2025-06-10T17:40:02","slug":"kaco-blueplanet-hybrid-12-0-nh3-m2","status":"publish","type":"product","link":"https:\/\/evowatt.ch\/de\/produkt\/kaco-blueplanet-hybrid-12-0-nh3-m2\/","title":{"rendered":"Kaco blueplanet hybrid 12.0 NH3 M2"},"content":{"rendered":"<p>Kaco blueplanet hybrid NH3 M2<\/p>\n<p>M\u00f6chten Sie die Kraft der Sonne nutzen? Und sie mit einem Stromspeicher kombinieren? Der Hybrid-Wechselrichter von KACO new energy ist das ideale Bindeglied zwischen der Photovoltaikanlage und den Batterien, damit Sie Ihren selbst erzeugten Solarstrom so effizient wie m\u00f6glich nutzen k\u00f6nnen.<\/p>\n<p><strong>Der blueplanet hybrid 12.0 NH3 M2 ist Solar- und Batteriewechselrichter in einem und erf\u00fcllt alle denkbaren Anforderungen an einen Solarspeicher :<\/strong><\/p>\n<p>&#8211; Einspeisung des Solarstroms in das Netz<br \/>\n&#8211; Batteriebetrieb nur bei Stromausfall<br \/>\n&#8211; Steuerzentrale f\u00fcr eine netzunabh\u00e4ngige Insel-Solaranlage (in K\u00fcrze).<\/p>\n<p>Neben Spitzenwirkungsgraden von \u00fcber 98% bei der Stromeinspeisung und \u00fcber 97% beim Laden und Entladen der Batterien weist der Wechselrichter auch ein hervorragendes Teillastverhalten auf.<\/p>\n","protected":false},"excerpt":{"rendered":"<ul>\n<li>Wechselrichterleistung von 12.0 kW, auch im Batteriebetrieb<\/li>\n<li>Dreiphasiger Betrieb parallel zum Netz, off-grid-f\u00e4hig (in K\u00fcrze)<\/li>\n<li>2 MPP-Tracker f\u00fcr die flexible Integration von PV-Anlagen<\/li>\n<li>&gt;98 % Wirkungsgrad, ausgezeichnetes Teillastverhalten<\/li>\n<\/ul>\n<p><a href=\"https:\/\/evowatt.ch\/wp-content\/uploads\/2023\/10\/TARGET-DTS-bp-hybrid-6-12NH3-M2-de-1.pdf\">TARGET-DTS-bp-hybrid-6-12NH3-M2-de (1)<\/a><\/p>\n<p><a href=\"https:\/\/evowatt.ch\/wp-content\/uploads\/2023\/10\/Herstellergarantiebedingungen_KACO.pdf\">Herstellergarantiebedingungen_KACO<\/a><\/p>\n","protected":false},"featured_media":0,"template":"","meta":{"_acf_changed":false},"product_brand":[473],"product_cat":[329,341,328],"product_tag":[],"class_list":{"0":"post-21071","1":"product","2":"type-product","3":"status-publish","5":"product_brand-kaco-de-2","6":"product_cat-3-phasig-de","7":"product_cat-hybrid-wechselrichter","8":"product_cat-wechselrichter","10":"first","11":"instock","12":"taxable","13":"shipping-taxable","14":"product-type-simple"},"acf":[],"_links":{"self":[{"href":"https:\/\/evowatt.ch\/de\/wp-json\/wp\/v2\/product\/21071","targetHints":{"allow":["GET"]}}],"collection":[{"href":"https:\/\/evowatt.ch\/de\/wp-json\/wp\/v2\/product"}],"about":[{"href":"https:\/\/evowatt.ch\/de\/wp-json\/wp\/v2\/types\/product"}],"version-history":[{"count":1,"href":"https:\/\/evowatt.ch\/de\/wp-json\/wp\/v2\/product\/21071\/revisions"}],"predecessor-version":[{"id":27572,"href":"https:\/\/evowatt.ch\/de\/wp-json\/wp\/v2\/product\/21071\/revisions\/27572"}],"wp:attachment":[{"href":"https:\/\/evowatt.ch\/de\/wp-json\/wp\/v2\/media?parent=21071"}],"wp:term":[{"taxonomy":"product_brand","embeddable":true,"href":"https:\/\/evowatt.ch\/de\/wp-json\/wp\/v2\/product_brand?post=21071"},{"taxonomy":"product_cat","embeddable":true,"href":"https:\/\/evowatt.ch\/de\/wp-json\/wp\/v2\/product_cat?post=21071"},{"taxonomy":"product_tag","embeddable":true,"href":"https:\/\/evowatt.ch\/de\/wp-json\/wp\/v2\/product_tag?post=21071"}],"curies":[{"name":"wp","href":"https:\/\/api.w.org\/{rel}","templated":true}]}}