{"id":20939,"date":"2023-10-30T20:46:45","date_gmt":"2023-10-30T19:46:45","guid":{"rendered":"https:\/\/evowatt.ch\/produit\/goodwe-gw-6-5-kn-et-plus-16-a\/"},"modified":"2024-01-16T17:13:30","modified_gmt":"2024-01-16T16:13:30","slug":"goodwe-gw-6-5-kn-et-plus-16-a","status":"publish","type":"product","link":"https:\/\/evowatt.ch\/de\/produkt\/goodwe-gw-6-5-kn-et-plus-16-a\/","title":{"rendered":"GOODWE GW 5 KN-ET Plus+ \/ 16 A \/ Back-up , wifi dongle und smartmeter inklusive"},"content":{"rendered":"<p>Die ET PLUS+ Hybrid-Wechselrichter wurden entwickelt, um die Energiebereitstellung zu maximieren, den Eigenverbrauch zu erh\u00f6hen und eine Notstromversorgung zu gew\u00e4hrleisten. Dank des integrierten \u00dcberspannungsschutzes bietet der Wechselrichter ET PLUS+ Schutz vor \u00dcberspannungen, die in PV-Str\u00e4ngen induziert werden k\u00f6nnen. Die gro\u00dfe Auswahl an Batteriespannungen bietet eine hohe Flexibilit\u00e4t bei der Konfiguration der Anlage.<\/p>\n<table class=\"table table-responsive table-borderless\" style=\"height: 535px\" width=\"728\">\n<tbody>\n<tr class=\"content-list\">\n<td class=\"attribute-name\">AC-Leistung<\/td>\n<td class=\"attribute-value\">6.50 kVA<\/td>\n<\/tr>\n<tr class=\"content-list\">\n<td class=\"attribute-name\">Ern\u00e4hrung<\/td>\n<td class=\"attribute-value\">Dreiphasig, 400V<\/td>\n<\/tr>\n<tr class=\"content-list\">\n<td class=\"attribute-name\">MPPT<\/td>\n<td class=\"attribute-value\">2<\/td>\n<\/tr>\n<tr class=\"content-list\">\n<td class=\"attribute-name\">Eingabe \u00fcber MPPT<\/td>\n<td class=\"attribute-value\">1<\/td>\n<\/tr>\n<tr class=\"content-list\">\n<td class=\"attribute-name\">DC-\u00dcberspannungsableiter<\/td>\n<td class=\"attribute-value\">SPD 2<\/td>\n<\/tr>\n<tr class=\"content-list\">\n<td class=\"attribute-name\">AC-\u00dcberspannungsableiter<\/td>\n<td class=\"attribute-value\">Nicht<\/td>\n<\/tr>\n<tr class=\"content-list\">\n<td class=\"attribute-name\">AC-Trennschalter<\/td>\n<td class=\"attribute-value\">Nicht<\/td>\n<\/tr>\n<tr class=\"content-list\">\n<td class=\"attribute-name\">Produktgarantie<\/td>\n<td class=\"attribute-value\">10 Jahre<\/td>\n<\/tr>\n<tr class=\"content-list\">\n<td class=\"attribute-name\">Schutzklasse<\/td>\n<td class=\"attribute-value\">IP66<\/td>\n<\/tr>\n<tr class=\"content-list\">\n<td class=\"attribute-name\">Maximale Spannung<\/td>\n<td class=\"attribute-value\">1&#8217;000.00 V<\/td>\n<\/tr>\n<tr class=\"content-list\">\n<td class=\"attribute-name\">Topologie<\/td>\n<td class=\"attribute-value\">ohne Transformator<\/td>\n<\/tr>\n<tr class=\"content-list\">\n<td class=\"attribute-name\">Maximale Effizienz nach EU<\/td>\n<td class=\"attribute-value\">97.20 %<\/td>\n<\/tr>\n<tr class=\"content-list\">\n<td class=\"attribute-name\">Maximale Effizienz<\/td>\n<td class=\"attribute-value\">98.00 %<\/td>\n<\/tr>\n<tr class=\"content-list\">\n<td class=\"attribute-name\">L\u00e4nge<\/td>\n<td class=\"attribute-value\">415 mm<\/td>\n<\/tr>\n<tr class=\"content-list\">\n<td class=\"attribute-name\">Breite<\/td>\n<td class=\"attribute-value\">516 mm<\/td>\n<\/tr>\n<tr class=\"content-list\">\n<td class=\"attribute-name\">Dicke<\/td>\n<td class=\"attribute-value\">180 mm<\/td>\n<\/tr>\n<tr class=\"content-list\">\n<td class=\"attribute-name\">Gewicht<\/td>\n<td class=\"attribute-value\">24.000 kg<\/td>\n<\/tr>\n<\/tbody>\n<\/table>\n<p>&nbsp;<\/p>\n","protected":false},"excerpt":{"rendered":"<ul>\n<li>Nennleistung DC [W] 6500<\/li>\n<li>H\u00f6he [mm] 516<\/li>\n<li>Eingangsspannung Max. CC [V] 1000<\/li>\n<li>Strom max. Ertrag () [%] 98<\/li>\n<li>Schutzklasse IP 66<\/li>\n<li>Tiefe [mm] 180<\/li>\n<li>Anschlussart DC MC4<\/li>\n<li>10 Jahre Garantie<\/li>\n<\/ul>\n<p><a href=\"https:\/\/evowatt.ch\/wp-content\/uploads\/2023\/10\/GW_ET-PLUS-16A_Datasheet_EMEA-FR.pdf\">GW_ET PLUS+ (16A)_Datasheet_EMEA-DE<\/a><\/p>\n<p><a href=\"https:\/\/evowatt.ch\/wp-content\/uploads\/2023\/09\/GW_ET-ET-PLUS-BT_User-Manual-EN-1.pdf\">GW_ET, ET PLUS+, BT_User Manual-EN<\/a><\/p>\n<p><a href=\"https:\/\/evowatt.ch\/wp-content\/uploads\/2023\/09\/GW_ET-ET-PLUS-BT_Quick-Installation-POLY.pdf\">GW_ET-ET PLUS- BT_Quick Installation-POLY<\/a><\/p>\n<p><a href=\"https:\/\/evowatt.ch\/wp-content\/uploads\/2023\/10\/EN_GoodWe_kompatible-Batterien-1.pdf\">EN_GoodWe_kompatible-Batterien<\/a><\/p>\n<p>&nbsp;<\/p>\n","protected":false},"featured_media":0,"template":"","meta":{"_acf_changed":false},"product_brand":[479],"product_cat":[329,341,328],"product_tag":[],"class_list":{"0":"post-20939","1":"product","2":"type-product","3":"status-publish","5":"product_brand-goodwe-de-2","6":"product_cat-3-phasig-de","7":"product_cat-hybrid-wechselrichter","8":"product_cat-wechselrichter","10":"first","11":"instock","12":"taxable","13":"shipping-taxable","14":"product-type-simple"},"acf":[],"_links":{"self":[{"href":"https:\/\/evowatt.ch\/de\/wp-json\/wp\/v2\/product\/20939","targetHints":{"allow":["GET"]}}],"collection":[{"href":"https:\/\/evowatt.ch\/de\/wp-json\/wp\/v2\/product"}],"about":[{"href":"https:\/\/evowatt.ch\/de\/wp-json\/wp\/v2\/types\/product"}],"version-history":[{"count":0,"href":"https:\/\/evowatt.ch\/de\/wp-json\/wp\/v2\/product\/20939\/revisions"}],"wp:attachment":[{"href":"https:\/\/evowatt.ch\/de\/wp-json\/wp\/v2\/media?parent=20939"}],"wp:term":[{"taxonomy":"product_brand","embeddable":true,"href":"https:\/\/evowatt.ch\/de\/wp-json\/wp\/v2\/product_brand?post=20939"},{"taxonomy":"product_cat","embeddable":true,"href":"https:\/\/evowatt.ch\/de\/wp-json\/wp\/v2\/product_cat?post=20939"},{"taxonomy":"product_tag","embeddable":true,"href":"https:\/\/evowatt.ch\/de\/wp-json\/wp\/v2\/product_tag?post=20939"}],"curies":[{"name":"wp","href":"https:\/\/api.w.org\/{rel}","templated":true}]}}