{"id":20908,"date":"2023-11-01T16:07:44","date_gmt":"2023-11-01T15:07:44","guid":{"rendered":"https:\/\/evowatt.ch\/produit\/goodwe-ev-charger-22kw-6m-cable-3-phases\/"},"modified":"2025-06-10T19:38:01","modified_gmt":"2025-06-10T17:38:01","slug":"goodwe-ev-charger-22kw-6m-cable-3-phases","status":"publish","type":"product","link":"https:\/\/evowatt.ch\/de\/produkt\/goodwe-ev-charger-22kw-6m-cable-3-phases\/","title":{"rendered":"GoodWe EV charger 22kW | 6m cable | 3-phases"},"content":{"rendered":"<p>Die neue AC Wallbox von GoodWe erm\u00f6glicht einen effizienten Energieverbrauch auf Solard\u00e4chern und ist in drei Leistungsklassen erh\u00e4ltlich: 7 kW, 11 kW und 22 kW. Die L\u00e4nge des Kabels betr\u00e4gt : 6 M. Durch die Kombination des GoodWe EV-Ladeger\u00e4ts mit den GoodWe-Wechselrichtern k\u00f6nnen Elektroautos tags\u00fcber \u00fcber SEMS aufgeladen werden. Der GM3000 Smart Meter (Artikel-ID: 4827) wird f\u00fcr die photovoltaische \u00dcberschussladung mit einem GoodWe PV-Wechselrichter ben\u00f6tigt. F\u00fcr die photovoltaische \u00dcberschussladung mit einem GoodWe Hybrid-Wechselrichter ist kein zus\u00e4tzlicher Smart Meter erforderlich, da dieser bereits im Lieferumfang des Wechselrichters enthalten ist. Die Wallbox kann an der Wand befestigt oder mithilfe einer S\u00e4ule auf dem Boden installiert werden.<\/p>\n<p>&nbsp;<\/p>\n<p>&nbsp;<\/p>\n","protected":false},"excerpt":{"rendered":"<ul>\n<li>Ladeleistung: 22 kW<\/li>\n<li>Ladestrom 16 A<\/li>\n<li>Anschluss an das dreiphasige Netz<\/li>\n<li>Kommunikation: Bluetooth, Wi-Fi<\/li>\n<li>Ladekabel Typ 2, 6 m<\/li>\n<li>Abmessungen: 208 \u00d7 450 \u00d7 150 mm (B x H x T)<\/li>\n<li>Gewicht: 6kg<\/li>\n<li>IP66<\/li>\n<li>Kompatibel mit allen EV-Marken<\/li>\n<\/ul>\n<p><a href=\"https:\/\/evowatt.ch\/wp-content\/uploads\/2023\/11\/Datasheet_GW_charger_GW-11-22KW.pdf\">Datasheet_GW_charger_GW-11-22KW<\/a><\/p>\n<p><a href=\"https:\/\/evowatt.ch\/wp-content\/uploads\/2023\/11\/Conformity_Charger_GW11-22KW.pdf\">Conformity_Charger_GW11-22KW<\/a><\/p>\n","protected":false},"featured_media":0,"template":"","meta":{"_acf_changed":false},"product_brand":[],"product_cat":[15],"product_tag":[],"class_list":{"0":"post-20908","1":"product","2":"type-product","3":"status-publish","5":"product_cat-chauffage-et-climatisation","7":"first","8":"instock","9":"taxable","10":"shipping-taxable","11":"product-type-simple"},"acf":[],"_links":{"self":[{"href":"https:\/\/evowatt.ch\/de\/wp-json\/wp\/v2\/product\/20908","targetHints":{"allow":["GET"]}}],"collection":[{"href":"https:\/\/evowatt.ch\/de\/wp-json\/wp\/v2\/product"}],"about":[{"href":"https:\/\/evowatt.ch\/de\/wp-json\/wp\/v2\/types\/product"}],"version-history":[{"count":1,"href":"https:\/\/evowatt.ch\/de\/wp-json\/wp\/v2\/product\/20908\/revisions"}],"predecessor-version":[{"id":27483,"href":"https:\/\/evowatt.ch\/de\/wp-json\/wp\/v2\/product\/20908\/revisions\/27483"}],"wp:attachment":[{"href":"https:\/\/evowatt.ch\/de\/wp-json\/wp\/v2\/media?parent=20908"}],"wp:term":[{"taxonomy":"product_brand","embeddable":true,"href":"https:\/\/evowatt.ch\/de\/wp-json\/wp\/v2\/product_brand?post=20908"},{"taxonomy":"product_cat","embeddable":true,"href":"https:\/\/evowatt.ch\/de\/wp-json\/wp\/v2\/product_cat?post=20908"},{"taxonomy":"product_tag","embeddable":true,"href":"https:\/\/evowatt.ch\/de\/wp-json\/wp\/v2\/product_tag?post=20908"}],"curies":[{"name":"wp","href":"https:\/\/api.w.org\/{rel}","templated":true}]}}