{"id":20879,"date":"2023-11-01T15:53:43","date_gmt":"2023-11-01T14:53:43","guid":{"rendered":"https:\/\/evowatt.ch\/produit\/huawei-smart-charger-22kt-so-3phasen\/"},"modified":"2024-09-14T11:29:52","modified_gmt":"2024-09-14T09:29:52","slug":"huawei-smart-charger-22kt-so-3phasen","status":"publish","type":"product","link":"https:\/\/evowatt.ch\/de\/produkt\/huawei-smart-charger-22kt-so-3phasen\/","title":{"rendered":"Huawei Smart Charger-22KT-SO (3Phasen)"},"content":{"rendered":"<p>Ladeleistung (konfigurierbar) 1,4kW bis 7,4 kW output 1.4kW4to 22 kW<\/p>\n<p>Nennspannung 230 V (einphasig) \u00b120%<\/p>\n<p>400 V (dreiphasig) \u00b120%<\/p>\n<p>Nennstrom (konfigurierbar) 6-32 A (einphasig) 6-32 A (dreiphasig oder einphasig)<\/p>\n<p>Gewicht 3000g<\/p>\n<p>&nbsp;<\/p>\n","protected":false},"excerpt":{"rendered":"<ul>\n<li>Automatischer Phasenschalter<\/li>\n<li>Dynamische Ladeleistung<\/li>\n<li>Alles in einer einzigen Anwendung<\/li>\n<li>Bluetooth-Authentifizierung vor dem Aufladen<\/li>\n<li>Vollst\u00e4ndige Kontrolle \u00fcber eine App E-Lock-Kabel f\u00fcr die Diebstahlsicherung<\/li>\n<li>Schutzklasse ip54<\/li>\n<\/ul>\n<p><a href=\"https:\/\/evowatt.ch\/wp-content\/uploads\/2023\/11\/Huawei_AC-Charger-Datasheet-V13.pdf\">Huawei_AC-Charger-Datasheet-V13<\/a><\/p>\n<p><a href=\"https:\/\/evowatt.ch\/wp-content\/uploads\/2023\/11\/Garantie_Huawei_GA-EN-2021-01.pdf\">Garantie_Huawei_GA-EN-2021-01<\/a><\/p>\n<p><a href=\"https:\/\/evowatt.ch\/wp-content\/uploads\/2023\/11\/Guide_Huawei_Fusion-Charge-AC-7kW_22kW_V3.0.pdf\">Handbuch_Huawei_Fusion Charge AC 7kW_22kW_V3.0<\/a><\/p>\n","protected":false},"featured_media":0,"template":"","meta":{"_acf_changed":false},"product_brand":[],"product_cat":[15],"product_tag":[],"class_list":{"0":"post-20879","1":"product","2":"type-product","3":"status-publish","5":"product_cat-chauffage-et-climatisation","7":"first","8":"instock","9":"taxable","10":"shipping-taxable","11":"product-type-simple"},"acf":[],"_links":{"self":[{"href":"https:\/\/evowatt.ch\/de\/wp-json\/wp\/v2\/product\/20879","targetHints":{"allow":["GET"]}}],"collection":[{"href":"https:\/\/evowatt.ch\/de\/wp-json\/wp\/v2\/product"}],"about":[{"href":"https:\/\/evowatt.ch\/de\/wp-json\/wp\/v2\/types\/product"}],"version-history":[{"count":1,"href":"https:\/\/evowatt.ch\/de\/wp-json\/wp\/v2\/product\/20879\/revisions"}],"predecessor-version":[{"id":23321,"href":"https:\/\/evowatt.ch\/de\/wp-json\/wp\/v2\/product\/20879\/revisions\/23321"}],"wp:attachment":[{"href":"https:\/\/evowatt.ch\/de\/wp-json\/wp\/v2\/media?parent=20879"}],"wp:term":[{"taxonomy":"product_brand","embeddable":true,"href":"https:\/\/evowatt.ch\/de\/wp-json\/wp\/v2\/product_brand?post=20879"},{"taxonomy":"product_cat","embeddable":true,"href":"https:\/\/evowatt.ch\/de\/wp-json\/wp\/v2\/product_cat?post=20879"},{"taxonomy":"product_tag","embeddable":true,"href":"https:\/\/evowatt.ch\/de\/wp-json\/wp\/v2\/product_tag?post=20879"}],"curies":[{"name":"wp","href":"https:\/\/api.w.org\/{rel}","templated":true}]}}