{"id":20841,"date":"2023-11-07T20:03:50","date_gmt":"2023-11-07T19:03:50","guid":{"rendered":"https:\/\/evowatt.ch\/produit\/onemid-universalsteigbuegel-schwarz-eloxiert\/"},"modified":"2025-04-06T20:42:10","modified_gmt":"2025-04-06T18:42:10","slug":"onemid-universalsteigbuegel-schwarz-eloxiert","status":"publish","type":"product","link":"https:\/\/evowatt.ch\/de\/produkt\/onemid-universalsteigbuegel-schwarz-eloxiert\/","title":{"rendered":"OneMid-Universalsteigb\u00fcgel, schwarz eloxiert"},"content":{"rendered":"<div id=\"description-tab-content\" class=\"h4 product-detail-description-title\">Informationen zum Produkt<\/div>\n<div class=\"product-detail-description-text\">Universalb\u00fcgel (Zwischenb\u00fcgel) in eloxiertem Schwarz. Zur Befestigung von Modulen mit einer Rahmenh\u00f6he von 30 bis 42 mm. Nicht kompatibel mit Dome 6 System- und FlatRail-Schienen, SolidRail L\/ LS \/XL und CrossRail 62\/ 90. Material: Aluminium EN AW 6063 T66 \/ A2 \/ PA Die Eloxierung kann durch Verpackung und Transport leichte Kratzer aufweisen.<\/div>\n<div class=\"product-detail-properties\">\n<div class=\"row product-detail-properties-container\">\n<div class=\"col-12\">\n<table class=\"table\">\n<tbody>\n<tr class=\"properties-row\">\n<th class=\"properties-label\">BEREICH F\u00dcR DIE VERWENDUNG:<\/th>\n<td class=\"properties-value\">Schr\u00e4gdach, Dachterrasse<\/td>\n<\/tr>\n<tr class=\"properties-row\">\n<th class=\"properties-label\">H\u00d6HE DES MODULRAHMENS [MM]:<\/th>\n<td class=\"properties-value\">30-42<\/td>\n<\/tr>\n<tr class=\"properties-row\">\n<th class=\"properties-label\">SYSTEME F\u00dcR DIE MONTAGE:<\/th>\n<td class=\"properties-value\">K2 BasicRail System, K2 MiniRail MK2 System, K2 MultiAngle System, K2 MultiRail System, K2 SingleRail System, K2 SolidRail System, K2 TiltUp Vento System, K2 Universal KL-Clamp System.<\/td>\n<\/tr>\n<tr class=\"properties-row\">\n<th class=\"properties-label\">ART DER KOMPONENTE:<\/th>\n<td class=\"properties-value\">Modulklemmen<\/td>\n<\/tr>\n<tr class=\"properties-row\">\n<th class=\"properties-label\">MATERIAL:<\/th>\n<td class=\"properties-value\">Aluminium EN AW 6063 T66, Rostfreier Stahl A2-70, Rostfreier Stahl 1.4301<\/td>\n<\/tr>\n<tr class=\"properties-row\">\n<th class=\"properties-label\">SALES UNIT:<\/th>\n<td class=\"properties-value\">20 St\u00fcck<\/td>\n<\/tr>\n<tr class=\"properties-row\">\n<th class=\"properties-label\">INFORMATIONEN AUF DER VERPACKUNG:<\/th>\n<td class=\"properties-value\">\n<div>20 \/ Tasche<\/div>\n<div>120 \/ Karton<\/div>\n<div>2.880 \/ Palette<\/div>\n<\/td>\n<\/tr>\n<tr class=\"properties-row\">\n<th class=\"properties-label\">GEWICHT :<\/th>\n<td class=\"properties-value\">0.079 Kg<\/td>\n<\/tr>\n<\/tbody>\n<\/table>\n<\/div>\n<\/div>\n<\/div>\n","protected":false},"excerpt":{"rendered":"<ul>\n<li>H\u00f6he 60 mm<\/li>\n<li>Breite 65 mm<\/li>\n<li>Tiefe 37 mm<\/li>\n<li>Gewicht 0,08 kg<\/li>\n<\/ul>\n<p><a href=\"https:\/\/evowatt.ch\/wp-content\/uploads\/2023\/11\/Fiche-technique-de-MD22.pdf\">Datenblatt-von-MD22<\/a><\/p>\n<p><a href=\"https:\/\/catalogue.k2-systems.com\/\">Katalog.k2-systems.com\/<\/a><\/p>\n","protected":false},"featured_media":0,"template":"","meta":{"_acf_changed":false},"product_brand":[],"product_cat":[15],"product_tag":[],"class_list":{"0":"post-20841","1":"product","2":"type-product","3":"status-publish","5":"product_cat-chauffage-et-climatisation","7":"first","8":"instock","9":"taxable","10":"shipping-taxable","11":"product-type-simple"},"acf":[],"_links":{"self":[{"href":"https:\/\/evowatt.ch\/de\/wp-json\/wp\/v2\/product\/20841","targetHints":{"allow":["GET"]}}],"collection":[{"href":"https:\/\/evowatt.ch\/de\/wp-json\/wp\/v2\/product"}],"about":[{"href":"https:\/\/evowatt.ch\/de\/wp-json\/wp\/v2\/types\/product"}],"version-history":[{"count":1,"href":"https:\/\/evowatt.ch\/de\/wp-json\/wp\/v2\/product\/20841\/revisions"}],"predecessor-version":[{"id":26504,"href":"https:\/\/evowatt.ch\/de\/wp-json\/wp\/v2\/product\/20841\/revisions\/26504"}],"wp:attachment":[{"href":"https:\/\/evowatt.ch\/de\/wp-json\/wp\/v2\/media?parent=20841"}],"wp:term":[{"taxonomy":"product_brand","embeddable":true,"href":"https:\/\/evowatt.ch\/de\/wp-json\/wp\/v2\/product_brand?post=20841"},{"taxonomy":"product_cat","embeddable":true,"href":"https:\/\/evowatt.ch\/de\/wp-json\/wp\/v2\/product_cat?post=20841"},{"taxonomy":"product_tag","embeddable":true,"href":"https:\/\/evowatt.ch\/de\/wp-json\/wp\/v2\/product_tag?post=20841"}],"curies":[{"name":"wp","href":"https:\/\/api.w.org\/{rel}","templated":true}]}}