{"id":20839,"date":"2023-11-05T20:11:22","date_gmt":"2023-11-05T19:11:22","guid":{"rendered":"https:\/\/evowatt.ch\/produit\/k2-d-dome-v-10-set-v-10-3-stk\/"},"modified":"2023-11-05T20:11:22","modified_gmt":"2023-11-05T19:11:22","slug":"k2-d-dome-v-10-set-v-10-3-stk","status":"publish","type":"product","link":"https:\/\/evowatt.ch\/de\/produkt\/k2-d-dome-v-10-set-v-10-3-stk\/","title":{"rendered":"K2 D-Dome V 10 Set V 10 \/ 3 Stk."},"content":{"rendered":"<div id=\"description-tab-content\" class=\"h4 product-detail-description-title\">Informationen zum Produkt<\/div>\n<div class=\"product-detail-description-text\">Befestigungselement f\u00fcr das vormontierte Modul des D-Dome V-Systems, speziell f\u00fcr Flachd\u00e4cher. Das Set besteht aus: 1x D-Dome V Basis (2003057), 2x Dome V Clip (2002848), 2x Dome V Peak (2003060), Material: Aluminium EN AW-6063 T66 und Edelstahl (1.4310).<\/div>\n<div class=\"product-detail-properties\">\n<div class=\"row product-detail-properties-container\">\n<div class=\"col-12\">\n<table class=\"table\">\n<tbody>\n<tr class=\"properties-row\">\n<th class=\"properties-label\">ANWENDUNGSBEREICH:<\/th>\n<td class=\"properties-value\">Dachterrasse<\/td>\n<\/tr>\n<tr class=\"properties-row\">\n<th class=\"properties-label\">MATERIAL:<\/th>\n<td class=\"properties-value\">Aluminium, Edelstahl<\/td>\n<\/tr>\n<tr class=\"properties-row\">\n<th class=\"properties-label\">INFORMATIONEN AUF DER VERPACKUNG:<\/th>\n<td class=\"properties-value\">\n<div>10 \/ Karton<\/div>\n<div>240 \/ Palette<\/div>\n<\/td>\n<\/tr>\n<tr class=\"properties-row\">\n<th class=\"properties-label\">GEWICHT :<\/th>\n<td class=\"properties-value\">0.625 Kg<\/td>\n<\/tr>\n<\/tbody>\n<\/table>\n<\/div>\n<\/div>\n<\/div>\n","protected":false},"excerpt":{"rendered":"<ul>\n<li>H\u00f6he 105 mm<\/li>\n<li>Breite 175 mm<\/li>\n<li>Tiefe 128 mm<\/li>\n<li>Gewicht 0,63 kg<\/li>\n<\/ul>\n<p><a href=\"https:\/\/catalogue.k2-systems.com\/\">Katalog.k2-systems.com\/<\/a><\/p>\n","protected":false},"featured_media":0,"template":"","meta":{"_acf_changed":false},"product_brand":[],"product_cat":[335],"product_tag":[],"class_list":{"0":"post-20839","1":"product","2":"type-product","3":"status-publish","5":"product_cat-montagesysteme","7":"first","8":"instock","9":"taxable","10":"shipping-taxable","11":"product-type-simple"},"acf":[],"_links":{"self":[{"href":"https:\/\/evowatt.ch\/de\/wp-json\/wp\/v2\/product\/20839","targetHints":{"allow":["GET"]}}],"collection":[{"href":"https:\/\/evowatt.ch\/de\/wp-json\/wp\/v2\/product"}],"about":[{"href":"https:\/\/evowatt.ch\/de\/wp-json\/wp\/v2\/types\/product"}],"version-history":[{"count":0,"href":"https:\/\/evowatt.ch\/de\/wp-json\/wp\/v2\/product\/20839\/revisions"}],"wp:attachment":[{"href":"https:\/\/evowatt.ch\/de\/wp-json\/wp\/v2\/media?parent=20839"}],"wp:term":[{"taxonomy":"product_brand","embeddable":true,"href":"https:\/\/evowatt.ch\/de\/wp-json\/wp\/v2\/product_brand?post=20839"},{"taxonomy":"product_cat","embeddable":true,"href":"https:\/\/evowatt.ch\/de\/wp-json\/wp\/v2\/product_cat?post=20839"},{"taxonomy":"product_tag","embeddable":true,"href":"https:\/\/evowatt.ch\/de\/wp-json\/wp\/v2\/product_tag?post=20839"}],"curies":[{"name":"wp","href":"https:\/\/api.w.org\/{rel}","templated":true}]}}