{"id":20822,"date":"2023-11-05T20:23:56","date_gmt":"2023-11-05T19:23:56","guid":{"rendered":"https:\/\/evowatt.ch\/produit\/k2-set-universal-steigbuegel-oneend-30-42mm-2002514\/"},"modified":"2025-01-01T21:10:37","modified_gmt":"2025-01-01T20:10:37","slug":"k2-set-universal-steigbuegel-oneend-30-42mm-2002514","status":"publish","type":"product","link":"https:\/\/evowatt.ch\/de\/produkt\/k2-set-universal-steigbuegel-oneend-30-42mm-2002514\/","title":{"rendered":"K2 Set Universal Steigb\u00fcgel OneEnd 30-42mm\/2002514"},"content":{"rendered":"<div id=\"description-tab-content\" class=\"h4 product-detail-description-title\">Informationen zum Produkt<\/div>\n<div class=\"product-detail-description-text\">Universalhebeb\u00fcgel (endg\u00fcltig) K2. Einfacher Klick zur Befestigung von PV-Modulen mit einer Rahmenh\u00f6he von 30-42 mm. Nicht kompatibel mit K2 Dome 6 System und K2 FlatRail, SolidRail L\/ LS \/XL und CrossRail 62\/ 90. Material: Aluminium EN AW 6063 T66 \/ EN AW 6082 T6 \/ A2 \/ POM<\/div>\n<div class=\"product-detail-properties\">\n<div class=\"row product-detail-properties-container\">\n<div class=\"col-12\">\n<table class=\"table\">\n<tbody>\n<tr class=\"properties-row\">\n<th class=\"properties-label\">BEREICH F\u00dcR DIE VERWENDUNG:<\/th>\n<td class=\"properties-value\">Schr\u00e4gdach, Dachterrasse<\/td>\n<\/tr>\n<tr class=\"properties-row\">\n<th class=\"properties-label\">H\u00d6HE DES MODULRAHMENS [MM]:<\/th>\n<td class=\"properties-value\">30-42<\/td>\n<\/tr>\n<tr class=\"properties-row\">\n<th class=\"properties-label\">SYSTEME F\u00dcR DIE MONTAGE:<\/th>\n<td class=\"properties-value\">K2 BasicRail System, K2 MiniRail MK2 System, K2 MultiAngle System, K2 MultiRail System, K2 SingleRail System, K2 SolidRail System, K2 TiltUp Vento System, K2 Universal KL-Clamp System.<\/td>\n<\/tr>\n<tr class=\"properties-row\">\n<th class=\"properties-label\">ART DER KOMPONENTE:<\/th>\n<td class=\"properties-value\">Modulklemmen<\/td>\n<\/tr>\n<tr class=\"properties-row\">\n<th class=\"properties-label\">MATERIAL:<\/th>\n<td class=\"properties-value\">Aluminium EN AW 6063 T66, Rostfreier Stahl A2-70, Rostfreier Stahl 1.4301, Polyamid<\/td>\n<\/tr>\n<tr class=\"properties-row\">\n<th class=\"properties-label\">SALES UNIT:<\/th>\n<td class=\"properties-value\">20 St\u00fcck<\/td>\n<\/tr>\n<tr class=\"properties-row\">\n<th class=\"properties-label\">INFORMATIONEN AUF DER VERPACKUNG:<\/th>\n<td class=\"properties-value\">\n<div>20 \/ Tasche<\/div>\n<div>120 \/ Karton<\/div>\n<div>2.880 \/ Palette<\/div>\n<\/td>\n<\/tr>\n<\/tbody>\n<\/table>\n<\/div>\n<\/div>\n<\/div>\n","protected":false},"excerpt":{"rendered":"<ul>\n<li>H\u00f6he 55 mm<\/li>\n<li>Breite 65 mm<\/li>\n<li>Tiefe 33 mm<\/li>\n<li>Gewicht 0,09 kg<\/li>\n<\/ul>\n<p><a href=\"https:\/\/evowatt.ch\/wp-content\/uploads\/2023\/11\/Manuel_de_-montage-1.pdf\">Handbuch_f\u00fcr_die_Montage<\/a><\/p>\n<p><a href=\"https:\/\/catalogue.k2-systems.com\/\">Katalog.k2-systems.com\/<\/a><\/p>\n<p>&nbsp;<\/p>\n","protected":false},"featured_media":0,"template":"","meta":{"_acf_changed":false},"product_brand":[],"product_cat":[15],"product_tag":[],"class_list":{"0":"post-20822","1":"product","2":"type-product","3":"status-publish","5":"product_cat-chauffage-et-climatisation","7":"first","8":"instock","9":"taxable","10":"shipping-taxable","11":"product-type-simple"},"acf":[],"_links":{"self":[{"href":"https:\/\/evowatt.ch\/de\/wp-json\/wp\/v2\/product\/20822","targetHints":{"allow":["GET"]}}],"collection":[{"href":"https:\/\/evowatt.ch\/de\/wp-json\/wp\/v2\/product"}],"about":[{"href":"https:\/\/evowatt.ch\/de\/wp-json\/wp\/v2\/types\/product"}],"version-history":[{"count":1,"href":"https:\/\/evowatt.ch\/de\/wp-json\/wp\/v2\/product\/20822\/revisions"}],"predecessor-version":[{"id":26145,"href":"https:\/\/evowatt.ch\/de\/wp-json\/wp\/v2\/product\/20822\/revisions\/26145"}],"wp:attachment":[{"href":"https:\/\/evowatt.ch\/de\/wp-json\/wp\/v2\/media?parent=20822"}],"wp:term":[{"taxonomy":"product_brand","embeddable":true,"href":"https:\/\/evowatt.ch\/de\/wp-json\/wp\/v2\/product_brand?post=20822"},{"taxonomy":"product_cat","embeddable":true,"href":"https:\/\/evowatt.ch\/de\/wp-json\/wp\/v2\/product_cat?post=20822"},{"taxonomy":"product_tag","embeddable":true,"href":"https:\/\/evowatt.ch\/de\/wp-json\/wp\/v2\/product_tag?post=20822"}],"curies":[{"name":"wp","href":"https:\/\/api.w.org\/{rel}","templated":true}]}}