{"id":20816,"date":"2023-08-25T22:11:51","date_gmt":"2023-08-25T20:11:51","guid":{"rendered":"https:\/\/evowatt.ch\/produit\/blueplanet-50-0-tl3-m\/"},"modified":"2023-08-25T22:11:51","modified_gmt":"2023-08-25T20:11:51","slug":"blueplanet-50-0-tl3-m","status":"publish","type":"product","link":"https:\/\/evowatt.ch\/de\/produkt\/blueplanet-50-0-tl3-m\/","title":{"rendered":"blueplanet 50.0 TL3-M"},"content":{"rendered":"<div class=\"container\">\n<div class=\"row\">\n<div class=\"productDescription col-12 col-lg-8 frame-space-before-small frame-space-after-small\">\n<p>Beim Bau von Solarkraftwerken muss man sich mehr denn je fragen: Wie kann ich die Planung, die Installation und den stabilen Betrieb effizient miteinander verbinden? Mit dem blueplanet 50.0 TL3 wird dieses Ziel erreicht, auch wenn sich die Variablen von Projekt zu Projekt \u00e4ndern.<\/p>\n<h3>Ein Wechselrichter, viele Anwendungen<\/h3>\n<p>Es gibt verschiedene Versionen dieses String-Wechselrichters, die es erm\u00f6glichen, ihn an Ihr spezielles PV-Projekt anzupassen. Die XLF-Version beispielsweise passt in einen 10-kanaligen DC-Schaltschrank gem\u00e4\u00df UTE C15 712-1, dank der internen Sicherungshalter und ihrer 15- oder 20-A-Sicherungen auf der PV+-Polarit\u00e4t, der externen &#8220;Fuses In Line&#8221; auf der PV&#8211;Polarit\u00e4t, des Trennschalters mit externem Griff, der in der OFF-Position verriegelt werden kann, der doppelt isolierten DC-Kabel sowie des DC-Ableiters Typ I + II auf einer Halterung.<\/p>\n<p>Hier sind die Merkmale f\u00fcr alle Wechselrichterversionen :<\/p>\n<ul class=\"default-list\">\n<li>Optionale Variante OD+ gegen Salzkorrosion in Meeresn\u00e4he<\/li>\n<li>Sp\u00e4te Leistungsreduzierung f\u00fcr den Einsatz in W\u00fcstenregionen.<\/li>\n<\/ul>\n<p>So realisieren Sie sowohl professionelle Dachanlagen als auch Solarparks auf Freifl\u00e4chen mit einer einzigen Wechselrichterplattform, die seit 2016 in Projekten mit \u00fcber 2,5 Gigawatt Leistung international montiert wurde.<\/p>\n<h3>Optimierte Gesamtkosten<\/h3>\n<p>Sie finden darauf eine Vielzahl von Eigenschaften, die auf maximale technische und wirtschaftliche Effizienz ausgerichtet sind. Auf diese Weise ebnet der Wechselrichter den Weg zu optimierten Kosten f\u00fcr Solarkraftwerke.<\/p>\n<\/div>\n<\/div>\n<\/div>\n<div class=\"container frame-space-before-small frame-space-after-small\">\n<div class=\"row\">\n<div class=\"productBenefits col-12 col-lg-8\">\n<h3>Ihre <b>Vorteile<\/b> auf einen Blick<\/h3>\n<ul class=\"default-list\">\n<li>Kompaktes Wandger\u00e4t f\u00fcr dezentrale Installationskonfigurationen<\/li>\n<li>Ma\u00dfgeschneidert f\u00fcr wirtschaftliche Besch\u00e4ftigung in Solarparks<\/li>\n<li>Zahlreiche Ausstattungsvarianten bedienen gezielte Projektanwendungen<\/li>\n<li>Besondere Eigenschaften f\u00fcr extreme klimatische Bedingungen<\/li>\n<li>Angenehmer Anschlussbereich, benutzerfreundliche Steuerung<\/li>\n<li>Koppelschalter f\u00fcr kosteng\u00fcnstigen RI-Schutz mit Powador-protect<\/li>\n<li>Zertifiziert f\u00fcr Japan<\/li>\n<\/ul>\n<\/div>\n<\/div>\n<\/div>\n","protected":false},"excerpt":{"rendered":"<p class=\"paragraph\">Solar-Wechselrichter f\u00fcr dezentrale gewerbliche und industrielle Photovoltaikanlagen.<\/p>\n<p><a href=\"https:\/\/evowatt.ch\/wp-content\/uploads\/2023\/08\/DTS_CH_BP_50.0-60.0_TL3_02_fr.pdf\">DTS_CH_BP_50.0-60.0_TL3_02_fr<\/a><\/p>\n","protected":false},"featured_media":0,"template":"","meta":{"_acf_changed":false},"product_brand":[],"product_cat":[328],"product_tag":[],"class_list":{"0":"post-20816","1":"product","2":"type-product","3":"status-publish","5":"product_cat-wechselrichter","7":"first","8":"instock","9":"taxable","10":"shipping-taxable","11":"product-type-simple"},"acf":[],"_links":{"self":[{"href":"https:\/\/evowatt.ch\/de\/wp-json\/wp\/v2\/product\/20816","targetHints":{"allow":["GET"]}}],"collection":[{"href":"https:\/\/evowatt.ch\/de\/wp-json\/wp\/v2\/product"}],"about":[{"href":"https:\/\/evowatt.ch\/de\/wp-json\/wp\/v2\/types\/product"}],"version-history":[{"count":0,"href":"https:\/\/evowatt.ch\/de\/wp-json\/wp\/v2\/product\/20816\/revisions"}],"wp:attachment":[{"href":"https:\/\/evowatt.ch\/de\/wp-json\/wp\/v2\/media?parent=20816"}],"wp:term":[{"taxonomy":"product_brand","embeddable":true,"href":"https:\/\/evowatt.ch\/de\/wp-json\/wp\/v2\/product_brand?post=20816"},{"taxonomy":"product_cat","embeddable":true,"href":"https:\/\/evowatt.ch\/de\/wp-json\/wp\/v2\/product_cat?post=20816"},{"taxonomy":"product_tag","embeddable":true,"href":"https:\/\/evowatt.ch\/de\/wp-json\/wp\/v2\/product_tag?post=20816"}],"curies":[{"name":"wp","href":"https:\/\/api.w.org\/{rel}","templated":true}]}}