{"id":20769,"date":"2023-11-12T15:04:05","date_gmt":"2023-11-12T14:04:05","guid":{"rendered":"https:\/\/evowatt.ch\/produit\/solar-log-base-15\/"},"modified":"2023-11-12T15:04:05","modified_gmt":"2023-11-12T14:04:05","slug":"solar-log-base-15","status":"publish","type":"product","link":"https:\/\/evowatt.ch\/de\/produkt\/solar-log-base-15\/","title":{"rendered":"Solar-Log Base 15"},"content":{"rendered":"<p>Die n\u00e4chste Generation von Solar-Log\u2122 vereint intelligente Funktionalit\u00e4t mit hoher Flexibilit\u00e4t f\u00fcr mehr Effizienz bei der Steuerung, Regelung und \u00dcberwachung von PV-Anlagen im professionellen Energiemanagement.<\/p>\n<p>Schnittstellen:<br \/>\n&#8211; 2x RS485 oder 1x RS422<br \/>\n&#8211; 2x LAN<br \/>\n&#8211; 2x USB<br \/>\n&#8211; 1x S0<\/p>\n","protected":false},"excerpt":{"rendered":"<ul>\n<li>Produktgarantie (Jahre): 2<\/li>\n<li>Name des Herstellers : Solar-Log Base 2000<\/li>\n<li>instastat-Produktnummer: 84719000<\/li>\n<li>Artikel-Nummer des Herstellers: 256327<\/li>\n<\/ul>\n<p><a href=\"https:\/\/evowatt.ch\/wp-content\/uploads\/2023\/11\/Datasheet_logbase_de.pdf\">Datasheet_logbase_de<\/a><\/p>\n<p><a href=\"https:\/\/evowatt.ch\/wp-content\/uploads\/2023\/11\/Instruction_de.pdf\">Anweisung_von<\/a><\/p>\n","protected":false},"featured_media":0,"template":"","meta":{"_acf_changed":false},"product_brand":[507],"product_cat":[390,391],"product_tag":[],"class_list":{"0":"post-20769","1":"product","2":"type-product","3":"status-publish","5":"product_brand-solar-log-de","6":"product_cat-monitoring-de","7":"product_cat-solar-log-de","9":"first","10":"instock","11":"taxable","12":"shipping-taxable","13":"product-type-simple"},"acf":[],"_links":{"self":[{"href":"https:\/\/evowatt.ch\/de\/wp-json\/wp\/v2\/product\/20769","targetHints":{"allow":["GET"]}}],"collection":[{"href":"https:\/\/evowatt.ch\/de\/wp-json\/wp\/v2\/product"}],"about":[{"href":"https:\/\/evowatt.ch\/de\/wp-json\/wp\/v2\/types\/product"}],"version-history":[{"count":0,"href":"https:\/\/evowatt.ch\/de\/wp-json\/wp\/v2\/product\/20769\/revisions"}],"wp:attachment":[{"href":"https:\/\/evowatt.ch\/de\/wp-json\/wp\/v2\/media?parent=20769"}],"wp:term":[{"taxonomy":"product_brand","embeddable":true,"href":"https:\/\/evowatt.ch\/de\/wp-json\/wp\/v2\/product_brand?post=20769"},{"taxonomy":"product_cat","embeddable":true,"href":"https:\/\/evowatt.ch\/de\/wp-json\/wp\/v2\/product_cat?post=20769"},{"taxonomy":"product_tag","embeddable":true,"href":"https:\/\/evowatt.ch\/de\/wp-json\/wp\/v2\/product_tag?post=20769"}],"curies":[{"name":"wp","href":"https:\/\/api.w.org\/{rel}","templated":true}]}}