{"id":20750,"date":"2023-11-13T22:10:58","date_gmt":"2023-11-13T21:10:58","guid":{"rendered":"https:\/\/evowatt.ch\/produit\/k2-solidrail-light-new-4-80-m-2004395\/"},"modified":"2025-01-01T21:04:34","modified_gmt":"2025-01-01T20:04:34","slug":"k2-solidrail-light-new-4-80-m-2004395","status":"publish","type":"product","link":"https:\/\/evowatt.ch\/de\/produkt\/k2-solidrail-light-new-4-80-m-2004395\/","title":{"rendered":"K2 SolidRail Light New; 4.80 m\/2004395"},"content":{"rendered":"<div id=\"description-tab-content\" class=\"h4 product-detail-description-title\">Informationen zum Produkt<\/div>\n<div class=\"product-detail-description-text\">K2-Montageschiene L\u00e4nge 4,80 m. F\u00fcr verschiedene Arten von D\u00e4chern vorgesehen.<\/div>\n<div class=\"product-detail-description-text\">Material: Aluminium EN AW-6063 T66<\/div>\n<div><\/div>\n<div class=\"product-detail-properties\">\n<div class=\"row product-detail-properties-container\">\n<div class=\"col-12\">\n<table class=\"table\" style=\"height: 261px\" width=\"788\">\n<tbody>\n<tr class=\"properties-row\">\n<th class=\"properties-label\">BEREICH F\u00dcR DIE VERWENDUNG:<\/th>\n<td class=\"properties-value\">Schr\u00e4gd\u00e4cher<\/td>\n<\/tr>\n<tr class=\"properties-row\">\n<th class=\"properties-label\">H\u00d6HE [MM]:<\/th>\n<td class=\"properties-value\">37<\/td>\n<\/tr>\n<tr class=\"properties-row\">\n<th class=\"properties-label\">BREITE [MM]:<\/th>\n<td class=\"properties-value\">39.5<\/td>\n<\/tr>\n<tr class=\"properties-row\">\n<th class=\"properties-label\">L\u00c4NGE [M]:<\/th>\n<td class=\"properties-value\">4,80<\/td>\n<\/tr>\n<tr class=\"properties-row\">\n<th class=\"properties-label\">OBERFL\u00c4CHE:<\/th>\n<td class=\"properties-value\">Aluminium roh<\/td>\n<\/tr>\n<tr class=\"properties-row\">\n<th class=\"properties-label\">SYSTEME F\u00dcR DIE MONTAGE:<\/th>\n<td class=\"properties-value\">K2 InsertionRail System, K2 SolidRail System<\/td>\n<\/tr>\n<tr class=\"properties-row\">\n<th class=\"properties-label\">ART DER KOMPONENTE:<\/th>\n<td class=\"properties-value\">Montageschiene<\/td>\n<\/tr>\n<tr class=\"properties-row\">\n<th class=\"properties-label\">MATERIAL:<\/th>\n<td class=\"properties-value\">Aluminium EN AW 6063-T66<\/td>\n<\/tr>\n<\/tbody>\n<\/table>\n<\/div>\n<\/div>\n<\/div>\n","protected":false},"excerpt":{"rendered":"<ul>\n<li>H\u00f6he 37 mm<\/li>\n<li>Breite 39 mm<\/li>\n<li>Produktl\u00e4nge 4800 mm<\/li>\n<li>Gewicht 4.19 kg<\/li>\n<\/ul>\n<p><a href=\"https:\/\/evowatt.ch\/wp-content\/uploads\/2023\/11\/Datasheet_2004268-de.pdf\">Datasheet_2004268-de<\/a><\/p>\n<div class=\"table-row\"><\/div>\n<div class=\"table-row\">\n<div class=\"table-cell data\"><\/div>\n<\/div>\n","protected":false},"featured_media":0,"template":"","meta":{"_acf_changed":false},"product_brand":[],"product_cat":[15],"product_tag":[],"class_list":{"0":"post-20750","1":"product","2":"type-product","3":"status-publish","5":"product_cat-chauffage-et-climatisation","7":"first","8":"instock","9":"taxable","10":"shipping-taxable","11":"product-type-simple"},"acf":[],"_links":{"self":[{"href":"https:\/\/evowatt.ch\/de\/wp-json\/wp\/v2\/product\/20750","targetHints":{"allow":["GET"]}}],"collection":[{"href":"https:\/\/evowatt.ch\/de\/wp-json\/wp\/v2\/product"}],"about":[{"href":"https:\/\/evowatt.ch\/de\/wp-json\/wp\/v2\/types\/product"}],"version-history":[{"count":1,"href":"https:\/\/evowatt.ch\/de\/wp-json\/wp\/v2\/product\/20750\/revisions"}],"predecessor-version":[{"id":26139,"href":"https:\/\/evowatt.ch\/de\/wp-json\/wp\/v2\/product\/20750\/revisions\/26139"}],"wp:attachment":[{"href":"https:\/\/evowatt.ch\/de\/wp-json\/wp\/v2\/media?parent=20750"}],"wp:term":[{"taxonomy":"product_brand","embeddable":true,"href":"https:\/\/evowatt.ch\/de\/wp-json\/wp\/v2\/product_brand?post=20750"},{"taxonomy":"product_cat","embeddable":true,"href":"https:\/\/evowatt.ch\/de\/wp-json\/wp\/v2\/product_cat?post=20750"},{"taxonomy":"product_tag","embeddable":true,"href":"https:\/\/evowatt.ch\/de\/wp-json\/wp\/v2\/product_tag?post=20750"}],"curies":[{"name":"wp","href":"https:\/\/api.w.org\/{rel}","templated":true}]}}