{"id":20745,"date":"2023-11-13T21:59:21","date_gmt":"2023-11-13T20:59:21","guid":{"rendered":"https:\/\/evowatt.ch\/produit\/k2-basicrail-22-480-m-2004278\/"},"modified":"2025-01-01T21:04:36","modified_gmt":"2025-01-01T20:04:36","slug":"k2-basicrail-22-480-m-2004278","status":"publish","type":"product","link":"https:\/\/evowatt.ch\/de\/produkt\/k2-basicrail-22-480-m-2004278\/","title":{"rendered":"K2 BasicRail 22; 4,80 m\/2004278"},"content":{"rendered":"<div id=\"description-tab-content\" class=\"h4 product-detail-description-title\">Informationen zum Produkt<\/div>\n<div class=\"product-detail-description-text\">K2-Montageschiene L\u00e4nge 4,80 m. F\u00fcr Trapezblechd\u00e4cher, Befestigung direkt in der Dachhaut \u00fcber BasicClip (1001164) Material: Aluminium EN AW-6063 T66<\/div>\n<div class=\"product-detail-properties\">\n<div class=\"row product-detail-properties-container\">\n<div class=\"col-12\">\n<table class=\"table\">\n<tbody>\n<tr class=\"properties-row\">\n<th class=\"properties-label\">BEREICH F\u00dcR DIE VERWENDUNG:<\/th>\n<td class=\"properties-value\">Schr\u00e4gdach, Dachterrasse<\/td>\n<\/tr>\n<tr class=\"properties-row\">\n<th class=\"properties-label\">H\u00d6HE [MM]:<\/th>\n<td class=\"properties-value\">22.5<\/td>\n<\/tr>\n<tr class=\"properties-row\">\n<th class=\"properties-label\">BREITE [MM]:<\/th>\n<td class=\"properties-value\">63<\/td>\n<\/tr>\n<tr class=\"properties-row\">\n<th class=\"properties-label\">L\u00c4NGE [M]:<\/th>\n<td class=\"properties-value\">4,80<\/td>\n<\/tr>\n<tr class=\"properties-row\">\n<th class=\"properties-label\">OBERFL\u00c4CHE:<\/th>\n<td class=\"properties-value\">Aluminium roh<\/td>\n<\/tr>\n<tr class=\"properties-row\">\n<th class=\"properties-label\">SYSTEME F\u00dcR DIE MONTAGE:<\/th>\n<td class=\"properties-value\">K2 BasicRail System, K2 Dome 6 System, K2 Dome Zero System, K2 MultiAngle System<\/td>\n<\/tr>\n<tr class=\"properties-row\">\n<th class=\"properties-label\">ART DER KOMPONENTE:<\/th>\n<td class=\"properties-value\">Montageschiene<\/td>\n<\/tr>\n<tr class=\"properties-row\">\n<th class=\"properties-label\">MATERIAL:<\/th>\n<td class=\"properties-value\">Aluminium EN AW 6063-T66<\/td>\n<\/tr>\n<\/tbody>\n<\/table>\n<\/div>\n<\/div>\n<\/div>\n","protected":false},"excerpt":{"rendered":"<ul>\n<li>H\u00f6he 23 mm<\/li>\n<li>Breite 63 mm<\/li>\n<li>Produktl\u00e4nge 4700 mm<\/li>\n<li>Gewicht 3,09 kg<\/li>\n<\/ul>\n<p><a href=\"https:\/\/evowatt.ch\/wp-content\/uploads\/2023\/11\/Datasheet_2004276-de.pdf\">Datasheet_2004276-de<\/a><\/p>\n","protected":false},"featured_media":0,"template":"","meta":{"_acf_changed":false},"product_brand":[],"product_cat":[15],"product_tag":[],"class_list":{"0":"post-20745","1":"product","2":"type-product","3":"status-publish","5":"product_cat-chauffage-et-climatisation","7":"first","8":"instock","9":"taxable","10":"shipping-taxable","11":"product-type-simple"},"acf":[],"_links":{"self":[{"href":"https:\/\/evowatt.ch\/de\/wp-json\/wp\/v2\/product\/20745","targetHints":{"allow":["GET"]}}],"collection":[{"href":"https:\/\/evowatt.ch\/de\/wp-json\/wp\/v2\/product"}],"about":[{"href":"https:\/\/evowatt.ch\/de\/wp-json\/wp\/v2\/types\/product"}],"version-history":[{"count":1,"href":"https:\/\/evowatt.ch\/de\/wp-json\/wp\/v2\/product\/20745\/revisions"}],"predecessor-version":[{"id":26129,"href":"https:\/\/evowatt.ch\/de\/wp-json\/wp\/v2\/product\/20745\/revisions\/26129"}],"wp:attachment":[{"href":"https:\/\/evowatt.ch\/de\/wp-json\/wp\/v2\/media?parent=20745"}],"wp:term":[{"taxonomy":"product_brand","embeddable":true,"href":"https:\/\/evowatt.ch\/de\/wp-json\/wp\/v2\/product_brand?post=20745"},{"taxonomy":"product_cat","embeddable":true,"href":"https:\/\/evowatt.ch\/de\/wp-json\/wp\/v2\/product_cat?post=20745"},{"taxonomy":"product_tag","embeddable":true,"href":"https:\/\/evowatt.ch\/de\/wp-json\/wp\/v2\/product_tag?post=20745"}],"curies":[{"name":"wp","href":"https:\/\/api.w.org\/{rel}","templated":true}]}}