{"id":20724,"date":"2023-11-14T21:05:22","date_gmt":"2023-11-14T20:05:22","guid":{"rendered":"https:\/\/evowatt.ch\/produit\/kaco-blueplanet-20-0-nx3-m2\/"},"modified":"2024-08-11T21:55:54","modified_gmt":"2024-08-11T19:55:54","slug":"kaco-blueplanet-20-0-nx3-m2","status":"publish","type":"product","link":"https:\/\/evowatt.ch\/de\/produkt\/kaco-blueplanet-20-0-nx3-m2\/","title":{"rendered":"Kaco blueplanet 20.0 NX3 M2"},"content":{"rendered":"<div class=\"container\">\n<div class=\"row\">\n<div class=\"productDescription col-12 col-lg-8 frame-space-before-small frame-space-after-small\">  Kaco blueplanet NX3 M2 Die Solar-Photovoltaik-Wechselrichter der neuen blueplanet NX3 M2-Familie meistern jedes Systemdesign. Dies gelingt ihnen dank ihrer 2 MPP-Tracker, dem extrem gro\u00dfen Betriebsbereich und der sehr niedrigen Anlaufspannung.  <\/p>\n<h3>Integrieren Sie jedes Photovoltaiksystem in das Netz<\/h3>\n<p>  Die beiden MPP-Tracker akzeptieren die Nennleistung des Wechselrichters, so dass Ost-West-D\u00e4cher und andere verwinkelte Architekturen zu Ihrem Repertoire geh\u00f6ren. Au\u00dferdem k\u00f6nnen die Tracker parallel geschaltet werden und den doppelten Strom verarbeiten; auf diese Weise k\u00f6nnen Sie auch schnell Photovoltaikanlagen mit Hochleistungs-Photovoltaikmodulen und reiner S\u00fcdausrichtung einrichten. Und lassen Sie sich nicht von kleinen Modulfl\u00e4chen aufhalten: Die Wechselrichter verwandeln selbst kleinste Energiestr\u00f6me in Solarertrag.  <\/p>\n<h3>Erleichtern Sie das Repowering<\/h3>\n<p>  Neue Photovoltaikanlagen sind nicht die einzigen, die von diesen Qualit\u00e4ten profitieren: Die erste Generation von Photovoltaikgeneratoren verl\u00e4sst derzeit ihre Finanzierungsphase, insbesondere in Deutschland. Nach 20 Jahren lohnt sich ein entschlossenes Repowering. Dies geschieht komfortabel mit den blueplanet NX3 M2 Wechselrichtern &#8211; und sie eignen sich nat\u00fcrlich perfekt als Ersatz f\u00fcr die klassischen Powadors von KACO new energy.  <\/p>\n<h3>Bereit f\u00fcr eine Mahnung<\/h3>\n<p>  Um diese erfolgreiche Leistung zu vervollst\u00e4ndigen, verf\u00fcgt der blueplanet NX3 M2 \u00fcber eine RS485-Schnittstelle. Ein intelligenter Z\u00e4hler kann angeschlossen werden, um auf die Nachfrage nach Null-Einspeisung oder dynamischer Leistungssteuerung zu reagieren.  <\/p><\/div>\n<\/div>\n<\/div>\n<div class=\"container frame-space-before-small frame-space-after-small\">\n<div class=\"row\">\n<div class=\"productBenefits col-12 col-lg-8\">\n<h3>Ihre <b>Vorteile<\/b> auf einen Blick<\/h3>\n<ul class=\"default-list\">\n<li>2 MPP-Tracker f\u00fcr unterschiedliche Systemdesigns<\/li>\n<li>Niedrige Startspannung<\/li>\n<li>Funktionelles und robustes Design f\u00fcr einfache und flexible Installationsmethoden<\/li>\n<li>Benutzerfreundliche Anwendungen zur Wi-Fi-Einrichtung und -\u00dcberwachung (inkl. WiFi-Schl\u00fcssel)<\/li>\n<li>SPD DC Typ II, SPD AC Typ III<\/li>\n<li>Integrierter DC-Schalter<\/li>\n<li>Verpolungsschutz DC<\/li>\n<li>Sunclix-Anschl\u00fcsse<\/li>\n<li><a href=\"https:\/\/kaco-newenergy.com\/news-and-events\/notice-detail\/kaco-new-energy-named-top-brand-pv\/\" target=\"_blank\" rel=\"noopener\">KACO neue Energie als beste Photovoltaikmarke ausgezeichnet  <\/a><a href=\"https:\/\/kaco-newenergy.com\/news-and-events\/notice-detail\/kaco-new-energy-named-top-brand-pv\/\" target=\"_blank\" rel=\"noopener\">&gt;&gt;<\/a><\/li>\n<\/ul>\n<p>  Besuchen Sie unseren YouTube-Kanal f\u00fcr das Installationsvideo von blueplanet 3.0 &#8211; 20.0 NX3 M2 und die Aufzeichnung des Webinars &#8220;Commissioning blueplanet NX-Series Residential&#8221;.  <a href=\"https:\/\/www.youtube.com\/user\/Kaconewenergy\" target=\"_blank\" rel=\"noopener\">https:\/\/www.youtube.com\/user\/Kaconewenergy<\/a><\/p>\n<p>&nbsp;<\/p>\n<p>&nbsp;<\/p>\n<\/div>\n<\/div>\n<\/div>\n","protected":false},"excerpt":{"rendered":"<ul>\n<li>2 MPP-Tracker<\/li>\n<li>Gro\u00dfer MPP-Bereich 150 V &#8211; 1.000 V<\/li>\n<li>10 Jahre Standardgarantie f\u00fcr blueplanet 3.0 &#8211; 10.0 NX3 M2<\/li>\n<li>Benutzerfreundliche Anwendungen f\u00fcr die Wi-Fi-Einrichtung und -\u00dcberwachung<\/li>\n<li>Integrierter DC-Schalter<\/li>\n<li>Verpolungsschutz DC<\/li>\n<\/ul>\n<p><a href=\"https:\/\/evowatt.ch\/wp-content\/uploads\/2023\/08\/Datasheet_CH_BP_3.0-20.0_NX3_02_fr.pdf\">Datasheet_CH_BP_3.0-20.0_NX3_02_fr<\/a><a href=\"https:\/\/evowatt.ch\/wp-content\/uploads\/2023\/08\/Guide_instal_BA_BP_3.0_20.0_NX3_01_qg.pdf\">Guide_instal_BA_BP_3.0_20.0_NX3_01_qg<\/a><\/p>\n<p>&nbsp;<\/p>\n","protected":false},"featured_media":0,"template":"","meta":{"_acf_changed":false},"product_brand":[473],"product_cat":[329,330,328],"product_tag":[],"class_list":{"0":"post-20724","1":"product","2":"type-product","3":"status-publish","5":"product_brand-kaco-de-2","6":"product_cat-3-phasig-de","7":"product_cat-string-wechselrichter","8":"product_cat-wechselrichter","10":"first","11":"instock","12":"taxable","13":"shipping-taxable","14":"product-type-simple"},"acf":[],"_links":{"self":[{"href":"https:\/\/evowatt.ch\/de\/wp-json\/wp\/v2\/product\/20724","targetHints":{"allow":["GET"]}}],"collection":[{"href":"https:\/\/evowatt.ch\/de\/wp-json\/wp\/v2\/product"}],"about":[{"href":"https:\/\/evowatt.ch\/de\/wp-json\/wp\/v2\/types\/product"}],"version-history":[{"count":1,"href":"https:\/\/evowatt.ch\/de\/wp-json\/wp\/v2\/product\/20724\/revisions"}],"predecessor-version":[{"id":25553,"href":"https:\/\/evowatt.ch\/de\/wp-json\/wp\/v2\/product\/20724\/revisions\/25553"}],"wp:attachment":[{"href":"https:\/\/evowatt.ch\/de\/wp-json\/wp\/v2\/media?parent=20724"}],"wp:term":[{"taxonomy":"product_brand","embeddable":true,"href":"https:\/\/evowatt.ch\/de\/wp-json\/wp\/v2\/product_brand?post=20724"},{"taxonomy":"product_cat","embeddable":true,"href":"https:\/\/evowatt.ch\/de\/wp-json\/wp\/v2\/product_cat?post=20724"},{"taxonomy":"product_tag","embeddable":true,"href":"https:\/\/evowatt.ch\/de\/wp-json\/wp\/v2\/product_tag?post=20724"}],"curies":[{"name":"wp","href":"https:\/\/api.w.org\/{rel}","templated":true}]}}