{"id":20723,"date":"2023-11-13T21:23:32","date_gmt":"2023-11-13T20:23:32","guid":{"rendered":"https:\/\/evowatt.ch\/produit\/k2-singlerail-36-light-schwarz-4-80-m-2004413\/"},"modified":"2023-11-13T21:23:32","modified_gmt":"2023-11-13T20:23:32","slug":"k2-singlerail-36-light-schwarz-4-80-m-2004413","status":"publish","type":"product","link":"https:\/\/evowatt.ch\/de\/produkt\/k2-singlerail-36-light-schwarz-4-80-m-2004413\/","title":{"rendered":"K2 SingleRail 36 light; Schwarz 4.80 m\/2004413"},"content":{"rendered":"<div id=\"description-tab-content\" class=\"h4 product-detail-description-title\">Informationen zum Produkt<\/div>\n<div class=\"product-detail-description-text\">K2-Montageschiene mit seitlichem Anschluss L\u00e4nge 4,80 m. F\u00fcr verschiedene Arten von D\u00e4chern vorgesehen. Material: Aluminium EN AW-6063 T66<\/div>\n<div><\/div>\n<div class=\"product-detail-properties\">\n<div class=\"row product-detail-properties-container\">\n<div class=\"col-12\">\n<table class=\"table\" style=\"height: 262px\" width=\"711\">\n<tbody>\n<tr class=\"properties-row\">\n<th class=\"properties-label\">ANWENDUNGSBEREICH:<\/th>\n<td class=\"properties-value\">Schr\u00e4gdach, Dachterrasse<\/td>\n<\/tr>\n<tr class=\"properties-row\">\n<th class=\"properties-label\">H\u00d6HE [MM]:<\/th>\n<td class=\"properties-value\">36<\/td>\n<\/tr>\n<tr class=\"properties-row\">\n<th class=\"properties-label\">BREITE [MM]:<\/th>\n<td class=\"properties-value\">39<\/td>\n<\/tr>\n<tr class=\"properties-row\">\n<th class=\"properties-label\">L\u00c4NGE [M]:<\/th>\n<td class=\"properties-value\">4,80<\/td>\n<\/tr>\n<tr class=\"properties-row\">\n<th class=\"properties-label\">OBERFL\u00c4CHE:<\/th>\n<td class=\"properties-value\">Aluminium roh-Schwarz<\/td>\n<\/tr>\n<tr class=\"properties-row\">\n<th class=\"properties-label\">MONTAGESYSTEME:<\/th>\n<td class=\"properties-value\">K2 MultiAngle System, K2 SingleRail System<\/td>\n<\/tr>\n<tr class=\"properties-row\">\n<th class=\"properties-label\">ART DER KOMPONENTE:<\/th>\n<td class=\"properties-value\">Montageschiene<\/td>\n<\/tr>\n<tr class=\"properties-row\">\n<th class=\"properties-label\">MATERIAL:<\/th>\n<td class=\"properties-value\">Aluminium<\/td>\n<\/tr>\n<\/tbody>\n<\/table>\n<\/div>\n<\/div>\n<\/div>\n","protected":false},"excerpt":{"rendered":"<ul>\n<li>H\u00f6he 36 mm<\/li>\n<li>Breite 39 mm<\/li>\n<li>Produktl\u00e4nge 4800 mm<\/li>\n<li>Gewicht 3,20 kg<\/li>\n<\/ul>\n<p><a href=\"https:\/\/evowatt.ch\/wp-content\/uploads\/2023\/11\/datasheet_de.pdf\">datasheet_de<\/a><\/p>\n","protected":false},"featured_media":0,"template":"","meta":{"_acf_changed":false},"product_brand":[],"product_cat":[371,372],"product_tag":[],"class_list":{"0":"post-20723","1":"product","2":"type-product","3":"status-publish","5":"product_cat-k2-systems-de","6":"product_cat-montageschienen","8":"first","9":"instock","10":"taxable","11":"shipping-taxable","12":"product-type-simple"},"acf":[],"_links":{"self":[{"href":"https:\/\/evowatt.ch\/de\/wp-json\/wp\/v2\/product\/20723","targetHints":{"allow":["GET"]}}],"collection":[{"href":"https:\/\/evowatt.ch\/de\/wp-json\/wp\/v2\/product"}],"about":[{"href":"https:\/\/evowatt.ch\/de\/wp-json\/wp\/v2\/types\/product"}],"version-history":[{"count":0,"href":"https:\/\/evowatt.ch\/de\/wp-json\/wp\/v2\/product\/20723\/revisions"}],"wp:attachment":[{"href":"https:\/\/evowatt.ch\/de\/wp-json\/wp\/v2\/media?parent=20723"}],"wp:term":[{"taxonomy":"product_brand","embeddable":true,"href":"https:\/\/evowatt.ch\/de\/wp-json\/wp\/v2\/product_brand?post=20723"},{"taxonomy":"product_cat","embeddable":true,"href":"https:\/\/evowatt.ch\/de\/wp-json\/wp\/v2\/product_cat?post=20723"},{"taxonomy":"product_tag","embeddable":true,"href":"https:\/\/evowatt.ch\/de\/wp-json\/wp\/v2\/product_tag?post=20723"}],"curies":[{"name":"wp","href":"https:\/\/api.w.org\/{rel}","templated":true}]}}