{"id":20717,"date":"2023-11-16T21:03:02","date_gmt":"2023-11-16T20:03:02","guid":{"rendered":"https:\/\/evowatt.ch\/produit\/luxor-eco-line-glas-folie-topcon-425wp-fullblack\/"},"modified":"2024-08-11T21:55:59","modified_gmt":"2024-08-11T19:55:59","slug":"luxor-eco-line-glas-folie-topcon-425wp-fullblack","status":"publish","type":"product","link":"https:\/\/evowatt.ch\/de\/produkt\/luxor-eco-line-glas-folie-topcon-425wp-fullblack\/","title":{"rendered":"Luxor ECO LINE Glas\/Glas TOPCon 430Wp, Fullblack"},"content":{"rendered":"<p>PREMIUM-SOLARPANEL- HERSTELLER SEIT 2007 Mehr als ein Jahrzehnt Erfahrung in der Entwicklung und Produktion von Solarmodulen. In 85 L\u00e4ndern aktiv. Produktionskapazit\u00e4t von 6,8 GW. Einzigartige Palette an Solarmodulen. Das richtige Modul f\u00fcr jede Anwendung. Sehr niedrige Beschwerdequote &lt; 0,003 %. Internationale und weltweite Verbreitung. Luxor ECO LINE Glas\/Folie TOPCon 425Wp, Fullblack Max. Systemspannung 1500 V Temperaturkoeffizient -0.30 %\/\u00b0C Statischer Druck max. 5400 Pa Max. dynamischer Druck 2400 Pa<\/p>\n","protected":false},"excerpt":{"rendered":"<ul>\n<li>Laminierter Glas-Folien-Verbund<\/li>\n<li>Zellen Monofazial<\/li>\n<li>Modulwirkungsgrad 22.1 % (STC)<\/li>\n<li>H\u00f6he 1722 mm<\/li>\n<li>Breite 1134 mm<\/li>\n<li>Rahmenh\u00f6he 30 mm<\/li>\n<li>Gewicht 21,50 kg<\/li>\n<li>Rahmenfarbe: schwarz<\/li>\n<li>Farbe des schwarzen Films<\/li>\n<li>Leistung (STC) 425 Wp<\/li>\n<li>Mono N-Type Zelltechnologie<\/li>\n<li>MC4-Stecker (kompatibel<\/li>\n<\/ul>\n<p><a href=\"https:\/\/evowatt.ch\/wp-content\/uploads\/2023\/11\/Fiche_technique_N-Type_BB_M108_410-430W_182_DE.pdf\">Fiche_technique_N-Type_BB_M108_410-430W_182_DE<\/a><a href=\"https:\/\/www.luxor.solar\/de\/downloads.html\">https:\/\/www.luxor.solar\/de\/downloads.html<\/a><\/p>\n<p>&nbsp;<\/p>\n","protected":false},"featured_media":20155,"template":"","meta":{"_acf_changed":false},"product_brand":[],"product_cat":[15],"product_tag":[],"class_list":{"0":"post-20717","1":"product","2":"type-product","3":"status-publish","4":"has-post-thumbnail","6":"product_cat-chauffage-et-climatisation","9":"first","10":"instock","11":"taxable","12":"shipping-taxable","13":"product-type-simple"},"acf":[],"_links":{"self":[{"href":"https:\/\/evowatt.ch\/de\/wp-json\/wp\/v2\/product\/20717","targetHints":{"allow":["GET"]}}],"collection":[{"href":"https:\/\/evowatt.ch\/de\/wp-json\/wp\/v2\/product"}],"about":[{"href":"https:\/\/evowatt.ch\/de\/wp-json\/wp\/v2\/types\/product"}],"version-history":[{"count":1,"href":"https:\/\/evowatt.ch\/de\/wp-json\/wp\/v2\/product\/20717\/revisions"}],"predecessor-version":[{"id":25555,"href":"https:\/\/evowatt.ch\/de\/wp-json\/wp\/v2\/product\/20717\/revisions\/25555"}],"wp:featuredmedia":[{"embeddable":true,"href":"https:\/\/evowatt.ch\/de\/wp-json\/wp\/v2\/media\/20155"}],"wp:attachment":[{"href":"https:\/\/evowatt.ch\/de\/wp-json\/wp\/v2\/media?parent=20717"}],"wp:term":[{"taxonomy":"product_brand","embeddable":true,"href":"https:\/\/evowatt.ch\/de\/wp-json\/wp\/v2\/product_brand?post=20717"},{"taxonomy":"product_cat","embeddable":true,"href":"https:\/\/evowatt.ch\/de\/wp-json\/wp\/v2\/product_cat?post=20717"},{"taxonomy":"product_tag","embeddable":true,"href":"https:\/\/evowatt.ch\/de\/wp-json\/wp\/v2\/product_tag?post=20717"}],"curies":[{"name":"wp","href":"https:\/\/api.w.org\/{rel}","templated":true}]}}