{"id":20705,"date":"2023-12-09T12:42:10","date_gmt":"2023-12-09T11:42:10","guid":{"rendered":"https:\/\/evowatt.ch\/produit\/huawei-luna2000-5-s0-5-kwh\/"},"modified":"2024-09-14T11:29:26","modified_gmt":"2024-09-14T09:29:26","slug":"huawei-luna2000-5-s0-5-kwh","status":"publish","type":"product","link":"https:\/\/evowatt.ch\/de\/produkt\/huawei-luna2000-5-s0-5-kwh\/","title":{"rendered":"Huawei LUNA2000-5-S0 (5 kWh)"},"content":{"rendered":"<p><strong>Huawei LUNA2000-5-S0<\/strong> 5kWh Batteriespeichersystem mit Steuereinheit und Standfu\u00df &#8211; f\u00fcr Photovoltaiksysteme. Die LUNA2000-Batterie eignet sich f\u00fcr netzgebundene und netzunabh\u00e4ngige Photovoltaiksysteme. Er kann elektrische Energie speichern und bei Bedarf abgeben. Es besteht aus einem Leistungssteuerungsmodul und Akkumulator-Erweiterungsmodulen. Das Leistungssteuerungsmodul hat eine Leistung von 5 kW. Die Standardkapazit\u00e4t der Batterieerweiterungsmodule betr\u00e4gt 5 kWh. Sowohl die Leistung als auch die Kapazit\u00e4t des Akkus k\u00f6nnen erweitert werden. Zwei Leistungssteuerungsmodule k\u00f6nnen parallel geschaltet werden. Jedes Leistungssteuerungsmodul unterst\u00fctzt bis zu drei Akkumulator-Erweiterungsmodule. &nbsp;<strong>Technische Daten:<\/strong> Typ : LUNA2000 &#8211; 5 kWh Batteriemodul: LUNA2000-5-E0 Anzahl der Batteriemodule: 1 Abmessungen (B x H x L): 670 x 600 x 150 mm Gewicht: 63,80 kg Schutzgrad: IP65 Technologie: Lithium-Eisen-Phosphat-Batterie Speichertyp: Hochspannung  &nbsp;<\/p>\n<p>&nbsp;<\/p>\n","protected":false},"excerpt":{"rendered":"<ul>\n<li>100% Entlastungstiefe<\/li>\n<li>Optimierung des Ladevorgangs am Batteriemodul<\/li>\n<li>Modulares Design (5kWh)<\/li>\n<li>Erweiterbar auf bis zu 30 kWh<\/li>\n<li>Sichere und zuverl\u00e4ssige Hochspannungs-Lithium-Eisenphosphat-Zelle<\/li>\n<li>Mehrstufiges Sicherheitskonzept<\/li>\n<li>Einfache Installation des Leistungsmoduls (12 kg)<\/li>\n<li>Einfache Installation des Batteriemoduls (50 kg)<\/li>\n<li>Erkennung \u00fcber APP f\u00fcr eine schnelle Inbetriebnahme<\/li>\n<li>Kann mit einphasigen und dreiphasigen Huawei-Wechselrichtern kombiniert werden<\/li>\n<li>10 Jahre Garantie<\/li>\n<\/ul>\n<p>&nbsp;<\/p>\n<p>&nbsp;<\/p>\n<p>&nbsp;<\/p>\n","protected":false},"featured_media":0,"template":"","meta":{"_acf_changed":false},"product_brand":[],"product_cat":[15],"product_tag":[],"class_list":{"0":"post-20705","1":"product","2":"type-product","3":"status-publish","5":"product_cat-chauffage-et-climatisation","7":"first","8":"instock","9":"downloadable","10":"taxable","11":"shipping-taxable","12":"product-type-simple"},"acf":[],"_links":{"self":[{"href":"https:\/\/evowatt.ch\/de\/wp-json\/wp\/v2\/product\/20705","targetHints":{"allow":["GET"]}}],"collection":[{"href":"https:\/\/evowatt.ch\/de\/wp-json\/wp\/v2\/product"}],"about":[{"href":"https:\/\/evowatt.ch\/de\/wp-json\/wp\/v2\/types\/product"}],"version-history":[{"count":2,"href":"https:\/\/evowatt.ch\/de\/wp-json\/wp\/v2\/product\/20705\/revisions"}],"predecessor-version":[{"id":25949,"href":"https:\/\/evowatt.ch\/de\/wp-json\/wp\/v2\/product\/20705\/revisions\/25949"}],"wp:attachment":[{"href":"https:\/\/evowatt.ch\/de\/wp-json\/wp\/v2\/media?parent=20705"}],"wp:term":[{"taxonomy":"product_brand","embeddable":true,"href":"https:\/\/evowatt.ch\/de\/wp-json\/wp\/v2\/product_brand?post=20705"},{"taxonomy":"product_cat","embeddable":true,"href":"https:\/\/evowatt.ch\/de\/wp-json\/wp\/v2\/product_cat?post=20705"},{"taxonomy":"product_tag","embeddable":true,"href":"https:\/\/evowatt.ch\/de\/wp-json\/wp\/v2\/product_tag?post=20705"}],"curies":[{"name":"wp","href":"https:\/\/api.w.org\/{rel}","templated":true}]}}