{"id":20698,"date":"2023-11-17T12:51:10","date_gmt":"2023-11-17T11:51:10","guid":{"rendered":"https:\/\/evowatt.ch\/produit\/singlerail-36-5-95m-2004260\/"},"modified":"2025-01-01T21:04:13","modified_gmt":"2025-01-01T20:04:13","slug":"singlerail-36-5-95m-2004260","status":"publish","type":"product","link":"https:\/\/evowatt.ch\/de\/produkt\/singlerail-36-5-95m-2004260\/","title":{"rendered":"SingleRail 36-5.95m\/2004260"},"content":{"rendered":"<div id=\"description-tab-content\" class=\"h4 product-detail-description-title\">Informationen zum Produkt<\/div>\n<div class=\"product-detail-description-text\">K2-Montageschiene mit seitlichem Anschluss L\u00e4nge 5,95 m. F\u00fcr verschiedene Arten von D\u00e4chern vorgesehen.<\/div>\n<div class=\"product-detail-description-text\">Material: Aluminium EN AW-6063 T66<\/div>\n<div><\/div>\n<div class=\"product-detail-properties\">\n<div class=\"row product-detail-properties-container\">\n<div class=\"col-12\">\n<table class=\"table\">\n<tbody>\n<tr class=\"properties-row\">\n<th class=\"properties-label\">BEREICH F\u00dcR DIE VERWENDUNG:<\/th>\n<td class=\"properties-value\">Schr\u00e4gdach, Dachterrasse<\/td>\n<\/tr>\n<tr class=\"properties-row\">\n<th class=\"properties-label\">H\u00d6HE [MM]:<\/th>\n<td class=\"properties-value\">36<\/td>\n<\/tr>\n<tr class=\"properties-row\">\n<th class=\"properties-label\">BREITE [MM]:<\/th>\n<td class=\"properties-value\">39.4<\/td>\n<\/tr>\n<tr class=\"properties-row\">\n<th class=\"properties-label\">L\u00c4NGE [M]:<\/th>\n<td class=\"properties-value\">5,95<\/td>\n<\/tr>\n<tr class=\"properties-row\">\n<th class=\"properties-label\">OBERFL\u00c4CHE:<\/th>\n<td class=\"properties-value\">Aluminium roh<\/td>\n<\/tr>\n<tr class=\"properties-row\">\n<th class=\"properties-label\">SYSTEME F\u00dcR DIE MONTAGE:<\/th>\n<td class=\"properties-value\">K2 MultiAngle System, K2 SingleRail System, K2 TiltUp Vento System, K2 Universal KL-Clamp System.<\/td>\n<\/tr>\n<tr class=\"properties-row\">\n<th class=\"properties-label\">ART DER KOMPONENTE:<\/th>\n<td class=\"properties-value\">Montageschiene<\/td>\n<\/tr>\n<tr class=\"properties-row\">\n<th class=\"properties-label\">MATERIAL:<\/th>\n<td class=\"properties-value\">Aluminium EN AW 6063-T66<\/td>\n<\/tr>\n<tr class=\"properties-row\">\n<th class=\"properties-label\">SALES UNIT:<\/th>\n<td class=\"properties-value\">20 St\u00fcck<\/td>\n<\/tr>\n<tr class=\"properties-row\">\n<th class=\"properties-label\">INFORMATIONEN AUF DER VERPACKUNG:<\/th>\n<td class=\"properties-value\">\n<div>100 \/ Halskette<\/div>\n<\/td>\n<\/tr>\n<tr class=\"properties-row\">\n<th class=\"properties-label\">GEWICHT :<\/th>\n<td class=\"properties-value\">4.58 Kg<\/td>\n<\/tr>\n<\/tbody>\n<\/table>\n<\/div>\n<\/div>\n<\/div>\n","protected":false},"excerpt":{"rendered":"<ul>\n<li>H\u00f6he 36 mm<\/li>\n<li>Breite 39 mm<\/li>\n<li>Produktl\u00e4nge 5950 mm<\/li>\n<li>Gewicht 4.58 kg<\/li>\n<\/ul>\n<p>&nbsp;<\/p>\n<div class=\"table-row\"><a href=\"https:\/\/evowatt.ch\/wp-content\/uploads\/2023\/11\/datenblatt_k2-systems_2002293-1.pdf\">datenblatt_k2-systems_2002293<\/a><\/div>\n<div class=\"table-row\">\n<div class=\"table-cell data\"><\/div>\n<\/div>\n","protected":false},"featured_media":20157,"template":"","meta":{"_acf_changed":false},"product_brand":[],"product_cat":[15],"product_tag":[],"class_list":{"0":"post-20698","1":"product","2":"type-product","3":"status-publish","4":"has-post-thumbnail","6":"product_cat-chauffage-et-climatisation","9":"first","10":"instock","11":"taxable","12":"shipping-taxable","13":"product-type-simple"},"acf":[],"_links":{"self":[{"href":"https:\/\/evowatt.ch\/de\/wp-json\/wp\/v2\/product\/20698","targetHints":{"allow":["GET"]}}],"collection":[{"href":"https:\/\/evowatt.ch\/de\/wp-json\/wp\/v2\/product"}],"about":[{"href":"https:\/\/evowatt.ch\/de\/wp-json\/wp\/v2\/types\/product"}],"version-history":[{"count":1,"href":"https:\/\/evowatt.ch\/de\/wp-json\/wp\/v2\/product\/20698\/revisions"}],"predecessor-version":[{"id":26110,"href":"https:\/\/evowatt.ch\/de\/wp-json\/wp\/v2\/product\/20698\/revisions\/26110"}],"wp:featuredmedia":[{"embeddable":true,"href":"https:\/\/evowatt.ch\/de\/wp-json\/wp\/v2\/media\/20157"}],"wp:attachment":[{"href":"https:\/\/evowatt.ch\/de\/wp-json\/wp\/v2\/media?parent=20698"}],"wp:term":[{"taxonomy":"product_brand","embeddable":true,"href":"https:\/\/evowatt.ch\/de\/wp-json\/wp\/v2\/product_brand?post=20698"},{"taxonomy":"product_cat","embeddable":true,"href":"https:\/\/evowatt.ch\/de\/wp-json\/wp\/v2\/product_cat?post=20698"},{"taxonomy":"product_tag","embeddable":true,"href":"https:\/\/evowatt.ch\/de\/wp-json\/wp\/v2\/product_tag?post=20698"}],"curies":[{"name":"wp","href":"https:\/\/api.w.org\/{rel}","templated":true}]}}