{"id":20671,"date":"2023-11-17T22:24:25","date_gmt":"2023-11-17T21:24:25","guid":{"rendered":"https:\/\/evowatt.ch\/produit\/goodwe-lynx-home-f-pcu-hv\/"},"modified":"2024-01-16T17:12:15","modified_gmt":"2024-01-16T16:12:15","slug":"goodwe-lynx-home-f-pcu-hv","status":"publish","type":"product","link":"https:\/\/evowatt.ch\/de\/produkt\/goodwe-lynx-home-f-pcu-hv\/","title":{"rendered":"GoodWe Lynx Home F PCU HV"},"content":{"rendered":"<p>Goodwe LYNX HV F-H PCU V2 Batterie-Kontrolleinheit&#8221;.<\/p>\n<p>Die Hochspannungsbatterie Lynx Home F-Serie von GoodWe ist eine perfekte Erg\u00e4nzung und ein Highlight der &#8220;All-in-One&#8221;-Energiespeicherl\u00f6sungen von GoodWe, die eine Fernsteuerung des gesamten Energiespeichersystems mit einer einzigen Anwendung erm\u00f6glicht. Sie bietet ein breites Spektrum an Kapazit\u00e4ten von<\/p>\n<p><strong>6,6 kWh bis 16,4 kWh.  <\/strong><\/p>\n<p>Sie bietet daher umfassende Energiespeicheroptionen, um den anspruchsvollen Anforderungen von Projekten gerecht zu werden, von der Optimierung des Eigenverbrauchs bis hin zur Nutzung als Backup. Die stapelbaren und selbsterkennenden Module machen das System besonders einfach zu installieren und zu warten. Die zuverl\u00e4ssige Technologie der Lithium-Eisenphosphat (LFP)-Batteriezellen sorgt f\u00fcr maximale Sicherheit und eine l\u00e4ngere Lebensdauer. Mit der Lynx Home F-Serie k\u00f6nnen Sie sich darauf vorbereiten, der robuste Energiespeicher Ihres Lebens zu werden.<\/p>\n","protected":false},"excerpt":{"rendered":"<ul>\n<li>Zuverl\u00e4ssige LFP-Batteriezelle mit hoher Zyklenfestigkeit<\/li>\n<li>IP55 f\u00fcr eine sichere Installation im Innen- und Au\u00dfenbereich<\/li>\n<li>Geeignet f\u00fcr einphasige und dreiphasige Wechselrichter<\/li>\n<li>Kompatibel mit den Wechselrichtern GoodWe BH\/EH\/BT\/ET<\/li>\n<li>Nennspannung erweiterbar auf 512 V<\/li>\n<\/ul>\n<p><a href=\"https:\/\/evowatt.ch\/wp-content\/uploads\/2023\/11\/Fiche_technique_lynxhome-fr.pdf\">Technisches_Datenblatt_lynxhome-de<\/a><\/p>\n","protected":false},"featured_media":0,"template":"","meta":{"_acf_changed":false},"product_brand":[479],"product_cat":[358,362],"product_tag":[],"class_list":{"0":"post-20671","1":"product","2":"type-product","3":"status-publish","5":"product_brand-goodwe-de-2","6":"product_cat-batterien","7":"product_cat-goodwe-schlagzeug","9":"first","10":"instock","11":"taxable","12":"shipping-taxable","13":"product-type-simple"},"acf":[],"_links":{"self":[{"href":"https:\/\/evowatt.ch\/de\/wp-json\/wp\/v2\/product\/20671","targetHints":{"allow":["GET"]}}],"collection":[{"href":"https:\/\/evowatt.ch\/de\/wp-json\/wp\/v2\/product"}],"about":[{"href":"https:\/\/evowatt.ch\/de\/wp-json\/wp\/v2\/types\/product"}],"version-history":[{"count":0,"href":"https:\/\/evowatt.ch\/de\/wp-json\/wp\/v2\/product\/20671\/revisions"}],"wp:attachment":[{"href":"https:\/\/evowatt.ch\/de\/wp-json\/wp\/v2\/media?parent=20671"}],"wp:term":[{"taxonomy":"product_brand","embeddable":true,"href":"https:\/\/evowatt.ch\/de\/wp-json\/wp\/v2\/product_brand?post=20671"},{"taxonomy":"product_cat","embeddable":true,"href":"https:\/\/evowatt.ch\/de\/wp-json\/wp\/v2\/product_cat?post=20671"},{"taxonomy":"product_tag","embeddable":true,"href":"https:\/\/evowatt.ch\/de\/wp-json\/wp\/v2\/product_tag?post=20671"}],"curies":[{"name":"wp","href":"https:\/\/api.w.org\/{rel}","templated":true}]}}