{"id":20669,"date":"2023-12-09T11:56:31","date_gmt":"2023-12-09T10:56:31","guid":{"rendered":"https:\/\/evowatt.ch\/produit\/huawei-luna2000-5-e0-5-kwh-battery-module\/"},"modified":"2024-09-14T11:29:46","modified_gmt":"2024-09-14T09:29:46","slug":"huawei-luna2000-5-e0-5-kwh-battery-module","status":"publish","type":"product","link":"https:\/\/evowatt.ch\/de\/produkt\/huawei-luna2000-5-e0-5-kwh-battery-module\/","title":{"rendered":"Huawei LUNA2000-5-E0 (5 KWH) BATTERY MODULE"},"content":{"rendered":"<h2>Eigenschaften des Huawei LUNA2000 5 kW<\/h2>\n<p>  Das LUNA2000 5 kW Batteriesystem ist mit einem fortschrittlichen Batteriemanagementsystem (BMS) ausgestattet, das Schutz vor \u00dcberladung, Tiefentladung und Kurzschl\u00fcssen bietet. Au\u00dferdem verf\u00fcgt das System \u00fcber einen eingebauten Schutzmechanismus, um einen m\u00f6glichen Batteriebrand zu verhindern und zu l\u00f6schen. Die Huawei LUNA2000 5 kW-Batterie kann mit bis zu zwei zus\u00e4tzlichen Batteriemodulen erweitert werden, sodass Sie einen Speicher von bis zu 15 kWh erstellen k\u00f6nnen. Es ist auch m\u00f6glich, zwei Hausbatterien zu kombinieren (Kaskadenkonfiguration). Diese Haushaltsbatterie kann verwendet werden, um die Energie aus Ihren Sonnenkollektoren zu speichern, damit Sie sie nutzen k\u00f6nnen, wenn die Produktion der Sonnenkollektoren nicht ausreicht, um Ihren Energiebedarf zu decken. Es ist auch m\u00f6glich, zu bestimmten Zeiten Strom aus dem Stromnetz zu speichern, um immer eine Energiereserve zur Verf\u00fcgung zu haben.<\/p>\n","protected":false},"excerpt":{"rendered":"<ul>\n<li>Nutzbare Energie: 5 kWh<\/li>\n<li>Nominale Entladungsleistung: 2.5 kW<\/li>\n<li>Maximale Entladungsleistung: 3,5 kW, 10 s<\/li>\n<li>Nennspannung (WR\/L1 einphasig): 360 V<\/li>\n<li>Betriebsspannungsbereich (WR\/L1 einphasig): 350 &#8211; 560 V<\/li>\n<li>Nennspannung (WR dreiphasig &#8211; M1): 600 V<\/li>\n<li>Betriebsspannungsbereich (WR\/M1 dreiphasig): 600 &#8211; 980 V<\/li>\n<li>Anzeige: Status SOC<\/li>\n<li>10 Jahre Garantie<\/li>\n<\/ul>\n<p>&nbsp;<\/p>\n<p>&nbsp;<\/p>\n","protected":false},"featured_media":25943,"template":"","meta":{"_acf_changed":false},"product_brand":[],"product_cat":[15],"product_tag":[],"class_list":{"0":"post-20669","1":"product","2":"type-product","3":"status-publish","4":"has-post-thumbnail","6":"product_cat-chauffage-et-climatisation","9":"first","10":"instock","11":"taxable","12":"shipping-taxable","13":"product-type-simple"},"acf":[],"_links":{"self":[{"href":"https:\/\/evowatt.ch\/de\/wp-json\/wp\/v2\/product\/20669","targetHints":{"allow":["GET"]}}],"collection":[{"href":"https:\/\/evowatt.ch\/de\/wp-json\/wp\/v2\/product"}],"about":[{"href":"https:\/\/evowatt.ch\/de\/wp-json\/wp\/v2\/types\/product"}],"version-history":[{"count":2,"href":"https:\/\/evowatt.ch\/de\/wp-json\/wp\/v2\/product\/20669\/revisions"}],"predecessor-version":[{"id":25948,"href":"https:\/\/evowatt.ch\/de\/wp-json\/wp\/v2\/product\/20669\/revisions\/25948"}],"wp:featuredmedia":[{"embeddable":true,"href":"https:\/\/evowatt.ch\/de\/wp-json\/wp\/v2\/media\/25943"}],"wp:attachment":[{"href":"https:\/\/evowatt.ch\/de\/wp-json\/wp\/v2\/media?parent=20669"}],"wp:term":[{"taxonomy":"product_brand","embeddable":true,"href":"https:\/\/evowatt.ch\/de\/wp-json\/wp\/v2\/product_brand?post=20669"},{"taxonomy":"product_cat","embeddable":true,"href":"https:\/\/evowatt.ch\/de\/wp-json\/wp\/v2\/product_cat?post=20669"},{"taxonomy":"product_tag","embeddable":true,"href":"https:\/\/evowatt.ch\/de\/wp-json\/wp\/v2\/product_tag?post=20669"}],"curies":[{"name":"wp","href":"https:\/\/api.w.org\/{rel}","templated":true}]}}