{"id":20660,"date":"2023-12-17T20:27:15","date_gmt":"2023-12-17T19:27:15","guid":{"rendered":"https:\/\/evowatt.ch\/produit\/kaco-blueplanet-50-0-nx3-m5\/"},"modified":"2024-08-11T21:56:21","modified_gmt":"2024-08-11T19:56:21","slug":"kaco-blueplanet-50-0-nx3-m5","status":"publish","type":"product","link":"https:\/\/evowatt.ch\/de\/produkt\/kaco-blueplanet-50-0-nx3-m5\/","title":{"rendered":"Kaco blueplanet 50.0 NX3 m5"},"content":{"rendered":"<p>Kaco blueplanet NX3 m5 String-Wechselrichter f\u00fcr PV-Anlagen in Gewerbe und Industrie. Hergestellt in Deutschland KACO new energy entwickelt und produziert den blueplanet 100 NX3 und 125 NX3 in seiner Zentrale in Neckarsulm, Deutschland. Da auch unsere Lieferanten gr\u00f6\u00dftenteils aus Europa stammen, haben die Wechselrichter einen au\u00dfergew\u00f6hnlich geringen CO2-Fu\u00dfabdruck. Aufbauend auf 25 Jahren Erfahrung basiert die Entwicklung unserer Solar-Photovoltaik-Wechselrichter auf umfangreichen Testprogrammen, die \u00fcber die Standards hinausgehen, sowie auf moderner Cybersecurity-Technologie. Ein breites Spektrum an Dienstleistungen rundet das Ganze ab. Max. Leistung empfohlen PV-Generator 75.000 W 90.000 W MPP-Bereich 200 V &#8211; 1000 V 200 V &#8211; 1000 V Nennspannung \/ Startspannung 630 V \/ 250 V 630 V \/ 250 V Max.<br \/>\nLeerlaufspannung 1100 V 1100 V Maximaler Eingangsstrom.<br \/>\n2 x 40 A 3 x 32 A Maximaler Kurzschlussstrom Isc max 2 x 60 A 3 x 48 A Anschluss \u00fcber Tracker 2 2    &nbsp;<\/p>\n","protected":false},"excerpt":{"rendered":"<ul>\n<li>Neue Generation<\/li>\n<li>Anzahl der MPP-Tracker 5 5<\/li>\n<li>f\u00fcr kommerzielle und industrielle Anwendungen<\/li>\n<li>PV-Anwendungen<\/li>\n<li>Hoher Ertrag<\/li>\n<li>Kompatibel mit bifazialen Modulen und<\/li>\n<li>Module mit hohem Wirkungsgrad<\/li>\n<li>H\u00f6herer Wirkungsgrad der Anlage<\/li>\n<li>Vereinfachte Inbetriebnahme und<\/li>\n<li>Updates per Fernwartung<\/li>\n<li>Zahlreiche Erweiterungen<\/li>\n<\/ul>\n<p><a href=\"https:\/\/evowatt.ch\/wp-content\/uploads\/2023\/12\/Dattasheet_TARGET-DTS-bp-5060-NX3-de.pdf\">Dattasheet_TARGET-DTS-bp-50+60 NX3-de<\/a><\/p>\n","protected":false},"featured_media":0,"template":"","meta":{"_acf_changed":false},"product_brand":[473],"product_cat":[329,330,328],"product_tag":[],"class_list":{"0":"post-20660","1":"product","2":"type-product","3":"status-publish","5":"product_brand-kaco-de-2","6":"product_cat-3-phasig-de","7":"product_cat-string-wechselrichter","8":"product_cat-wechselrichter","10":"first","11":"instock","12":"taxable","13":"shipping-taxable","14":"product-type-simple"},"acf":[],"_links":{"self":[{"href":"https:\/\/evowatt.ch\/de\/wp-json\/wp\/v2\/product\/20660","targetHints":{"allow":["GET"]}}],"collection":[{"href":"https:\/\/evowatt.ch\/de\/wp-json\/wp\/v2\/product"}],"about":[{"href":"https:\/\/evowatt.ch\/de\/wp-json\/wp\/v2\/types\/product"}],"version-history":[{"count":2,"href":"https:\/\/evowatt.ch\/de\/wp-json\/wp\/v2\/product\/20660\/revisions"}],"predecessor-version":[{"id":25582,"href":"https:\/\/evowatt.ch\/de\/wp-json\/wp\/v2\/product\/20660\/revisions\/25582"}],"wp:attachment":[{"href":"https:\/\/evowatt.ch\/de\/wp-json\/wp\/v2\/media?parent=20660"}],"wp:term":[{"taxonomy":"product_brand","embeddable":true,"href":"https:\/\/evowatt.ch\/de\/wp-json\/wp\/v2\/product_brand?post=20660"},{"taxonomy":"product_cat","embeddable":true,"href":"https:\/\/evowatt.ch\/de\/wp-json\/wp\/v2\/product_cat?post=20660"},{"taxonomy":"product_tag","embeddable":true,"href":"https:\/\/evowatt.ch\/de\/wp-json\/wp\/v2\/product_tag?post=20660"}],"curies":[{"name":"wp","href":"https:\/\/api.w.org\/{rel}","templated":true}]}}