{"id":20623,"date":"2023-12-17T19:47:31","date_gmt":"2023-12-17T18:47:31","guid":{"rendered":"https:\/\/evowatt.ch\/produit\/kaco-blueplanet-3-7-nx1-m2\/"},"modified":"2024-08-11T21:56:20","modified_gmt":"2024-08-11T19:56:20","slug":"kaco-blueplanet-3-7-nx1-m2","status":"publish","type":"product","link":"https:\/\/evowatt.ch\/de\/produkt\/kaco-blueplanet-3-7-nx1-m2\/","title":{"rendered":"Kaco blueplanet 3.7 NX1 M2"},"content":{"rendered":"<div id=\"idTab1\" class=\"rte idTabContent filesthere\">  Kaco blueplanet NX1 M2 String-Wechselrichter Mit dem blueplanet NX1 M2 stellt KACO new energy seine neue Generation von einphasigen Wechselrichtern vor. Sie zeichnen sich durch eine besonders einfache Gestaltung, Inbetriebnahme und Bedienung aus. Die Bezeichnung M2 steht f\u00fcr die Anzahl der MPP-Tracker, die beide mit jeweils 3 500 Watt belastet werden k\u00f6nnen. Die blueplanet NX1 M2 eignen sich daher f\u00fcr jede Dachgeometrie. Das sehr gro\u00dfe Designfenster von der Startspannung von 100 V &#8211; 80 V ist die niedrigste Betriebsspannung &#8211; bis zur maximalen Gleichspannung von 580 V tr\u00e4gt ebenfalls zu einer einfachen Planung bei. F\u00fcr die Betreiber bedeutet dies den gr\u00f6\u00dftm\u00f6glichen Sonnenertrag zu jeder Tageszeit und zu jeder Jahreszeit.  <\/p>\n<h3>Schwer in der Funktionalit\u00e4t, leicht im Gewicht<\/h3>\n<p>  Mit einem Gewicht von 11 Kilogramm und einer maximalen Ausdehnung von weniger als 38 Zentimetern erleichtert der blueplanet NX1 M2 die gesamte Logistikkette von der Lagerung \u00fcber den Transport bis hin zur Installation. Die Verkabelung erfolgt \u00fcber die vertrauten Sunclix-Stecker &#8211; es sind keine Spezialwerkzeuge erforderlich. Die Einrichtung und Inbetriebnahme erfolgt schnell \u00fcber die intuitive Installationsanwendung. Installateure und Betreiber k\u00f6nnen dann einfach \u00fcber WiFi mit den Wechselrichtern kommunizieren. Die blueplanet NX1 M2 arbeiten im Silent-Modus mit einem minimalen Eigenverbrauch von weniger als einem Watt.  <\/p><\/div>\n<p>&nbsp;<\/p>\n","protected":false},"excerpt":{"rendered":"<ul>\n<li>Einfache Installation, auch im Freien<\/li>\n<li>Schnelle WiFi-Einrichtung mit App<\/li>\n<li>Intelligente \u00dcberwachung mit einer benutzerfreundlichen Anwendung<\/li>\n<li>Leichtes Gewicht von 11 kg<\/li>\n<li>Leiser Betrieb mit fast ger\u00e4uschlosen 25dB-Pegeln<\/li>\n<li>Anzahl der MPP-Tracker 2<\/li>\n<li>Nennspannung \/ Startspannung 360 V \/ 100 V 360 V \/ 100 V<\/li>\n<\/ul>\n<p><a href=\"https:\/\/evowatt.ch\/wp-content\/uploads\/2023\/08\/Datasheet_BP-3-5NX1-de.pdf\">Datasheet_BP-3-5NX1-de<\/a><\/p>\n<p>&nbsp;<\/p>\n","protected":false},"featured_media":0,"template":"","meta":{"_acf_changed":false},"product_brand":[473],"product_cat":[334,330,328],"product_tag":[],"class_list":{"0":"post-20623","1":"product","2":"type-product","3":"status-publish","5":"product_brand-kaco-de-2","6":"product_cat-1-phasig","7":"product_cat-string-wechselrichter","8":"product_cat-wechselrichter","10":"first","11":"instock","12":"taxable","13":"shipping-taxable","14":"product-type-simple"},"acf":[],"_links":{"self":[{"href":"https:\/\/evowatt.ch\/de\/wp-json\/wp\/v2\/product\/20623","targetHints":{"allow":["GET"]}}],"collection":[{"href":"https:\/\/evowatt.ch\/de\/wp-json\/wp\/v2\/product"}],"about":[{"href":"https:\/\/evowatt.ch\/de\/wp-json\/wp\/v2\/types\/product"}],"version-history":[{"count":1,"href":"https:\/\/evowatt.ch\/de\/wp-json\/wp\/v2\/product\/20623\/revisions"}],"predecessor-version":[{"id":25580,"href":"https:\/\/evowatt.ch\/de\/wp-json\/wp\/v2\/product\/20623\/revisions\/25580"}],"wp:attachment":[{"href":"https:\/\/evowatt.ch\/de\/wp-json\/wp\/v2\/media?parent=20623"}],"wp:term":[{"taxonomy":"product_brand","embeddable":true,"href":"https:\/\/evowatt.ch\/de\/wp-json\/wp\/v2\/product_brand?post=20623"},{"taxonomy":"product_cat","embeddable":true,"href":"https:\/\/evowatt.ch\/de\/wp-json\/wp\/v2\/product_cat?post=20623"},{"taxonomy":"product_tag","embeddable":true,"href":"https:\/\/evowatt.ch\/de\/wp-json\/wp\/v2\/product_tag?post=20623"}],"curies":[{"name":"wp","href":"https:\/\/api.w.org\/{rel}","templated":true}]}}