{"id":17377,"date":"2023-11-12T15:54:05","date_gmt":"2023-11-12T14:54:05","guid":{"rendered":"https:\/\/evowatt.ch\/?post_type=product&#038;p=17377"},"modified":"2024-01-13T18:38:10","modified_gmt":"2024-01-13T17:38:10","slug":"rec420-alpha-pure-r-black-module-rec-premium-noir","status":"publish","type":"product","link":"https:\/\/evowatt.ch\/de\/produkt\/rec420-alpha-pure-r-black-module-rec-premium-noir\/","title":{"rendered":"REC 420 Alpha Pure, HJT-mono"},"content":{"rendered":"<p><strong>REC Solar Alpha Pure &amp; Pure-R Premium Modules solaires pour toitures r\u00e9sidentielles et commerciales<\/strong><\/p>\n<p>REC Solar allie qualit\u00e9 de produit, fiabilit\u00e9 et durabilit\u00e9 dans ses produits. Cela fait de REC la marque id\u00e9ale pour votre projet photovolta\u00efque. Les modules solaires de la s\u00e9rie Alpha Pure de REC Solar permettent d&#8217;exploiter pleinement l&#8217;\u00e9nergie solaire. Gr\u00e2ce \u00e0 des technologies de pointe, ils offrent une densit\u00e9 de puissance sup\u00e9rieure, une esth\u00e9tique impressionnante et un impact minimal sur l&#8217;environnement, le tout avec la qualit\u00e9 reconnue de REC Solar.<\/p>\n<p>&nbsp;<\/p>\n<p><strong>Donn\u00e9es techniques<\/strong><\/p>\n<p>Hauteur 1821 mm<br \/>\nLargeur 1016 mm<br \/>\nHauteur du cadre 30 mm<br \/>\nPoids 20,50 kg<br \/>\nCouleur du cadre : noir<br \/>\nCouleur du film noir<br \/>\nPuissance (STC) 405 Wp<br \/>\nTechnologie de cellule Mono h\u00e9t\u00e9rojonction<br \/>\nConnecteur MC4<br \/>\nTension d&#8217;alimentation max. Tension du syst\u00e8me 1000 V<br \/>\nCoefficient de temp\u00e9rature -0.26 %\/\u00b0C<br \/>\nPression statique max. 7000 Pa<br \/>\nCharge dynamique max. 4000 Pa<\/p>\n","protected":false},"excerpt":{"rendered":"<ul>\n<li>Stratifi\u00e9 verre-film<\/li>\n<li>Caract\u00e9ristiques des cellules Monofacial<\/li>\n<li>Rendement du module 21.9 % (STC)<\/li>\n<li>Garantie standard de 20 ans sur le produit et de 25 ans sur la puissance lin\u00e9aire<\/li>\n<li>Modules assembl\u00e9s avec des tol\u00e9rances de 0 \u00e0 +5 Wp<\/li>\n<\/ul>\n<p><a href=\"https:\/\/evowatt.ch\/wp-content\/uploads\/2023\/11\/ds_rec_alpha_pure_series_fr.pdf\">ds_rec_alpha_pure_series_fr<\/a><\/p>\n<p><a href=\"https:\/\/evowatt.ch\/wp-content\/uploads\/2023\/11\/Garatie_fr.pdf\">Garatie_fr<\/a><\/p>\n<p><a href=\"https:\/\/evowatt.ch\/wp-content\/uploads\/2023\/11\/Manue_rec_panels_iec_rev_l.fr_.pdf\">Manue_rec_panels_iec_rev_l.fr_<\/a><\/p>\n","protected":false},"featured_media":0,"template":"","meta":{"_acf_changed":false},"product_brand":[271],"product_cat":[149,272],"product_tag":[],"class_list":{"0":"post-17377","1":"product","2":"type-product","3":"status-publish","5":"product_brand-rec","6":"product_cat-panneaux_solaires","7":"product_cat-rec","9":"first","10":"instock","11":"taxable","12":"shipping-taxable","13":"product-type-simple"},"acf":[],"_links":{"self":[{"href":"https:\/\/evowatt.ch\/de\/wp-json\/wp\/v2\/product\/17377","targetHints":{"allow":["GET"]}}],"collection":[{"href":"https:\/\/evowatt.ch\/de\/wp-json\/wp\/v2\/product"}],"about":[{"href":"https:\/\/evowatt.ch\/de\/wp-json\/wp\/v2\/types\/product"}],"version-history":[{"count":0,"href":"https:\/\/evowatt.ch\/de\/wp-json\/wp\/v2\/product\/17377\/revisions"}],"wp:attachment":[{"href":"https:\/\/evowatt.ch\/de\/wp-json\/wp\/v2\/media?parent=17377"}],"wp:term":[{"taxonomy":"product_brand","embeddable":true,"href":"https:\/\/evowatt.ch\/de\/wp-json\/wp\/v2\/product_brand?post=17377"},{"taxonomy":"product_cat","embeddable":true,"href":"https:\/\/evowatt.ch\/de\/wp-json\/wp\/v2\/product_cat?post=17377"},{"taxonomy":"product_tag","embeddable":true,"href":"https:\/\/evowatt.ch\/de\/wp-json\/wp\/v2\/product_tag?post=17377"}],"curies":[{"name":"wp","href":"https:\/\/api.w.org\/{rel}","templated":true}]}}