{"id":21144,"date":"2023-11-09T13:54:54","date_gmt":"2023-11-09T12:54:54","guid":{"rendered":"https:\/\/evowatt.ch\/rechner\/"},"modified":"2025-07-26T20:15:09","modified_gmt":"2025-07-26T18:15:09","slug":"rechner","status":"publish","type":"page","link":"https:\/\/evowatt.ch\/de\/rechner\/","title":{"rendered":"Rechner"},"content":{"rendered":"\t\t<div data-elementor-type=\"wp-page\" data-elementor-id=\"21144\" class=\"elementor elementor-21144 elementor-17258\" data-elementor-post-type=\"page\">\n\t\t\t\t\t\t<section class=\"elementor-section elementor-top-section elementor-element elementor-element-2eae65b elementor-section-boxed elementor-section-height-default elementor-section-height-default\" data-id=\"2eae65b\" data-element_type=\"section\">\n\t\t\t\t\t\t<div class=\"elementor-container elementor-column-gap-default\">\n\t\t\t\t\t<div class=\"elementor-column elementor-col-100 elementor-top-column elementor-element elementor-element-edd338a\" data-id=\"edd338a\" data-element_type=\"column\">\n\t\t\t<div class=\"elementor-widget-wrap elementor-element-populated\">\n\t\t\t\t\t\t<div class=\"elementor-element elementor-element-5992075 elementor-widget elementor-widget-spacer\" data-id=\"5992075\" data-element_type=\"widget\" data-widget_type=\"spacer.default\">\n\t\t\t\t<div class=\"elementor-widget-container\">\n\t\t\t\t\t\t\t<div class=\"elementor-spacer\">\n\t\t\t<div class=\"elementor-spacer-inner\"><\/div>\n\t\t<\/div>\n\t\t\t\t\t\t<\/div>\n\t\t\t\t<\/div>\n\t\t\t\t<div class=\"elementor-element elementor-element-8244b6d elementor-widget elementor-widget-heading\" data-id=\"8244b6d\" data-element_type=\"widget\" data-widget_type=\"heading.default\">\n\t\t\t\t<div class=\"elementor-widget-container\">\n\t\t\t\t\t<h2 class=\"elementor-heading-title elementor-size-default\">F\u00fcr Ihr Projekt mit Evowatt-Rechner  <\/h2>\t\t\t\t<\/div>\n\t\t\t\t<\/div>\n\t\t\t\t\t<\/div>\n\t\t<\/div>\n\t\t\t\t\t<\/div>\n\t\t<\/section>\n\t\t\t\t<section class=\"elementor-section elementor-top-section elementor-element elementor-element-c27bc96 elementor-section-boxed elementor-section-height-default elementor-section-height-default\" data-id=\"c27bc96\" data-element_type=\"section\">\n\t\t\t\t\t\t<div class=\"elementor-container elementor-column-gap-default\">\n\t\t\t\t\t<div class=\"elementor-column elementor-col-100 elementor-top-column elementor-element elementor-element-eafc823\" data-id=\"eafc823\" data-element_type=\"column\">\n\t\t\t<div class=\"elementor-widget-wrap elementor-element-populated\">\n\t\t\t\t\t\t<div class=\"elementor-element elementor-element-449c97d elementor-widget elementor-widget-heading\" data-id=\"449c97d\" data-element_type=\"widget\" data-widget_type=\"heading.default\">\n\t\t\t\t<div class=\"elementor-widget-container\">\n\t\t\t\t\t<div class=\"elementor-heading-title elementor-size-default\">F\u00fchren Sie mit dem Evowatt-Rechner eine schnelle und einfache Berechnung f\u00fcr Ihr Solarprojekt durch. Der Evowatt-Rechner ist in wenigen Schritten leicht zu bedienen.<\/div>\t\t\t\t<\/div>\n\t\t\t\t<\/div>\n\t\t\t\t<div class=\"elementor-element elementor-element-c0728c7 elementor-widget elementor-widget-image\" data-id=\"c0728c7\" data-element_type=\"widget\" data-widget_type=\"image.default\">\n\t\t\t\t<div class=\"elementor-widget-container\">\n\t\t\t\t\t\t\t\t\t\t\t\t\t\t\t<img fetchpriority=\"high\" decoding=\"async\" width=\"700\" height=\"120\" src=\"https:\/\/evowatt.ch\/wp-content\/uploads\/2023\/11\/logo_desktop.png\" class=\"attachment-1536x1536 size-1536x1536 wp-image-19957\" alt=\"\" \/>\t\t\t\t\t\t\t\t\t\t\t\t\t\t\t<\/div>\n\t\t\t\t<\/div>\n\t\t\t\t\t<\/div>\n\t\t<\/div>\n\t\t\t\t\t<\/div>\n\t\t<\/section>\n\t\t\t\t<section class=\"elementor-section elementor-top-section elementor-element elementor-element-ba94299 elementor-section-boxed elementor-section-height-default elementor-section-height-default\" data-id=\"ba94299\" data-element_type=\"section\">\n\t\t\t\t\t\t<div class=\"elementor-container elementor-column-gap-default\">\n\t\t\t\t\t<div class=\"elementor-column elementor-col-100 elementor-top-column elementor-element elementor-element-ca0f3da\" data-id=\"ca0f3da\" data-element_type=\"column\">\n\t\t\t<div class=\"elementor-widget-wrap elementor-element-populated\">\n\t\t\t\t\t\t<div class=\"elementor-element elementor-element-62383c2 elementor-widget-divider--view-line elementor-widget elementor-widget-divider\" data-id=\"62383c2\" data-element_type=\"widget\" data-widget_type=\"divider.default\">\n\t\t\t\t<div class=\"elementor-widget-container\">\n\t\t\t\t\t\t\t<div class=\"elementor-divider\">\n\t\t\t<span class=\"elementor-divider-separator\">\n\t\t\t\t\t\t<\/span>\n\t\t<\/div>\n\t\t\t\t\t\t<\/div>\n\t\t\t\t<\/div>\n\t\t\t\t<div class=\"elementor-element elementor-element-85d4385 elementor-widget elementor-widget-heading\" data-id=\"85d4385\" data-element_type=\"widget\" data-widget_type=\"heading.default\">\n\t\t\t\t<div class=\"elementor-widget-container\">\n\t\t\t\t\t<h2 class=\"elementor-heading-title elementor-size-default\">Berechnungstools<\/h2>\t\t\t\t<\/div>\n\t\t\t\t<\/div>\n\t\t\t\t\t<\/div>\n\t\t<\/div>\n\t\t\t\t\t<\/div>\n\t\t<\/section>\n\t\t\t\t<section class=\"elementor-section elementor-top-section elementor-element elementor-element-588b82c elementor-hidden-desktop elementor-hidden-tablet elementor-hidden-mobile elementor-section-boxed elementor-section-height-default elementor-section-height-default\" data-id=\"588b82c\" data-element_type=\"section\">\n\t\t\t\t\t\t<div class=\"elementor-container elementor-column-gap-default\">\n\t\t\t\t\t<div class=\"elementor-column elementor-col-33 elementor-top-column elementor-element elementor-element-cf3fe6f\" data-id=\"cf3fe6f\" data-element_type=\"column\">\n\t\t\t<div class=\"elementor-widget-wrap elementor-element-populated\">\n\t\t\t\t\t\t<div class=\"elementor-element elementor-element-e0ab3eb elementor-widget__width-initial elementor-widget elementor-widget-image\" data-id=\"e0ab3eb\" data-element_type=\"widget\" data-widget_type=\"image.default\">\n\t\t\t\t<div class=\"elementor-widget-container\">\n\t\t\t\t\t\t\t\t\t\t\t\t\t\t\t\t<a href=\"https:\/\/calculator.eu.esdec.com\/login\" target=\"_blank\" rel=\"noopener\">\n\t\t\t\t\t\t\t<img decoding=\"async\" width=\"646\" height=\"207\" src=\"https:\/\/evowatt.ch\/wp-content\/uploads\/2023\/11\/thumbnail_image-1.png\" class=\"attachment-large size-large wp-image-17262\" alt=\"\" \/>\t\t\t\t\t\t\t\t<\/a>\n\t\t\t\t\t\t\t\t\t\t\t\t\t\t\t<\/div>\n\t\t\t\t<\/div>\n\t\t\t\t<div class=\"elementor-element elementor-element-9abec50 elementor-widget elementor-widget-heading\" data-id=\"9abec50\" data-element_type=\"widget\" data-widget_type=\"heading.default\">\n\t\t\t\t<div class=\"elementor-widget-container\">\n\t\t\t\t\t<h2 class=\"elementor-heading-title elementor-size-default\"><br>Esdec-Rechner<\/h2>\t\t\t\t<\/div>\n\t\t\t\t<\/div>\n\t\t\t\t<div class=\"elementor-element elementor-element-6fc0498 elementor-widget elementor-widget-heading\" data-id=\"6fc0498\" data-element_type=\"widget\" data-widget_type=\"heading.default\">\n\t\t\t\t<div class=\"elementor-widget-container\">\n\t\t\t\t\t<div class=\"elementor-heading-title elementor-size-default\">F\u00fchren Sie mit dem Esdec-Rechner eine schnelle und einfache Berechnung f\u00fcr Ihr Solarprojekt durch.\n<br>  Der Esdec-Rechner ist in nur wenigen Schritten einfach zu bedienen:\n\n<ul>\n<li>W\u00e4hlen Sie Ihre Region<\/li>\n<li>W\u00e4hlen Sie Ihre Dachart<\/li>\n<li>W\u00e4hlen Sie Ihre Art von Solarmodulen und die gew\u00fcnschten Befestigungssysteme aus.<\/li><\/ul>\nErhalten Sie sofort eine Nomenklatur und einen ma\u00dfgeschneiderten Bauplan.Titel hier<\/div>\t\t\t\t<\/div>\n\t\t\t\t<\/div>\n\t\t\t\t\t<\/div>\n\t\t<\/div>\n\t\t\t\t<div class=\"elementor-column elementor-col-33 elementor-top-column elementor-element elementor-element-7253f13\" data-id=\"7253f13\" data-element_type=\"column\">\n\t\t\t<div class=\"elementor-widget-wrap elementor-element-populated\">\n\t\t\t\t\t\t<div class=\"elementor-element elementor-element-b3dae3d elementor-widget elementor-widget-image\" data-id=\"b3dae3d\" data-element_type=\"widget\" data-widget_type=\"image.default\">\n\t\t\t\t<div class=\"elementor-widget-container\">\n\t\t\t\t\t\t\t\t\t\t\t\t\t\t\t\t<a href=\"https:\/\/catalogue.k2-systems.com\/fr\/\" target=\"_blank\" rel=\"noopener\">\n\t\t\t\t\t\t\t<img decoding=\"async\" width=\"373\" height=\"148\" src=\"https:\/\/evowatt.ch\/wp-content\/uploads\/2023\/11\/thumbnail_image-2.png\" class=\"attachment-large size-large wp-image-20199\" alt=\"\" \/>\t\t\t\t\t\t\t\t<\/a>\n\t\t\t\t\t\t\t\t\t\t\t\t\t\t\t<\/div>\n\t\t\t\t<\/div>\n\t\t\t\t<div class=\"elementor-element elementor-element-5fbc073 elementor-widget elementor-widget-heading\" data-id=\"5fbc073\" data-element_type=\"widget\" data-widget_type=\"heading.default\">\n\t\t\t\t<div class=\"elementor-widget-container\">\n\t\t\t\t\t<h2 class=\"elementor-heading-title elementor-size-default\">K2 Basis<\/h2>\t\t\t\t<\/div>\n\t\t\t\t<\/div>\n\t\t\t\t<div class=\"elementor-element elementor-element-fc5af22 elementor-widget elementor-widget-heading\" data-id=\"fc5af22\" data-element_type=\"widget\" data-widget_type=\"heading.default\">\n\t\t\t\t<div class=\"elementor-widget-container\">\n\t\t\t\t\t<p class=\"elementor-heading-title elementor-size-default\">Schnelle und einfache Planung von K2-Montagesystemen f\u00fcr flache und schr\u00e4ge D\u00e4cher in f\u00fcnf Schritten.  <br><br>Das kostenlose Planungstool K2 Base verf\u00fcgt \u00fcber ein Dashboard f\u00fcr ein effektives Projektmanagement.<br><br>Die Integration von Google Maps und die grafischen Zeichenwerkzeuge helfen Ihnen bei der Planung.\n\nDie Ergebnisse umfassen eine projektspezifische Strukturberechnung, einschlie\u00dflich einer Liste von Artikeln f\u00fcr das Montagesystem.  <br><br>lle Daten k\u00f6nnen mit K2+ schnell und einfach an die Planungstools von SolarEdge, SMA, Fronius, Kostal, GoodWe und archelios\u2122 Pro \u00fcbertragen werden - das spart Ihnen wertvolle Zeit.<\/p>\t\t\t\t<\/div>\n\t\t\t\t<\/div>\n\t\t\t\t\t<\/div>\n\t\t<\/div>\n\t\t\t\t<div class=\"elementor-column elementor-col-33 elementor-top-column elementor-element elementor-element-09626ac\" data-id=\"09626ac\" data-element_type=\"column\">\n\t\t\t<div class=\"elementor-widget-wrap elementor-element-populated\">\n\t\t\t\t\t\t<div class=\"elementor-element elementor-element-394b43c elementor-widget elementor-widget-image\" data-id=\"394b43c\" data-element_type=\"widget\" data-widget_type=\"image.default\">\n\t\t\t\t<div class=\"elementor-widget-container\">\n\t\t\t\t\t\t\t\t\t\t\t\t\t\t\t\t<a href=\"https:\/\/www.solaredge.com\/nl\/producten\/software\/designer#\/\" target=\"_blank\" rel=\"noopener\">\n\t\t\t\t\t\t\t<img loading=\"lazy\" decoding=\"async\" width=\"400\" height=\"91\" src=\"https:\/\/evowatt.ch\/wp-content\/uploads\/2023\/11\/download.png\" class=\"attachment-large size-large wp-image-20201\" alt=\"\" \/>\t\t\t\t\t\t\t\t<\/a>\n\t\t\t\t\t\t\t\t\t\t\t\t\t\t\t<\/div>\n\t\t\t\t<\/div>\n\t\t\t\t<div class=\"elementor-element elementor-element-16836c4 elementor-widget elementor-widget-heading\" data-id=\"16836c4\" data-element_type=\"widget\" data-widget_type=\"heading.default\">\n\t\t\t\t<div class=\"elementor-widget-container\">\n\t\t\t\t\t<h2 class=\"elementor-heading-title elementor-size-default\">Designer von SolarEdge<\/h2>\t\t\t\t<\/div>\n\t\t\t\t<\/div>\n\t\t\t\t<div class=\"elementor-element elementor-element-c10ab1d elementor-widget elementor-widget-heading\" data-id=\"c10ab1d\" data-element_type=\"widget\" data-widget_type=\"heading.default\">\n\t\t\t\t<div class=\"elementor-widget-container\">\n\t\t\t\t\t<div class=\"elementor-heading-title elementor-size-default\">Der SolarEdge Designer ist ein kostenloses Tool zur Erstellung eines PV-Designs.  \n<br><br>Mithilfe der 3D-Simulation k\u00f6nnen Sie ganz einfach einen Plan der Photovoltaikanlage zeichnen und Ihren Kunden zeigen, was auf ihrem Dach passieren wird. Die Gestaltung der Anlage ist einfach.<br>  \n\nDie Zeichnung einer Saite zum Beispiel wird mit wenigen Mausklicks automatisch erstellt.\nDer Designer ber\u00fccksichtigt Schatten und schlie\u00dft eine Sonnenkarte ein.  <br>\nDieses Tool kann online abgerufen werden und ist somit von \u00fcberall aus zug\u00e4nglich. Es ist auch praktisch, wenn Sie z. B. abends oder am Wochenende unterwegs sind.\n\n<ul>\n<li>\nDer Designer von SolarEdge ist einfach zu bedienen  <\/li>\n<li>\nSchlie\u00dfen Sie mehr Gesch\u00e4fte ab mit einer 3D-Simulation der Anlage  <\/li>\n<li>\nDas System optimieren.<\/li>\n<\/ul><\/div>\t\t\t\t<\/div>\n\t\t\t\t<\/div>\n\t\t\t\t\t<\/div>\n\t\t<\/div>\n\t\t\t\t\t<\/div>\n\t\t<\/section>\n\t\t\t\t<section class=\"elementor-section elementor-top-section elementor-element elementor-element-3d63241 elementor-section-boxed elementor-section-height-default elementor-section-height-default\" data-id=\"3d63241\" data-element_type=\"section\">\n\t\t\t\t\t\t<div class=\"elementor-container elementor-column-gap-default\">\n\t\t\t\t\t<div class=\"elementor-column elementor-col-50 elementor-top-column elementor-element elementor-element-452ebec\" data-id=\"452ebec\" data-element_type=\"column\">\n\t\t\t<div class=\"elementor-widget-wrap elementor-element-populated\">\n\t\t\t\t\t\t<div class=\"elementor-element elementor-element-63d3f23 elementor-widget__width-initial elementor-widget elementor-widget-image\" data-id=\"63d3f23\" data-element_type=\"widget\" data-widget_type=\"image.default\">\n\t\t\t\t<div class=\"elementor-widget-container\">\n\t\t\t\t\t\t\t\t\t\t\t\t\t\t\t\t<a href=\"https:\/\/k2-systems.com\/fr\/services-numeriques\/k2-base\/\" target=\"_blank\" rel=\"noopener\">\n\t\t\t\t\t\t\t<img loading=\"lazy\" decoding=\"async\" width=\"120\" height=\"78\" src=\"https:\/\/evowatt.ch\/wp-content\/uploads\/2024\/09\/K2_Systems_GmbH.png\" class=\"attachment-large size-large wp-image-25892\" alt=\"\" \/>\t\t\t\t\t\t\t\t<\/a>\n\t\t\t\t\t\t\t\t\t\t\t\t\t\t\t<\/div>\n\t\t\t\t<\/div>\n\t\t\t\t<div class=\"elementor-element elementor-element-c27ee1c elementor-widget elementor-widget-heading\" data-id=\"c27ee1c\" data-element_type=\"widget\" data-widget_type=\"heading.default\">\n\t\t\t\t<div class=\"elementor-widget-container\">\n\t\t\t\t\t<h2 class=\"elementor-heading-title elementor-size-default\"><br>K2-Rechner<\/h2>\t\t\t\t<\/div>\n\t\t\t\t<\/div>\n\t\t\t\t<div class=\"elementor-element elementor-element-75b533a elementor-widget elementor-widget-heading\" data-id=\"75b533a\" data-element_type=\"widget\" data-widget_type=\"heading.default\">\n\t\t\t\t<div class=\"elementor-widget-container\">\n\t\t\t\t\t<div class=\"elementor-heading-title elementor-size-default\">F\u00fchren Sie mit dem Esdec-Rechner eine schnelle und einfache Berechnung f\u00fcr Ihr Solarprojekt durch.\n<br>  Der Esdec-Rechner ist in nur wenigen Schritten einfach zu bedienen:\n\n<ul>\n<li>W\u00e4hlen Sie Ihre Region<\/li>\n<li>W\u00e4hlen Sie Ihre Dachart<\/li>\n<li>W\u00e4hlen Sie Ihre Art von Solarmodulen und die gew\u00fcnschten Befestigungssysteme aus.<\/li><\/ul>\nErhalten Sie sofort eine Nomenklatur und einen ma\u00dfgeschneiderten Bauplan.Titel hier<\/div>\t\t\t\t<\/div>\n\t\t\t\t<\/div>\n\t\t\t\t\t<\/div>\n\t\t<\/div>\n\t\t\t\t<div class=\"elementor-column elementor-col-50 elementor-top-column elementor-element elementor-element-102d914\" data-id=\"102d914\" data-element_type=\"column\">\n\t\t\t<div class=\"elementor-widget-wrap elementor-element-populated\">\n\t\t\t\t\t\t<div class=\"elementor-element elementor-element-e63b71a elementor-widget elementor-widget-image\" data-id=\"e63b71a\" data-element_type=\"widget\" data-widget_type=\"image.default\">\n\t\t\t\t<div class=\"elementor-widget-container\">\n\t\t\t\t\t\t\t\t\t\t\t\t\t\t\t\t<a href=\"https:\/\/www.solaredge.com\/nl\/producten\/software\/designer#\/\" target=\"_blank\" rel=\"noopener\">\n\t\t\t\t\t\t\t<img loading=\"lazy\" decoding=\"async\" width=\"400\" height=\"91\" src=\"https:\/\/evowatt.ch\/wp-content\/uploads\/2023\/11\/download.png\" class=\"attachment-large size-large wp-image-20201\" alt=\"\" \/>\t\t\t\t\t\t\t\t<\/a>\n\t\t\t\t\t\t\t\t\t\t\t\t\t\t\t<\/div>\n\t\t\t\t<\/div>\n\t\t\t\t<div class=\"elementor-element elementor-element-52e2274 elementor-widget elementor-widget-heading\" data-id=\"52e2274\" data-element_type=\"widget\" data-widget_type=\"heading.default\">\n\t\t\t\t<div class=\"elementor-widget-container\">\n\t\t\t\t\t<h2 class=\"elementor-heading-title elementor-size-default\">Designer von SolarEdge<\/h2>\t\t\t\t<\/div>\n\t\t\t\t<\/div>\n\t\t\t\t<div class=\"elementor-element elementor-element-797d579 elementor-widget elementor-widget-heading\" data-id=\"797d579\" data-element_type=\"widget\" data-widget_type=\"heading.default\">\n\t\t\t\t<div class=\"elementor-widget-container\">\n\t\t\t\t\t<div class=\"elementor-heading-title elementor-size-default\">Der SolarEdge Designer ist ein kostenloses Tool zur Erstellung eines PV-Designs.  \n<br><br>Mithilfe der 3D-Simulation k\u00f6nnen Sie ganz einfach einen Plan der Photovoltaikanlage zeichnen und Ihren Kunden zeigen, was auf ihrem Dach passieren wird. Die Gestaltung der Anlage ist einfach.<br>  \n\nDie Zeichnung einer Saite zum Beispiel wird mit wenigen Mausklicks automatisch erstellt.\nDer Designer ber\u00fccksichtigt Schatten und schlie\u00dft eine Sonnenkarte ein.  <br>\nDieses Tool kann online abgerufen werden und ist somit von \u00fcberall aus zug\u00e4nglich. Es ist auch praktisch, wenn Sie z. B. abends oder am Wochenende unterwegs sind.\n\n<ul>\n<li>\nDer Designer von SolarEdge ist einfach zu bedienen  <\/li>\n<li>\nSchlie\u00dfen Sie mehr Gesch\u00e4fte ab mit einer 3D-Simulation der Anlage  <\/li>\n<li>\nDas System optimieren.<\/li>\n<\/ul><\/div>\t\t\t\t<\/div>\n\t\t\t\t<\/div>\n\t\t\t\t\t<\/div>\n\t\t<\/div>\n\t\t\t\t\t<\/div>\n\t\t<\/section>\n\t\t\t\t<section class=\"elementor-section elementor-top-section elementor-element elementor-element-ab7c425 elementor-section-boxed elementor-section-height-default elementor-section-height-default\" data-id=\"ab7c425\" data-element_type=\"section\">\n\t\t\t\t\t\t<div class=\"elementor-container elementor-column-gap-default\">\n\t\t\t\t\t<div class=\"elementor-column elementor-col-100 elementor-top-column elementor-element elementor-element-d607575\" data-id=\"d607575\" data-element_type=\"column\">\n\t\t\t<div class=\"elementor-widget-wrap elementor-element-populated\">\n\t\t\t\t\t\t<div class=\"elementor-element elementor-element-7f235c5 elementor-widget elementor-widget-spacer\" data-id=\"7f235c5\" data-element_type=\"widget\" data-widget_type=\"spacer.default\">\n\t\t\t\t<div class=\"elementor-widget-container\">\n\t\t\t\t\t\t\t<div class=\"elementor-spacer\">\n\t\t\t<div class=\"elementor-spacer-inner\"><\/div>\n\t\t<\/div>\n\t\t\t\t\t\t<\/div>\n\t\t\t\t<\/div>\n\t\t\t\t\t<\/div>\n\t\t<\/div>\n\t\t\t\t\t<\/div>\n\t\t<\/section>\n\t\t\t\t<section class=\"elementor-section elementor-top-section elementor-element elementor-element-4eb8e2d elementor-section-boxed elementor-section-height-default elementor-section-height-default\" data-id=\"4eb8e2d\" data-element_type=\"section\">\n\t\t\t\t\t\t<div class=\"elementor-container elementor-column-gap-default\">\n\t\t\t\t\t<div class=\"elementor-column elementor-col-50 elementor-top-column elementor-element elementor-element-585abff\" data-id=\"585abff\" data-element_type=\"column\">\n\t\t\t<div class=\"elementor-widget-wrap elementor-element-populated\">\n\t\t\t\t\t\t<div class=\"elementor-element elementor-element-571ffda elementor-widget elementor-widget-image\" data-id=\"571ffda\" data-element_type=\"widget\" data-widget_type=\"image.default\">\n\t\t\t\t<div class=\"elementor-widget-container\">\n\t\t\t\t\t\t\t\t\t\t\t\t\t\t\t\t<a href=\"https:\/\/eu.smartdesign.huawei.com:31943\/login\/login.action\" target=\"_blank\" rel=\"noopener\">\n\t\t\t\t\t\t\t<img loading=\"lazy\" decoding=\"async\" width=\"1024\" height=\"342\" src=\"https:\/\/evowatt.ch\/wp-content\/uploads\/2023\/11\/download-1-1024x342.png\" class=\"attachment-large size-large wp-image-20203\" alt=\"\" \/>\t\t\t\t\t\t\t\t<\/a>\n\t\t\t\t\t\t\t\t\t\t\t\t\t\t\t<\/div>\n\t\t\t\t<\/div>\n\t\t\t\t<div class=\"elementor-element elementor-element-96afc53 elementor-widget elementor-widget-heading\" data-id=\"96afc53\" data-element_type=\"widget\" data-widget_type=\"heading.default\">\n\t\t\t\t<div class=\"elementor-widget-container\">\n\t\t\t\t\t<h2 class=\"elementor-heading-title elementor-size-default\">Huawei SmartDesign<\/h2>\t\t\t\t<\/div>\n\t\t\t\t<\/div>\n\t\t\t\t<div class=\"elementor-element elementor-element-d86c823 elementor-widget elementor-widget-heading\" data-id=\"d86c823\" data-element_type=\"widget\" data-widget_type=\"heading.default\">\n\t\t\t\t<div class=\"elementor-widget-container\">\n\t\t\t\t\t<div class=\"elementor-heading-title elementor-size-default\">Der Huawei SmartDesign-Konfigurator ist das ideale Werkzeug f\u00fcr die Verwendung von Huawei-Produkten. Es erm\u00f6glicht Ihnen, Systeme zu entwerfen und zu dimensionieren, sogar mit der Kombination von Batterien. Online-Registrierung, um alle Projekte zu speichern Um den Konfigurator zu nutzen, ist eine Registrierung erforderlich. Der Vorteil liegt darin, dass auf diese Weise alle Projekte online bleiben, so dass sie bei Bedarf \u00fcberarbeitet werden k\u00f6nnen. Aber das ist noch nicht alles: Es wird auch m\u00f6glich sein, sowohl den Installationsort als auch das Modul anzupassen, eine sehr n\u00fctzliche Funktion, wenn Sie Module verwenden, die gerade erst auf den Markt gekommen sind.<\/div>\t\t\t\t<\/div>\n\t\t\t\t<\/div>\n\t\t\t\t\t<\/div>\n\t\t<\/div>\n\t\t\t\t<div class=\"elementor-column elementor-col-50 elementor-top-column elementor-element elementor-element-e7b79f8\" data-id=\"e7b79f8\" data-element_type=\"column\">\n\t\t\t<div class=\"elementor-widget-wrap elementor-element-populated\">\n\t\t\t\t\t\t<div class=\"elementor-element elementor-element-6191b43 elementor-widget elementor-widget-image\" data-id=\"6191b43\" data-element_type=\"widget\" data-widget_type=\"image.default\">\n\t\t\t\t<div class=\"elementor-widget-container\">\n\t\t\t\t\t\t\t\t\t\t\t\t\t\t\t\t<a href=\"https:\/\/enstallidprdb2c.b2clogin.com\/enstallidprdb2c.onmicrosoft.com\/b2c_1a_seamlessmigration_signuporsignin\/oauth2\/v2.0\/authorize?client_id=1bafd7ed-fb6b-44bf-983a-c4447e50766e&#038;scope=https%3A%2F%2FenstallidPRDB2C.onmicrosoft.com%2F68928c1f-aa86-4d34-be4f-b8d22a9b551b%2FData.Read%20openid%20profile%20offline_access&#038;redirect_uri=https%3A%2F%2Fmy.enstall.com%2F&#038;client-request-id=01983df7-31ac-7544-93ec-2ab767f84747&#038;response_mode=fragment&#038;response_type=code&#038;x-client-SKU=msal.js.browser&#038;x-client-VER=3.28.1&#038;client_info=1&#038;code_challenge=vnSUtMI_1G7OqyGM5anoQ7rLdvDK11tnPz-NAZXty-I&#038;code_challenge_method=S256&#038;nonce=01983df7-31ad-75b0-9949-90d9807fdb15&#038;state=eyJpZCI6IjAxOTgzZGY3LTMxYWMtN2MxZS1iNDc5LWFjZTFjMTY1ZjAyNiIsIm1ldGEiOnsiaW50ZXJhY3Rpb25UeXBlIjoicmVkaXJlY3QifX0%3D\" target=\"_blank\" rel=\"noopener\">\n\t\t\t\t\t\t\t<img loading=\"lazy\" decoding=\"async\" width=\"279\" height=\"89\" src=\"https:\/\/evowatt.ch\/wp-content\/uploads\/2025\/07\/Enstall-Logo_1.png\" class=\"attachment-large size-large wp-image-28640\" alt=\"\" \/>\t\t\t\t\t\t\t\t<\/a>\n\t\t\t\t\t\t\t\t\t\t\t\t\t\t\t<\/div>\n\t\t\t\t<\/div>\n\t\t\t\t<div class=\"elementor-element elementor-element-b433c66 elementor-widget elementor-widget-heading\" data-id=\"b433c66\" data-element_type=\"widget\" data-widget_type=\"heading.default\">\n\t\t\t\t<div class=\"elementor-widget-container\">\n\t\t\t\t\t<h2 class=\"elementor-heading-title elementor-size-default\"> ESDEC Unsere L\u00f6sungen f\u00fcr jeden Dachtyp<\/h2>\t\t\t\t<\/div>\n\t\t\t\t<\/div>\n\t\t\t\t<div class=\"elementor-element elementor-element-ee3b4e7 elementor-widget elementor-widget-heading\" data-id=\"ee3b4e7\" data-element_type=\"widget\" data-widget_type=\"heading.default\">\n\t\t\t\t<div class=\"elementor-widget-container\">\n\t\t\t\t\t<div class=\"elementor-heading-title elementor-size-default\">Enstall ist einer der f\u00fchrenden Anbieter von Solardachsystemen in den Vereinigten Staaten und Europa. Unsere innovativen und zuverl\u00e4ssigen Montagesysteme wurden von Installateuren f\u00fcr Installateure entwickelt und eignen sich f\u00fcr alle Arten von Projekten. Als gr\u00f6\u00dfter Anbieter von Montagesystemen bieten wir hochwertige, patentierte Produkte sowie erstklassigen Support und Schulungen. Unsere L\u00f6sungen beschleunigen das Wachstum der Solarenergie, indem sie die Installation schneller, sicherer und einfacher machen.<\/div>\t\t\t\t<\/div>\n\t\t\t\t<\/div>\n\t\t\t\t\t<\/div>\n\t\t<\/div>\n\t\t\t\t\t<\/div>\n\t\t<\/section>\n\t\t\t\t<\/div>\n\t\t","protected":false},"excerpt":{"rendered":"<p>F\u00fcr Ihr Projekt mit Evowatt-Rechner F\u00fchren Sie mit dem Evowatt-Rechner eine schnelle und einfache Berechnung f\u00fcr Ihr Solarprojekt durch. Der Evowatt-Rechner ist in wenigen Schritten leicht zu bedienen. Berechnungstools Esdec-Rechner F\u00fchren Sie mit dem Esdec-Rechner eine schnelle und einfache Berechnung f\u00fcr Ihr Solarprojekt durch. Der Esdec-Rechner ist in nur wenigen Schritten einfach zu bedienen: W\u00e4hlen [&hellip;]<\/p>\n","protected":false},"author":1,"featured_media":0,"parent":0,"menu_order":0,"comment_status":"closed","ping_status":"closed","template":"","meta":{"_acf_changed":false,"footnotes":""},"class_list":["post-21144","page","type-page","status-publish","hentry"],"acf":[],"_links":{"self":[{"href":"https:\/\/evowatt.ch\/de\/wp-json\/wp\/v2\/pages\/21144","targetHints":{"allow":["GET"]}}],"collection":[{"href":"https:\/\/evowatt.ch\/de\/wp-json\/wp\/v2\/pages"}],"about":[{"href":"https:\/\/evowatt.ch\/de\/wp-json\/wp\/v2\/types\/page"}],"author":[{"embeddable":true,"href":"https:\/\/evowatt.ch\/de\/wp-json\/wp\/v2\/users\/1"}],"replies":[{"embeddable":true,"href":"https:\/\/evowatt.ch\/de\/wp-json\/wp\/v2\/comments?post=21144"}],"version-history":[{"count":10,"href":"https:\/\/evowatt.ch\/de\/wp-json\/wp\/v2\/pages\/21144\/revisions"}],"predecessor-version":[{"id":28654,"href":"https:\/\/evowatt.ch\/de\/wp-json\/wp\/v2\/pages\/21144\/revisions\/28654"}],"wp:attachment":[{"href":"https:\/\/evowatt.ch\/de\/wp-json\/wp\/v2\/media?parent=21144"}],"curies":[{"name":"wp","href":"https:\/\/api.w.org\/{rel}","templated":true}]}}